{"id":15822,"date":"2019-10-18T16:34:51","date_gmt":"2019-10-18T09:34:51","guid":{"rendered":"https:\/\/huongque.com.vn\/product\/dcq-48\/"},"modified":"2022-07-26T23:06:14","modified_gmt":"2022-07-26T16:06:14","slug":"edcq-48","status":"publish","type":"product","link":"https:\/\/huongque.com.vn\/en\/edcq-48\/","title":{"rendered":"EDCQ-48"},"content":{"rendered":"<p><strong>\u00a0<\/strong><b>Huong Que mat slippers<\/b> are beautiful handcrafted product. Raw materials are completely natural, environmentally friendly (cinnamon powder, mat fiber, jute, etc\u2026). Made 100% in Vietnam, suitable to wear at home, in the office and during travelling.<\/p>\n<p><img fetchpriority=\"high\" decoding=\"async\" class=\"aligncenter wp-image-13231 size-large\" src=\"https:\/\/huongque.com.vn\/wp-content\/uploads\/2019\/10\/dep-chieu-que-dcq-48-12-1024x683.jpg\" alt=\"dep chieu que dcq 48 12\" width=\"640\" height=\"427\" srcset=\"https:\/\/huongque.com.vn\/wp-content\/uploads\/2019\/10\/dep-chieu-que-dcq-48-12-1024x683.jpg 1024w, https:\/\/huongque.com.vn\/wp-content\/uploads\/2019\/10\/dep-chieu-que-dcq-48-12-450x300.jpg 450w, https:\/\/huongque.com.vn\/wp-content\/uploads\/2019\/10\/dep-chieu-que-dcq-48-12-768x512.jpg 768w, https:\/\/huongque.com.vn\/wp-content\/uploads\/2019\/10\/dep-chieu-que-dcq-48-12.jpg 1500w\" sizes=\"(max-width: 640px) 100vw, 640px\" \/><\/p>\n<p><b>Straps<\/b> is made of silk, cotton or other fabric and decorated with beads, or pretty bows on floral print material of spring season, make the woman feet look more beautiful. Men\u2019s slippers with tight straps will bring a healthy and elegant look.<\/p>\n<p><img decoding=\"async\" class=\"aligncenter wp-image-13828 size-full\" src=\"https:\/\/huongque.com.vn\/wp-content\/uploads\/2019\/10\/dep-chieu-que-48-1-1.jpg\" alt=\"dep chieu que 48 1\" width=\"550\" height=\"367\" srcset=\"https:\/\/huongque.com.vn\/wp-content\/uploads\/2019\/10\/dep-chieu-que-48-1-1.jpg 550w, https:\/\/huongque.com.vn\/wp-content\/uploads\/2019\/10\/dep-chieu-que-48-1-1-450x300.jpg 450w\" sizes=\"(max-width: 550px) 100vw, 550px\" \/><\/p>\n<p>The rubber sole and the mat surface are soft, naturally in direct contact with the skin of the feet. These materials help Huong Que slippers to be very light, but they are not broken so quickly. In contrast, Huong Que slippers are very durable and comfortable to walk.<\/p>\n<p><img decoding=\"async\" class=\"aligncenter wp-image-13229 size-large\" src=\"https:\/\/huongque.com.vn\/wp-content\/uploads\/2019\/10\/dep-chieu-que-dcq-48-11-1024x683.jpg\" alt=\"dep chieu que dcq 48 11\" width=\"640\" height=\"427\" srcset=\"https:\/\/huongque.com.vn\/wp-content\/uploads\/2019\/10\/dep-chieu-que-dcq-48-11-1024x683.jpg 1024w, https:\/\/huongque.com.vn\/wp-content\/uploads\/2019\/10\/dep-chieu-que-dcq-48-11-450x300.jpg 450w, https:\/\/huongque.com.vn\/wp-content\/uploads\/2019\/10\/dep-chieu-que-dcq-48-11-768x512.jpg 768w, https:\/\/huongque.com.vn\/wp-content\/uploads\/2019\/10\/dep-chieu-que-dcq-48-11.jpg 1500w\" sizes=\"(max-width: 640px) 100vw, 640px\" \/><\/p>\n<p>&nbsp;<\/p>\n<p>Especially in Huong Que slippers, it is a layer of pure cinnamon powder located just below the mat, radiating warmth, a light fragrance that helps stimulate acupuncture points in the soles of the feet, giving the feet a fragrant, cool and dry appearance. No foot odor \u2013 no worries when wearing slippers.<\/p>\n<p><b>Mat Slippers<\/b> with all sizes from 35-45 for customers. Huong Que is very interested in producing many types of beautiful slippers, especially durable and trendy.<\/p>\n<p>Please refer to the product Que insoles at <strong><a class=\"sf_innerlink\" href=\"https:\/\/huongque.com.vn\/en\/product-category\/huong-que-slippers\/huong-que-mat-slippers\/\">Huong Que Mat Slippers.<\/a><\/strong><\/p>\n","protected":false},"excerpt":{"rendered":"<p>\u00a0Huong Que mat slippers are beautiful handcrafted product. Raw materials are completely natural, environmentally friendly (cinnamon powder, mat fiber, jute, etc\u2026). Made 100% in Vietnam, suitable to wear at home, in the office and during travelling. Straps is made of [&hellip;]<\/p>\n","protected":false},"featured_media":13228,"comment_status":"open","ping_status":"closed","template":"","meta":{"_acf_changed":false},"product_brand":[],"product_cat":[72],"product_tag":[227,228,229],"class_list":{"0":"post-15822","1":"product","2":"type-product","3":"status-publish","4":"has-post-thumbnail","6":"product_cat-huong-que-mat-slippers","7":"product_tag-dep-chieu-dcq-46-en","8":"product_tag-dep-chieu-huong-que-en","9":"product_tag-dep-chieu-que-en","11":"first","12":"instock","13":"shipping-taxable","14":"purchasable","15":"product-type-variable"},"acf":[],"yoast_head":"<!-- This site is optimized with the Yoast SEO Premium plugin v27.2 (Yoast SEO v27.2) - https:\/\/yoast.com\/product\/yoast-seo-premium-wordpress\/ -->\n<title>D\u00e9p chi\u1ebfu EDCQ-48 - H\u01b0\u01a1ng Qu\u1ebf<\/title>\n<meta name=\"description\" content=\"H\u01b0\u01a1ng Qu\u1ebf cung c\u1ea5p s\u1ea3n ph\u1ea9m D\u00e9p chi\u1ebfu DCQ-48 ch\u1ea5t l\u01b0\u1ee3ng v\u00e0 th\u1eddi trang t\u1ea1i \u0110\u00e0 N\u1eb5ng. Li\u00ean h\u1ec7 Hotline 0903521898 - 0905761878\" \/>\n<meta name=\"robots\" content=\"index, follow, max-snippet:-1, max-image-preview:large, max-video-preview:-1\" \/>\n<link rel=\"canonical\" href=\"https:\/\/huongque.com.vn\/en\/edcq-48\/\" \/>\n<meta property=\"og:locale\" content=\"en_US\" \/>\n<meta property=\"og:type\" content=\"article\" \/>\n<meta property=\"og:title\" content=\"EDCQ-48\" \/>\n<meta property=\"og:description\" content=\"H\u01b0\u01a1ng Qu\u1ebf cung c\u1ea5p s\u1ea3n ph\u1ea9m D\u00e9p chi\u1ebfu DCQ-48 ch\u1ea5t l\u01b0\u1ee3ng v\u00e0 th\u1eddi trang t\u1ea1i \u0110\u00e0 N\u1eb5ng. Li\u00ean h\u1ec7 Hotline 0903521898 - 0905761878\" \/>\n<meta property=\"og:url\" content=\"https:\/\/huongque.com.vn\/en\/edcq-48\/\" \/>\n<meta property=\"og:site_name\" content=\"H\u01b0\u01a1ng Qu\u1ebf\" \/>\n<meta property=\"article:publisher\" content=\"https:\/\/www.facebook.com\/HuongQueDanang\" \/>\n<meta property=\"article:modified_time\" content=\"2022-07-26T16:06:14+00:00\" \/>\n<meta property=\"og:image\" content=\"https:\/\/huongque.com.vn\/wp-content\/uploads\/2019\/10\/dep-chieu-que-dcq-48-10.jpg\" \/>\n\t<meta property=\"og:image:width\" content=\"1500\" \/>\n\t<meta property=\"og:image:height\" content=\"1000\" \/>\n\t<meta property=\"og:image:type\" content=\"image\/jpeg\" \/>\n<meta name=\"twitter:card\" content=\"summary_large_image\" \/>\n<meta name=\"twitter:label1\" content=\"Availability\" \/>\n\t<meta name=\"twitter:data1\" content=\"In stock\" \/>\n<script type=\"application\/ld+json\" class=\"yoast-schema-graph\">{\"@context\":\"https:\/\/schema.org\",\"@graph\":[{\"@type\":\"WebPage\",\"@id\":\"https:\/\/huongque.com.vn\/en\/edcq-48\/\",\"url\":\"https:\/\/huongque.com.vn\/en\/edcq-48\/\",\"name\":\"D\u00e9p chi\u1ebfu EDCQ-48 - H\u01b0\u01a1ng Qu\u1ebf\",\"isPartOf\":{\"@id\":\"https:\/\/huongque.com.vn\/en\/#website\"},\"primaryImageOfPage\":{\"@id\":\"https:\/\/huongque.com.vn\/en\/edcq-48\/#primaryimage\"},\"image\":{\"@id\":\"https:\/\/huongque.com.vn\/en\/edcq-48\/#primaryimage\"},\"thumbnailUrl\":\"https:\/\/huongque.com.vn\/wp-content\/uploads\/2019\/10\/dep-chieu-que-dcq-48-10.jpg\",\"datePublished\":\"2019-10-18T09:34:51+00:00\",\"dateModified\":\"2022-07-26T16:06:14+00:00\",\"description\":\"H\u01b0\u01a1ng Qu\u1ebf cung c\u1ea5p s\u1ea3n ph\u1ea9m D\u00e9p chi\u1ebfu DCQ-48 ch\u1ea5t l\u01b0\u1ee3ng v\u00e0 th\u1eddi trang t\u1ea1i \u0110\u00e0 N\u1eb5ng. Li\u00ean h\u1ec7 Hotline 0903521898 - 0905761878\",\"breadcrumb\":{\"@id\":\"https:\/\/huongque.com.vn\/en\/edcq-48\/#breadcrumb\"},\"inLanguage\":\"en-US\",\"potentialAction\":[{\"@type\":\"ReadAction\",\"target\":[\"https:\/\/huongque.com.vn\/en\/edcq-48\/\"]}]},{\"@type\":\"ImageObject\",\"inLanguage\":\"en-US\",\"@id\":\"https:\/\/huongque.com.vn\/en\/edcq-48\/#primaryimage\",\"url\":\"https:\/\/huongque.com.vn\/wp-content\/uploads\/2019\/10\/dep-chieu-que-dcq-48-10.jpg\",\"contentUrl\":\"https:\/\/huongque.com.vn\/wp-content\/uploads\/2019\/10\/dep-chieu-que-dcq-48-10.jpg\",\"width\":1500,\"height\":1000,\"caption\":\"dep chieu que dcq 48 10\"},{\"@type\":\"BreadcrumbList\",\"@id\":\"https:\/\/huongque.com.vn\/en\/edcq-48\/#breadcrumb\",\"itemListElement\":[{\"@type\":\"ListItem\",\"position\":1,\"name\":\"Trang ch\u1ee7\",\"item\":\"https:\/\/huongque.com.vn\/en\/\"},{\"@type\":\"ListItem\",\"position\":2,\"name\":\"Shop\",\"item\":\"https:\/\/huongque.com.vn\/shop\/\"},{\"@type\":\"ListItem\",\"position\":3,\"name\":\"EDCQ-48\"}]},{\"@type\":\"WebSite\",\"@id\":\"https:\/\/huongque.com.vn\/en\/#website\",\"url\":\"https:\/\/huongque.com.vn\/en\/\",\"name\":\"H\u01b0\u01a1ng Qu\u1ebf\",\"description\":\"l\u00f3t gi\u00e0y qu\u1ebf, l\u00f3t gi\u00e0y h\u01b0\u01a1ng qu\u1ebf, d\u00e9p chi\u1ebfu, d\u00e9p tre, d\u00e9p c\u00f3i, b\u1ed9t qu\u1ebf, n\u1ecbt cao c\u1ea5p h\u01b0\u01a1ng qu\u1ebf, t\u00fai th\u01a1m h\u01b0\u01a1ng qu\u1ebf, th\u1ea3m cao c\u1ea5p h\u01b0\u01a1ng qu\u1ebf\",\"publisher\":{\"@id\":\"https:\/\/huongque.com.vn\/en\/#organization\"},\"potentialAction\":[{\"@type\":\"SearchAction\",\"target\":{\"@type\":\"EntryPoint\",\"urlTemplate\":\"https:\/\/huongque.com.vn\/en\/?s={search_term_string}\"},\"query-input\":{\"@type\":\"PropertyValueSpecification\",\"valueRequired\":true,\"valueName\":\"search_term_string\"}}],\"inLanguage\":\"en-US\"},{\"@type\":\"Organization\",\"@id\":\"https:\/\/huongque.com.vn\/en\/#organization\",\"name\":\"C\u00f4ng ty TNHH SX CB KD XNK H\u01b0\u01a1ng Qu\u1ebf\",\"url\":\"https:\/\/huongque.com.vn\/en\/\",\"logo\":{\"@type\":\"ImageObject\",\"inLanguage\":\"en-US\",\"@id\":\"https:\/\/huongque.com.vn\/en\/#\/schema\/logo\/image\/\",\"url\":\"https:\/\/huongque.com.vn\/wp-content\/uploads\/2019\/03\/logosf.png\",\"contentUrl\":\"https:\/\/huongque.com.vn\/wp-content\/uploads\/2019\/03\/logosf.png\",\"width\":501,\"height\":160,\"caption\":\"C\u00f4ng ty TNHH SX CB KD XNK H\u01b0\u01a1ng Qu\u1ebf\"},\"image\":{\"@id\":\"https:\/\/huongque.com.vn\/en\/#\/schema\/logo\/image\/\"},\"sameAs\":[\"https:\/\/www.facebook.com\/HuongQueDanang\"]}]}<\/script>\n<meta property=\"og:availability\" content=\"instock\" \/>\n<meta property=\"product:availability\" content=\"instock\" \/>\n<meta property=\"product:retailer_item_id\" content=\"EDCQ-48\" \/>\n<meta property=\"product:condition\" content=\"new\" \/>\n<!-- \/ Yoast SEO Premium plugin. -->","yoast_head_json":{"title":"D\u00e9p chi\u1ebfu EDCQ-48 - H\u01b0\u01a1ng Qu\u1ebf","description":"H\u01b0\u01a1ng Qu\u1ebf cung c\u1ea5p s\u1ea3n ph\u1ea9m D\u00e9p chi\u1ebfu DCQ-48 ch\u1ea5t l\u01b0\u1ee3ng v\u00e0 th\u1eddi trang t\u1ea1i \u0110\u00e0 N\u1eb5ng. Li\u00ean h\u1ec7 Hotline 0903521898 - 0905761878","robots":{"index":"index","follow":"follow","max-snippet":"max-snippet:-1","max-image-preview":"max-image-preview:large","max-video-preview":"max-video-preview:-1"},"canonical":"https:\/\/huongque.com.vn\/en\/edcq-48\/","og_locale":"en_US","og_type":"article","og_title":"EDCQ-48","og_description":"H\u01b0\u01a1ng Qu\u1ebf cung c\u1ea5p s\u1ea3n ph\u1ea9m D\u00e9p chi\u1ebfu DCQ-48 ch\u1ea5t l\u01b0\u1ee3ng v\u00e0 th\u1eddi trang t\u1ea1i \u0110\u00e0 N\u1eb5ng. Li\u00ean h\u1ec7 Hotline 0903521898 - 0905761878","og_url":"https:\/\/huongque.com.vn\/en\/edcq-48\/","og_site_name":"H\u01b0\u01a1ng Qu\u1ebf","article_publisher":"https:\/\/www.facebook.com\/HuongQueDanang","article_modified_time":"2022-07-26T16:06:14+00:00","og_image":[{"width":1500,"height":1000,"url":"https:\/\/huongque.com.vn\/wp-content\/uploads\/2019\/10\/dep-chieu-que-dcq-48-10.jpg","type":"image\/jpeg"}],"twitter_card":"summary_large_image","twitter_misc":{"Availability":"In stock"},"schema":{"@context":"https:\/\/schema.org","@graph":[{"@type":"WebPage","@id":"https:\/\/huongque.com.vn\/en\/edcq-48\/","url":"https:\/\/huongque.com.vn\/en\/edcq-48\/","name":"D\u00e9p chi\u1ebfu EDCQ-48 - H\u01b0\u01a1ng Qu\u1ebf","isPartOf":{"@id":"https:\/\/huongque.com.vn\/en\/#website"},"primaryImageOfPage":{"@id":"https:\/\/huongque.com.vn\/en\/edcq-48\/#primaryimage"},"image":{"@id":"https:\/\/huongque.com.vn\/en\/edcq-48\/#primaryimage"},"thumbnailUrl":"https:\/\/huongque.com.vn\/wp-content\/uploads\/2019\/10\/dep-chieu-que-dcq-48-10.jpg","datePublished":"2019-10-18T09:34:51+00:00","dateModified":"2022-07-26T16:06:14+00:00","description":"H\u01b0\u01a1ng Qu\u1ebf cung c\u1ea5p s\u1ea3n ph\u1ea9m D\u00e9p chi\u1ebfu DCQ-48 ch\u1ea5t l\u01b0\u1ee3ng v\u00e0 th\u1eddi trang t\u1ea1i \u0110\u00e0 N\u1eb5ng. Li\u00ean h\u1ec7 Hotline 0903521898 - 0905761878","breadcrumb":{"@id":"https:\/\/huongque.com.vn\/en\/edcq-48\/#breadcrumb"},"inLanguage":"en-US","potentialAction":[{"@type":"ReadAction","target":["https:\/\/huongque.com.vn\/en\/edcq-48\/"]}]},{"@type":"ImageObject","inLanguage":"en-US","@id":"https:\/\/huongque.com.vn\/en\/edcq-48\/#primaryimage","url":"https:\/\/huongque.com.vn\/wp-content\/uploads\/2019\/10\/dep-chieu-que-dcq-48-10.jpg","contentUrl":"https:\/\/huongque.com.vn\/wp-content\/uploads\/2019\/10\/dep-chieu-que-dcq-48-10.jpg","width":1500,"height":1000,"caption":"dep chieu que dcq 48 10"},{"@type":"BreadcrumbList","@id":"https:\/\/huongque.com.vn\/en\/edcq-48\/#breadcrumb","itemListElement":[{"@type":"ListItem","position":1,"name":"Trang ch\u1ee7","item":"https:\/\/huongque.com.vn\/en\/"},{"@type":"ListItem","position":2,"name":"Shop","item":"https:\/\/huongque.com.vn\/shop\/"},{"@type":"ListItem","position":3,"name":"EDCQ-48"}]},{"@type":"WebSite","@id":"https:\/\/huongque.com.vn\/en\/#website","url":"https:\/\/huongque.com.vn\/en\/","name":"H\u01b0\u01a1ng Qu\u1ebf","description":"l\u00f3t gi\u00e0y qu\u1ebf, l\u00f3t gi\u00e0y h\u01b0\u01a1ng qu\u1ebf, d\u00e9p chi\u1ebfu, d\u00e9p tre, d\u00e9p c\u00f3i, b\u1ed9t qu\u1ebf, n\u1ecbt cao c\u1ea5p h\u01b0\u01a1ng qu\u1ebf, t\u00fai th\u01a1m h\u01b0\u01a1ng qu\u1ebf, th\u1ea3m cao c\u1ea5p h\u01b0\u01a1ng qu\u1ebf","publisher":{"@id":"https:\/\/huongque.com.vn\/en\/#organization"},"potentialAction":[{"@type":"SearchAction","target":{"@type":"EntryPoint","urlTemplate":"https:\/\/huongque.com.vn\/en\/?s={search_term_string}"},"query-input":{"@type":"PropertyValueSpecification","valueRequired":true,"valueName":"search_term_string"}}],"inLanguage":"en-US"},{"@type":"Organization","@id":"https:\/\/huongque.com.vn\/en\/#organization","name":"C\u00f4ng ty TNHH SX CB KD XNK H\u01b0\u01a1ng Qu\u1ebf","url":"https:\/\/huongque.com.vn\/en\/","logo":{"@type":"ImageObject","inLanguage":"en-US","@id":"https:\/\/huongque.com.vn\/en\/#\/schema\/logo\/image\/","url":"https:\/\/huongque.com.vn\/wp-content\/uploads\/2019\/03\/logosf.png","contentUrl":"https:\/\/huongque.com.vn\/wp-content\/uploads\/2019\/03\/logosf.png","width":501,"height":160,"caption":"C\u00f4ng ty TNHH SX CB KD XNK H\u01b0\u01a1ng Qu\u1ebf"},"image":{"@id":"https:\/\/huongque.com.vn\/en\/#\/schema\/logo\/image\/"},"sameAs":["https:\/\/www.facebook.com\/HuongQueDanang"]}]},"og_availability":"instock","product_availability":"instock","product_retailer_item_id":"EDCQ-48","product_condition":"new"},"_links":{"self":[{"href":"https:\/\/huongque.com.vn\/en\/wp-json\/wp\/v2\/product\/15822","targetHints":{"allow":["GET"]}}],"collection":[{"href":"https:\/\/huongque.com.vn\/en\/wp-json\/wp\/v2\/product"}],"about":[{"href":"https:\/\/huongque.com.vn\/en\/wp-json\/wp\/v2\/types\/product"}],"replies":[{"embeddable":true,"href":"https:\/\/huongque.com.vn\/en\/wp-json\/wp\/v2\/comments?post=15822"}],"version-history":[{"count":1,"href":"https:\/\/huongque.com.vn\/en\/wp-json\/wp\/v2\/product\/15822\/revisions"}],"predecessor-version":[{"id":15826,"href":"https:\/\/huongque.com.vn\/en\/wp-json\/wp\/v2\/product\/15822\/revisions\/15826"}],"wp:featuredmedia":[{"embeddable":true,"href":"https:\/\/huongque.com.vn\/en\/wp-json\/wp\/v2\/media\/13228"}],"wp:attachment":[{"href":"https:\/\/huongque.com.vn\/en\/wp-json\/wp\/v2\/media?parent=15822"}],"wp:term":[{"taxonomy":"product_brand","embeddable":true,"href":"https:\/\/huongque.com.vn\/en\/wp-json\/wp\/v2\/product_brand?post=15822"},{"taxonomy":"product_cat","embeddable":true,"href":"https:\/\/huongque.com.vn\/en\/wp-json\/wp\/v2\/product_cat?post=15822"},{"taxonomy":"product_tag","embeddable":true,"href":"https:\/\/huongque.com.vn\/en\/wp-json\/wp\/v2\/product_tag?post=15822"}],"curies":[{"name":"wp","href":"https:\/\/api.w.org\/{rel}","templated":true}]}}