{"id":1678,"date":"2019-03-12T16:41:26","date_gmt":"2019-03-12T09:41:26","guid":{"rendered":"https:\/\/huongque.com.vn\/product\/bot-que-ngam-chan-dong-trong-lo-nhua\/"},"modified":"2019-07-05T08:47:11","modified_gmt":"2019-07-05T01:47:11","slug":"bot-que-ngam-chan-dong-trong-lo-nhua","status":"publish","type":"product","link":"https:\/\/huongque.com.vn\/en\/bot-que-ngam-chan-dong-trong-lo-nhua\/","title":{"rendered":"Foot soak cinnamon powder (packed in plastic jars)"},"content":{"rendered":"<div class=\"tab-content\">\n<div id=\"u-1\" class=\"tab-pane fade in active\" role=\"tabpanel\">\n<p>Cinnamon is one of four precious herbs (Ginseng, Deer Antler, Cinnamon and Aconitum Root) and good for health. Cinnamon has been an effective medicine, especially approved by traditional medicine for its effects of burning fat, reducing blood sugar level, improving blood circulation and facilitating digestion.<\/p>\n<p><img fetchpriority=\"high\" decoding=\"async\" class=\"aligncenter size-full wp-image-2076\" src=\"https:\/\/huongque.com.vn\/wp-content\/uploads\/2019\/03\/qtl-1.jpg\" alt=\"\" width=\"604\" height=\"768\" srcset=\"https:\/\/huongque.com.vn\/wp-content\/uploads\/2019\/03\/qtl-1.jpg 604w, https:\/\/huongque.com.vn\/wp-content\/uploads\/2019\/03\/qtl-1-236x300.jpg 236w\" sizes=\"(max-width: 604px) 100vw, 604px\" \/><\/p>\n<p><img decoding=\"async\" class=\"aligncenter size-full wp-image-1220\" src=\"https:\/\/huongque.com.vn\/wp-content\/uploads\/2019\/03\/chungnhan-qtm.jpg\" alt=\"\" width=\"934\" height=\"1316\" srcset=\"https:\/\/huongque.com.vn\/wp-content\/uploads\/2019\/03\/chungnhan-qtm.jpg 934w, https:\/\/huongque.com.vn\/wp-content\/uploads\/2019\/03\/chungnhan-qtm-213x300.jpg 213w, https:\/\/huongque.com.vn\/wp-content\/uploads\/2019\/03\/chungnhan-qtm-768x1082.jpg 768w, https:\/\/huongque.com.vn\/wp-content\/uploads\/2019\/03\/chungnhan-qtm-727x1024.jpg 727w\" sizes=\"(max-width: 934px) 100vw, 934px\" \/><\/p>\n<p><img decoding=\"async\" class=\"aligncenter size-full wp-image-2154\" src=\"https:\/\/huongque.com.vn\/wp-content\/uploads\/2019\/03\/VUT-chungnhan-qtm111.jpg\" alt=\"\" width=\"1200\" height=\"1685\" srcset=\"https:\/\/huongque.com.vn\/wp-content\/uploads\/2019\/03\/VUT-chungnhan-qtm111.jpg 1200w, https:\/\/huongque.com.vn\/wp-content\/uploads\/2019\/03\/VUT-chungnhan-qtm111-214x300.jpg 214w, https:\/\/huongque.com.vn\/wp-content\/uploads\/2019\/03\/VUT-chungnhan-qtm111-768x1078.jpg 768w, https:\/\/huongque.com.vn\/wp-content\/uploads\/2019\/03\/VUT-chungnhan-qtm111-729x1024.jpg 729w\" sizes=\"(max-width: 1200px) 100vw, 1200px\" \/><\/p>\n<p><img loading=\"lazy\" decoding=\"async\" class=\"aligncenter size-full wp-image-2144\" src=\"https:\/\/huongque.com.vn\/wp-content\/uploads\/2019\/03\/2cc30c52c50f2151781e.jpg\" alt=\"\" width=\"1275\" height=\"1755\" srcset=\"https:\/\/huongque.com.vn\/wp-content\/uploads\/2019\/03\/2cc30c52c50f2151781e.jpg 1275w, https:\/\/huongque.com.vn\/wp-content\/uploads\/2019\/03\/2cc30c52c50f2151781e-218x300.jpg 218w, https:\/\/huongque.com.vn\/wp-content\/uploads\/2019\/03\/2cc30c52c50f2151781e-768x1057.jpg 768w, https:\/\/huongque.com.vn\/wp-content\/uploads\/2019\/03\/2cc30c52c50f2151781e-744x1024.jpg 744w\" sizes=\"(max-width: 1275px) 100vw, 1275px\" \/><\/p>\n<p><img loading=\"lazy\" decoding=\"async\" class=\"aligncenter size-full wp-image-2136\" src=\"https:\/\/huongque.com.vn\/wp-content\/uploads\/2019\/03\/VUT-giay-attp-bot-que.jpg\" alt=\"\" width=\"1200\" height=\"1568\" srcset=\"https:\/\/huongque.com.vn\/wp-content\/uploads\/2019\/03\/VUT-giay-attp-bot-que.jpg 1200w, https:\/\/huongque.com.vn\/wp-content\/uploads\/2019\/03\/VUT-giay-attp-bot-que-230x300.jpg 230w, https:\/\/huongque.com.vn\/wp-content\/uploads\/2019\/03\/VUT-giay-attp-bot-que-768x1004.jpg 768w, https:\/\/huongque.com.vn\/wp-content\/uploads\/2019\/03\/VUT-giay-attp-bot-que-784x1024.jpg 784w\" sizes=\"(max-width: 1200px) 100vw, 1200px\" \/><\/p>\n<p>&#8211; Cinnamon powder is processed from cinnamon Tra My Quang Nam, cinnamon has aged 17 years or more.<\/p>\n<p>&nbsp;<\/p>\n<p><strong>How to use:<\/strong><\/p>\n<p>&#8211; For people with leg pain and cold feet (especially the elderly), people with diabetes, rheumatism, polyarthritis, and athletes, every night before bedtime or at any convenient time, put 20 &#8211; 25g of cinnamon powder in a bucket or pot of boiled water and stir evenly, let the water gradually cool to about 35 &#8211; 38 degrees, then soak your feet in 40-50 minutes then remove and dry your feet.<\/p>\n<p>&#8211; Each batch of foot soaks must be done continuously in at least 15-20 days<\/p>\n<p><img loading=\"lazy\" decoding=\"async\" class=\"aligncenter size-full wp-image-3850\" src=\"https:\/\/huongque.com.vn\/wp-content\/uploads\/2019\/03\/qtl-1-1.jpg\" alt=\"\" width=\"594\" height=\"868\" srcset=\"https:\/\/huongque.com.vn\/wp-content\/uploads\/2019\/03\/qtl-1-1.jpg 594w, https:\/\/huongque.com.vn\/wp-content\/uploads\/2019\/03\/qtl-1-1-205x300.jpg 205w\" sizes=\"(max-width: 594px) 100vw, 594px\" \/><\/p>\n<p><strong>Ingredients:\u00a0<\/strong>100% Tra My cinnamon powder<\/p>\n<p>Net weight: 200g<\/p>\n<p>Store in a dry place, close the jar tightly after use<\/p>\n<p><img loading=\"lazy\" decoding=\"async\" class=\"aligncenter size-full wp-image-3852\" src=\"https:\/\/huongque.com.vn\/wp-content\/uploads\/2019\/03\/qtl-2.jpg\" alt=\"\" width=\"752\" height=\"1000\" srcset=\"https:\/\/huongque.com.vn\/wp-content\/uploads\/2019\/03\/qtl-2.jpg 752w, https:\/\/huongque.com.vn\/wp-content\/uploads\/2019\/03\/qtl-2-226x300.jpg 226w\" sizes=\"(max-width: 752px) 100vw, 752px\" \/><\/p>\n<p><strong>Uses:<\/strong><\/p>\n<p>Soak feet, prevent and treat rheumatism, leg pain, cold feet, polyarthritis, diabetes and people who have trouble sleeping.<\/p>\n<\/div>\n<\/div>\n","protected":false},"excerpt":{"rendered":"<p>Cinnamon is one of four precious herbs (Ginseng, Deer Antler, Cinnamon and Aconitum Root) and good for health. Cinnamon has been an effective medicine, especially approved by traditional medicine for its effects of burning fat, reducing blood sugar level, improving blood circulation and facilitating digestion.<\/p>\n","protected":false},"featured_media":1351,"comment_status":"open","ping_status":"closed","template":"","meta":{"_acf_changed":false},"product_brand":[],"product_cat":[160,69,225,226,68],"product_tag":[],"class_list":{"0":"post-1678","1":"product","2":"type-product","3":"status-publish","4":"has-post-thumbnail","6":"cong_dung-for-men","7":"cong_dung-for-women","8":"product_cat-cinnamon-powder-for-foot-soak","9":"product_cat-cinnamon-stick-cinnamon-powder-types","10":"product_cat-promotion-en","11":"product_cat-promotion-2-en","12":"product_cat-pure-cinnamon","14":"first","15":"instock","16":"shipping-taxable","17":"purchasable","18":"product-type-simple"},"acf":[],"yoast_head":"<!-- This site is optimized with the Yoast SEO Premium plugin v27.2 (Yoast SEO v27.2) - https:\/\/yoast.com\/product\/yoast-seo-premium-wordpress\/ -->\n<title>Foot soak cinnamon powder (packed in plastic jars) - H\u01b0\u01a1ng Qu\u1ebf<\/title>\n<meta name=\"robots\" content=\"index, follow, max-snippet:-1, max-image-preview:large, max-video-preview:-1\" \/>\n<link rel=\"canonical\" href=\"https:\/\/huongque.com.vn\/en\/bot-que-ngam-chan-dong-trong-lo-nhua\/\" \/>\n<meta property=\"og:locale\" content=\"en_US\" \/>\n<meta property=\"og:type\" content=\"article\" \/>\n<meta property=\"og:title\" content=\"Foot soak cinnamon powder (packed in plastic jars)\" \/>\n<meta property=\"og:description\" content=\"Cinnamon is one of four precious herbs (Ginseng, Deer Antler, Cinnamon and Aconitum Root) and good for health. Cinnamon has been an effective medicine, especially approved by traditional medicine for its effects of burning fat, reducing blood sugar level, improving blood circulation and facilitating digestion.\" \/>\n<meta property=\"og:url\" content=\"https:\/\/huongque.com.vn\/en\/bot-que-ngam-chan-dong-trong-lo-nhua\/\" \/>\n<meta property=\"og:site_name\" content=\"H\u01b0\u01a1ng Qu\u1ebf\" \/>\n<meta property=\"article:publisher\" content=\"https:\/\/www.facebook.com\/HuongQueDanang\" \/>\n<meta property=\"article:modified_time\" content=\"2019-07-05T01:47:11+00:00\" \/>\n<meta property=\"og:image\" content=\"https:\/\/huongque.com.vn\/wp-content\/uploads\/2019\/03\/l-024534-qll-1.jpg\" \/>\n\t<meta property=\"og:image:width\" content=\"427\" \/>\n\t<meta property=\"og:image:height\" content=\"447\" \/>\n\t<meta property=\"og:image:type\" content=\"image\/jpeg\" \/>\n<meta name=\"twitter:card\" content=\"summary_large_image\" \/>\n<meta name=\"twitter:label1\" content=\"Price\" \/>\n\t<meta name=\"twitter:data1\" content=\"120,000 vnd\" \/>\n\t<meta name=\"twitter:label2\" content=\"Availability\" \/>\n\t<meta name=\"twitter:data2\" content=\"In stock\" \/>\n<script type=\"application\/ld+json\" class=\"yoast-schema-graph\">{\"@context\":\"https:\/\/schema.org\",\"@graph\":[{\"@type\":\"WebPage\",\"@id\":\"https:\/\/huongque.com.vn\/en\/bot-que-ngam-chan-dong-trong-lo-nhua\/\",\"url\":\"https:\/\/huongque.com.vn\/en\/bot-que-ngam-chan-dong-trong-lo-nhua\/\",\"name\":\"Foot soak cinnamon powder (packed in plastic jars) - H\u01b0\u01a1ng Qu\u1ebf\",\"isPartOf\":{\"@id\":\"https:\/\/huongque.com.vn\/en\/#website\"},\"primaryImageOfPage\":{\"@id\":\"https:\/\/huongque.com.vn\/en\/bot-que-ngam-chan-dong-trong-lo-nhua\/#primaryimage\"},\"image\":{\"@id\":\"https:\/\/huongque.com.vn\/en\/bot-que-ngam-chan-dong-trong-lo-nhua\/#primaryimage\"},\"thumbnailUrl\":\"https:\/\/huongque.com.vn\/wp-content\/uploads\/2019\/03\/l-024534-qll-1.jpg\",\"datePublished\":\"2019-03-12T09:41:26+00:00\",\"dateModified\":\"2019-07-05T01:47:11+00:00\",\"breadcrumb\":{\"@id\":\"https:\/\/huongque.com.vn\/en\/bot-que-ngam-chan-dong-trong-lo-nhua\/#breadcrumb\"},\"inLanguage\":\"en-US\",\"potentialAction\":[{\"@type\":\"ReadAction\",\"target\":[\"https:\/\/huongque.com.vn\/en\/bot-que-ngam-chan-dong-trong-lo-nhua\/\"]}]},{\"@type\":\"ImageObject\",\"inLanguage\":\"en-US\",\"@id\":\"https:\/\/huongque.com.vn\/en\/bot-que-ngam-chan-dong-trong-lo-nhua\/#primaryimage\",\"url\":\"https:\/\/huongque.com.vn\/wp-content\/uploads\/2019\/03\/l-024534-qll-1.jpg\",\"contentUrl\":\"https:\/\/huongque.com.vn\/wp-content\/uploads\/2019\/03\/l-024534-qll-1.jpg\",\"width\":427,\"height\":447},{\"@type\":\"BreadcrumbList\",\"@id\":\"https:\/\/huongque.com.vn\/en\/bot-que-ngam-chan-dong-trong-lo-nhua\/#breadcrumb\",\"itemListElement\":[{\"@type\":\"ListItem\",\"position\":1,\"name\":\"Trang ch\u1ee7\",\"item\":\"https:\/\/huongque.com.vn\/en\/\"},{\"@type\":\"ListItem\",\"position\":2,\"name\":\"Shop\",\"item\":\"https:\/\/huongque.com.vn\/shop\/\"},{\"@type\":\"ListItem\",\"position\":3,\"name\":\"Foot soak cinnamon powder (packed in plastic jars)\"}]},{\"@type\":\"WebSite\",\"@id\":\"https:\/\/huongque.com.vn\/en\/#website\",\"url\":\"https:\/\/huongque.com.vn\/en\/\",\"name\":\"H\u01b0\u01a1ng Qu\u1ebf\",\"description\":\"l\u00f3t gi\u00e0y qu\u1ebf, l\u00f3t gi\u00e0y h\u01b0\u01a1ng qu\u1ebf, d\u00e9p chi\u1ebfu, d\u00e9p tre, d\u00e9p c\u00f3i, b\u1ed9t qu\u1ebf, n\u1ecbt cao c\u1ea5p h\u01b0\u01a1ng qu\u1ebf, t\u00fai th\u01a1m h\u01b0\u01a1ng qu\u1ebf, th\u1ea3m cao c\u1ea5p h\u01b0\u01a1ng qu\u1ebf\",\"publisher\":{\"@id\":\"https:\/\/huongque.com.vn\/en\/#organization\"},\"potentialAction\":[{\"@type\":\"SearchAction\",\"target\":{\"@type\":\"EntryPoint\",\"urlTemplate\":\"https:\/\/huongque.com.vn\/en\/?s={search_term_string}\"},\"query-input\":{\"@type\":\"PropertyValueSpecification\",\"valueRequired\":true,\"valueName\":\"search_term_string\"}}],\"inLanguage\":\"en-US\"},{\"@type\":\"Organization\",\"@id\":\"https:\/\/huongque.com.vn\/en\/#organization\",\"name\":\"C\u00f4ng ty TNHH SX CB KD XNK H\u01b0\u01a1ng Qu\u1ebf\",\"url\":\"https:\/\/huongque.com.vn\/en\/\",\"logo\":{\"@type\":\"ImageObject\",\"inLanguage\":\"en-US\",\"@id\":\"https:\/\/huongque.com.vn\/en\/#\/schema\/logo\/image\/\",\"url\":\"https:\/\/huongque.com.vn\/wp-content\/uploads\/2019\/03\/logosf.png\",\"contentUrl\":\"https:\/\/huongque.com.vn\/wp-content\/uploads\/2019\/03\/logosf.png\",\"width\":501,\"height\":160,\"caption\":\"C\u00f4ng ty TNHH SX CB KD XNK H\u01b0\u01a1ng Qu\u1ebf\"},\"image\":{\"@id\":\"https:\/\/huongque.com.vn\/en\/#\/schema\/logo\/image\/\"},\"sameAs\":[\"https:\/\/www.facebook.com\/HuongQueDanang\"]}]}<\/script>\n<meta property=\"product:price:amount\" content=\"120000\" \/>\n<meta property=\"product:price:currency\" content=\"VND\" \/>\n<meta property=\"og:availability\" content=\"instock\" \/>\n<meta property=\"product:availability\" content=\"instock\" \/>\n<meta property=\"product:retailer_item_id\" content=\"QNCHQ\" \/>\n<meta property=\"product:condition\" content=\"new\" \/>\n<!-- \/ Yoast SEO Premium plugin. -->","yoast_head_json":{"title":"Foot soak cinnamon powder (packed in plastic jars) - H\u01b0\u01a1ng Qu\u1ebf","robots":{"index":"index","follow":"follow","max-snippet":"max-snippet:-1","max-image-preview":"max-image-preview:large","max-video-preview":"max-video-preview:-1"},"canonical":"https:\/\/huongque.com.vn\/en\/bot-que-ngam-chan-dong-trong-lo-nhua\/","og_locale":"en_US","og_type":"article","og_title":"Foot soak cinnamon powder (packed in plastic jars)","og_description":"Cinnamon is one of four precious herbs (Ginseng, Deer Antler, Cinnamon and Aconitum Root) and good for health. Cinnamon has been an effective medicine, especially approved by traditional medicine for its effects of burning fat, reducing blood sugar level, improving blood circulation and facilitating digestion.","og_url":"https:\/\/huongque.com.vn\/en\/bot-que-ngam-chan-dong-trong-lo-nhua\/","og_site_name":"H\u01b0\u01a1ng Qu\u1ebf","article_publisher":"https:\/\/www.facebook.com\/HuongQueDanang","article_modified_time":"2019-07-05T01:47:11+00:00","og_image":[{"width":427,"height":447,"url":"https:\/\/huongque.com.vn\/wp-content\/uploads\/2019\/03\/l-024534-qll-1.jpg","type":"image\/jpeg"}],"twitter_card":"summary_large_image","twitter_misc":{"Price":"120,000 vnd","Availability":"In stock"},"schema":{"@context":"https:\/\/schema.org","@graph":[{"@type":"WebPage","@id":"https:\/\/huongque.com.vn\/en\/bot-que-ngam-chan-dong-trong-lo-nhua\/","url":"https:\/\/huongque.com.vn\/en\/bot-que-ngam-chan-dong-trong-lo-nhua\/","name":"Foot soak cinnamon powder (packed in plastic jars) - H\u01b0\u01a1ng Qu\u1ebf","isPartOf":{"@id":"https:\/\/huongque.com.vn\/en\/#website"},"primaryImageOfPage":{"@id":"https:\/\/huongque.com.vn\/en\/bot-que-ngam-chan-dong-trong-lo-nhua\/#primaryimage"},"image":{"@id":"https:\/\/huongque.com.vn\/en\/bot-que-ngam-chan-dong-trong-lo-nhua\/#primaryimage"},"thumbnailUrl":"https:\/\/huongque.com.vn\/wp-content\/uploads\/2019\/03\/l-024534-qll-1.jpg","datePublished":"2019-03-12T09:41:26+00:00","dateModified":"2019-07-05T01:47:11+00:00","breadcrumb":{"@id":"https:\/\/huongque.com.vn\/en\/bot-que-ngam-chan-dong-trong-lo-nhua\/#breadcrumb"},"inLanguage":"en-US","potentialAction":[{"@type":"ReadAction","target":["https:\/\/huongque.com.vn\/en\/bot-que-ngam-chan-dong-trong-lo-nhua\/"]}]},{"@type":"ImageObject","inLanguage":"en-US","@id":"https:\/\/huongque.com.vn\/en\/bot-que-ngam-chan-dong-trong-lo-nhua\/#primaryimage","url":"https:\/\/huongque.com.vn\/wp-content\/uploads\/2019\/03\/l-024534-qll-1.jpg","contentUrl":"https:\/\/huongque.com.vn\/wp-content\/uploads\/2019\/03\/l-024534-qll-1.jpg","width":427,"height":447},{"@type":"BreadcrumbList","@id":"https:\/\/huongque.com.vn\/en\/bot-que-ngam-chan-dong-trong-lo-nhua\/#breadcrumb","itemListElement":[{"@type":"ListItem","position":1,"name":"Trang ch\u1ee7","item":"https:\/\/huongque.com.vn\/en\/"},{"@type":"ListItem","position":2,"name":"Shop","item":"https:\/\/huongque.com.vn\/shop\/"},{"@type":"ListItem","position":3,"name":"Foot soak cinnamon powder (packed in plastic jars)"}]},{"@type":"WebSite","@id":"https:\/\/huongque.com.vn\/en\/#website","url":"https:\/\/huongque.com.vn\/en\/","name":"H\u01b0\u01a1ng Qu\u1ebf","description":"l\u00f3t gi\u00e0y qu\u1ebf, l\u00f3t gi\u00e0y h\u01b0\u01a1ng qu\u1ebf, d\u00e9p chi\u1ebfu, d\u00e9p tre, d\u00e9p c\u00f3i, b\u1ed9t qu\u1ebf, n\u1ecbt cao c\u1ea5p h\u01b0\u01a1ng qu\u1ebf, t\u00fai th\u01a1m h\u01b0\u01a1ng qu\u1ebf, th\u1ea3m cao c\u1ea5p h\u01b0\u01a1ng qu\u1ebf","publisher":{"@id":"https:\/\/huongque.com.vn\/en\/#organization"},"potentialAction":[{"@type":"SearchAction","target":{"@type":"EntryPoint","urlTemplate":"https:\/\/huongque.com.vn\/en\/?s={search_term_string}"},"query-input":{"@type":"PropertyValueSpecification","valueRequired":true,"valueName":"search_term_string"}}],"inLanguage":"en-US"},{"@type":"Organization","@id":"https:\/\/huongque.com.vn\/en\/#organization","name":"C\u00f4ng ty TNHH SX CB KD XNK H\u01b0\u01a1ng Qu\u1ebf","url":"https:\/\/huongque.com.vn\/en\/","logo":{"@type":"ImageObject","inLanguage":"en-US","@id":"https:\/\/huongque.com.vn\/en\/#\/schema\/logo\/image\/","url":"https:\/\/huongque.com.vn\/wp-content\/uploads\/2019\/03\/logosf.png","contentUrl":"https:\/\/huongque.com.vn\/wp-content\/uploads\/2019\/03\/logosf.png","width":501,"height":160,"caption":"C\u00f4ng ty TNHH SX CB KD XNK H\u01b0\u01a1ng Qu\u1ebf"},"image":{"@id":"https:\/\/huongque.com.vn\/en\/#\/schema\/logo\/image\/"},"sameAs":["https:\/\/www.facebook.com\/HuongQueDanang"]}]},"product_price_amount":"120000","product_price_currency":"VND","og_availability":"instock","product_availability":"instock","product_retailer_item_id":"QNCHQ","product_condition":"new"},"_links":{"self":[{"href":"https:\/\/huongque.com.vn\/en\/wp-json\/wp\/v2\/product\/1678","targetHints":{"allow":["GET"]}}],"collection":[{"href":"https:\/\/huongque.com.vn\/en\/wp-json\/wp\/v2\/product"}],"about":[{"href":"https:\/\/huongque.com.vn\/en\/wp-json\/wp\/v2\/types\/product"}],"replies":[{"embeddable":true,"href":"https:\/\/huongque.com.vn\/en\/wp-json\/wp\/v2\/comments?post=1678"}],"version-history":[{"count":0,"href":"https:\/\/huongque.com.vn\/en\/wp-json\/wp\/v2\/product\/1678\/revisions"}],"wp:featuredmedia":[{"embeddable":true,"href":"https:\/\/huongque.com.vn\/en\/wp-json\/wp\/v2\/media\/1351"}],"wp:attachment":[{"href":"https:\/\/huongque.com.vn\/en\/wp-json\/wp\/v2\/media?parent=1678"}],"wp:term":[{"taxonomy":"product_brand","embeddable":true,"href":"https:\/\/huongque.com.vn\/en\/wp-json\/wp\/v2\/product_brand?post=1678"},{"taxonomy":"product_cat","embeddable":true,"href":"https:\/\/huongque.com.vn\/en\/wp-json\/wp\/v2\/product_cat?post=1678"},{"taxonomy":"product_tag","embeddable":true,"href":"https:\/\/huongque.com.vn\/en\/wp-json\/wp\/v2\/product_tag?post=1678"}],"curies":[{"name":"wp","href":"https:\/\/api.w.org\/{rel}","templated":true}]}}