{"id":1682,"date":"2019-03-12T16:28:46","date_gmt":"2019-03-12T09:28:46","guid":{"rendered":"https:\/\/huongque.com.vn\/product\/bot-que-nguyen-chat-dong-trong-tui-trang-kem\/"},"modified":"2019-07-05T08:57:53","modified_gmt":"2019-07-05T01:57:53","slug":"bot-que-nguyen-chat-dong-trong-tui-trang-kem","status":"publish","type":"product","link":"https:\/\/huongque.com.vn\/en\/bot-que-nguyen-chat-dong-trong-tui-trang-kem\/","title":{"rendered":"Pure cinnamon powder (packed in zinc coated bags)"},"content":{"rendered":"<div>\n<h2><strong>Overview of Huong Que Cinnamon and Pure Cinnamon Powder<\/strong><\/h2>\n<p>Cinnamon has been a medicinal herb and fostering human health for a long time. Cinnamon is one of four precious herbs (Ginseng, Deer Antler, Cinnamon and Aconitum Root). Today cinnamon is widely used in many different ways. For example: use pure cinnamon powder to make marinated spices, preserve all kinds of food. Because pure Tra My cinnamon powder meets three characteristics: SWEET-SPICY-SWEET. Therefore, your meals will be much richer in flavors. Cinnamon also has very special effects, such as reducing blood sugar level, reducing cholesterol, burning fat, facilitating digestion, blood circulation, treating stomach pain. You can also use cinnamon powder to soak your feet in order to reduce foot aches, pains, coldness and numbness, especially for the elderly.<\/p>\n<p>Pure cinnamon powder produced by Huong Que Company has a raw material source from Tra My &#8211; Quang Nam cinnamon. Cinnamon must be aged 17 years or older. Cinnamon is harvested in the main season (February, March and April).<\/p>\n<p><img fetchpriority=\"high\" decoding=\"async\" class=\"aligncenter size-full wp-image-3860\" src=\"https:\/\/huongque.com.vn\/wp-content\/uploads\/2019\/03\/botque-4.jpg\" alt=\"\" width=\"336\" height=\"448\" srcset=\"https:\/\/huongque.com.vn\/wp-content\/uploads\/2019\/03\/botque-4.jpg 336w, https:\/\/huongque.com.vn\/wp-content\/uploads\/2019\/03\/botque-4-225x300.jpg 225w\" sizes=\"(max-width: 336px) 100vw, 336px\" \/><\/p>\n<p style=\"text-align: center;\"><strong><em>40-year-old cinnamon tree in Tra My Quang Nam<\/em><\/strong><\/p>\n<p>&nbsp;<\/p>\n<figure id=\"attachment_3858\" aria-describedby=\"caption-attachment-3858\" style=\"width: 448px\" class=\"wp-caption aligncenter\"><img decoding=\"async\" class=\"size-full wp-image-3858\" src=\"https:\/\/huongque.com.vn\/wp-content\/uploads\/2019\/03\/botque-2.jpg\" alt=\"\" width=\"448\" height=\"252\" srcset=\"https:\/\/huongque.com.vn\/wp-content\/uploads\/2019\/03\/botque-2.jpg 448w, https:\/\/huongque.com.vn\/wp-content\/uploads\/2019\/03\/botque-2-300x169.jpg 300w\" sizes=\"(max-width: 448px) 100vw, 448px\" \/><figcaption id=\"caption-attachment-3858\" class=\"wp-caption-text\">Jpeg<\/figcaption><\/figure>\n<p align=\"center\"><strong><em>Huong Que invited partners to visit Tra My cinnamon area and observe farmers harvesting cinnamon<\/em><\/strong><\/p>\n<p align=\"center\">Cinnamon material for grinding cinnamon powder is selected in cinnamon stalks with high oil content, cleaning the outer cover and drying with a maximum moisture content of 9%.<\/p>\n<p><strong>With the opinion: <\/strong>maximum the benefits, effectiveness and utility for customers. Therefore, Huong Que has organized the production, processing, packaging with closed process to ensure food safety and hygiene.<\/p>\n<p><img decoding=\"async\" class=\"aligncenter\" src=\"http:\/\/huongque.oneoffice.com.vn\/Content\/UserFiles\/Images\/Product\/Content\/botque%20(3).jpg\" alt=\"\" \/><\/p>\n<p style=\"text-align: center;\">Fresh cinnamon bark has just been removed from cinnamon stalks<\/p>\n<p>&nbsp;<\/p>\n<\/div>\n<p><img decoding=\"async\" class=\"aligncenter size-full wp-image-3856\" src=\"https:\/\/huongque.com.vn\/wp-content\/uploads\/2019\/03\/botque-1.jpg\" alt=\"\" width=\"500\" height=\"500\" srcset=\"https:\/\/huongque.com.vn\/wp-content\/uploads\/2019\/03\/botque-1.jpg 500w, https:\/\/huongque.com.vn\/wp-content\/uploads\/2019\/03\/botque-1-75x75.jpg 75w, https:\/\/huongque.com.vn\/wp-content\/uploads\/2019\/03\/botque-1-150x150.jpg 150w, https:\/\/huongque.com.vn\/wp-content\/uploads\/2019\/03\/botque-1-300x300.jpg 300w, https:\/\/huongque.com.vn\/wp-content\/uploads\/2019\/03\/botque-1-100x100.jpg 100w\" sizes=\"(max-width: 500px) 100vw, 500px\" \/><\/p>\n<div>\n<p style=\"text-align: center;\">After drying, cinnamon bark is shaved off the outer cover, free from moss and parasitic fungus.<\/p>\n<p><img loading=\"lazy\" decoding=\"async\" class=\"aligncenter size-full wp-image-1141\" src=\"https:\/\/huongque.com.vn\/wp-content\/uploads\/2019\/03\/botque99.jpg\" alt=\"\" width=\"961\" height=\"638\" srcset=\"https:\/\/huongque.com.vn\/wp-content\/uploads\/2019\/03\/botque99.jpg 961w, https:\/\/huongque.com.vn\/wp-content\/uploads\/2019\/03\/botque99-300x199.jpg 300w, https:\/\/huongque.com.vn\/wp-content\/uploads\/2019\/03\/botque99-768x510.jpg 768w\" sizes=\"(max-width: 961px) 100vw, 961px\" \/><\/p>\n<p style=\"text-align: center;\">Cinnamon powder is finely ground, clean, pure and chemical-free.<\/p>\n<p>&nbsp;<\/p>\n<p><img loading=\"lazy\" decoding=\"async\" class=\"aligncenter size-full wp-image-2146\" src=\"https:\/\/huongque.com.vn\/wp-content\/uploads\/2019\/03\/test-bot-que-2018-1-001-1.jpg\" alt=\"\" width=\"1200\" height=\"1555\" srcset=\"https:\/\/huongque.com.vn\/wp-content\/uploads\/2019\/03\/test-bot-que-2018-1-001-1.jpg 1200w, https:\/\/huongque.com.vn\/wp-content\/uploads\/2019\/03\/test-bot-que-2018-1-001-1-232x300.jpg 232w, https:\/\/huongque.com.vn\/wp-content\/uploads\/2019\/03\/test-bot-que-2018-1-001-1-768x995.jpg 768w, https:\/\/huongque.com.vn\/wp-content\/uploads\/2019\/03\/test-bot-que-2018-1-001-1-790x1024.jpg 790w\" sizes=\"(max-width: 1200px) 100vw, 1200px\" \/> <img loading=\"lazy\" decoding=\"async\" class=\"aligncenter size-full wp-image-2152\" src=\"https:\/\/huongque.com.vn\/wp-content\/uploads\/2019\/03\/VUT-test-bot-que-2-001-1.jpg\" alt=\"\" width=\"1200\" height=\"1658\" srcset=\"https:\/\/huongque.com.vn\/wp-content\/uploads\/2019\/03\/VUT-test-bot-que-2-001-1.jpg 1200w, https:\/\/huongque.com.vn\/wp-content\/uploads\/2019\/03\/VUT-test-bot-que-2-001-1-217x300.jpg 217w, https:\/\/huongque.com.vn\/wp-content\/uploads\/2019\/03\/VUT-test-bot-que-2-001-1-768x1061.jpg 768w, https:\/\/huongque.com.vn\/wp-content\/uploads\/2019\/03\/VUT-test-bot-que-2-001-1-741x1024.jpg 741w\" sizes=\"(max-width: 1200px) 100vw, 1200px\" \/><\/p>\n<p>&nbsp;<\/p>\n<p>&nbsp;<\/p>\n<p>Experimental results at Danang Preventive Medical Center<\/p>\n<p>&nbsp;<\/p>\n<p>From cinnamon uses, in addition to pure cinnamon powder, Huong Que also produces many premium product lines which trusted by many consumers, such as Huong Que insoles, Huong Que slippers, especially Huong Que premium belly belt.These products are sold not only all over the country by agencies and supermarket channels distributed from North to South and Huong Que have exported to 7 customers in 6 countries, including the United States.<\/p>\n<p><strong>Thanks to the advice and help of oriental medicine, combined with scientific literature research. In 2016, Huong Que launched a new product line &#8211; Huong Que herbal mattress topper (WINTER ENERGY)<\/strong><\/p>\n<p><img loading=\"lazy\" decoding=\"async\" class=\"aligncenter size-full wp-image-3862\" src=\"https:\/\/huongque.com.vn\/wp-content\/uploads\/2019\/03\/botque-6.jpg\" alt=\"\" width=\"640\" height=\"426\" srcset=\"https:\/\/huongque.com.vn\/wp-content\/uploads\/2019\/03\/botque-6.jpg 640w, https:\/\/huongque.com.vn\/wp-content\/uploads\/2019\/03\/botque-6-300x200.jpg 300w\" sizes=\"(max-width: 640px) 100vw, 640px\" \/><\/p>\n<p><img loading=\"lazy\" decoding=\"async\" class=\"aligncenter size-full wp-image-3864\" src=\"https:\/\/huongque.com.vn\/wp-content\/uploads\/2019\/03\/botque-7.jpg\" alt=\"\" width=\"568\" height=\"480\" srcset=\"https:\/\/huongque.com.vn\/wp-content\/uploads\/2019\/03\/botque-7.jpg 568w, https:\/\/huongque.com.vn\/wp-content\/uploads\/2019\/03\/botque-7-300x254.jpg 300w\" sizes=\"(max-width: 568px) 100vw, 568px\" \/><\/p>\n<p>&nbsp;<\/p>\n<h3><strong>Certification of food safety and hygiene<\/strong><\/h3>\n<\/div>\n<p><img loading=\"lazy\" decoding=\"async\" class=\"aligncenter size-full wp-image-2150\" src=\"https:\/\/huongque.com.vn\/wp-content\/uploads\/2019\/03\/VUT-giay-chung-nhan-VSATTP-1.jpg\" alt=\"\" width=\"1200\" height=\"1581\" srcset=\"https:\/\/huongque.com.vn\/wp-content\/uploads\/2019\/03\/VUT-giay-chung-nhan-VSATTP-1.jpg 1200w, https:\/\/huongque.com.vn\/wp-content\/uploads\/2019\/03\/VUT-giay-chung-nhan-VSATTP-1-228x300.jpg 228w, https:\/\/huongque.com.vn\/wp-content\/uploads\/2019\/03\/VUT-giay-chung-nhan-VSATTP-1-768x1012.jpg 768w, https:\/\/huongque.com.vn\/wp-content\/uploads\/2019\/03\/VUT-giay-chung-nhan-VSATTP-1-777x1024.jpg 777w\" sizes=\"(max-width: 1200px) 100vw, 1200px\" \/><\/p>\n<p><img loading=\"lazy\" decoding=\"async\" class=\"aligncenter size-full wp-image-1220\" src=\"https:\/\/huongque.com.vn\/wp-content\/uploads\/2019\/03\/chungnhan-qtm.jpg\" alt=\"\" width=\"934\" height=\"1316\" srcset=\"https:\/\/huongque.com.vn\/wp-content\/uploads\/2019\/03\/chungnhan-qtm.jpg 934w, https:\/\/huongque.com.vn\/wp-content\/uploads\/2019\/03\/chungnhan-qtm-213x300.jpg 213w, https:\/\/huongque.com.vn\/wp-content\/uploads\/2019\/03\/chungnhan-qtm-768x1082.jpg 768w, https:\/\/huongque.com.vn\/wp-content\/uploads\/2019\/03\/chungnhan-qtm-727x1024.jpg 727w\" sizes=\"(max-width: 934px) 100vw, 934px\" \/>\u00a0<img loading=\"lazy\" decoding=\"async\" class=\"aligncenter size-full wp-image-2154\" src=\"https:\/\/huongque.com.vn\/wp-content\/uploads\/2019\/03\/VUT-chungnhan-qtm111.jpg\" alt=\"\" width=\"1200\" height=\"1685\" srcset=\"https:\/\/huongque.com.vn\/wp-content\/uploads\/2019\/03\/VUT-chungnhan-qtm111.jpg 1200w, https:\/\/huongque.com.vn\/wp-content\/uploads\/2019\/03\/VUT-chungnhan-qtm111-214x300.jpg 214w, https:\/\/huongque.com.vn\/wp-content\/uploads\/2019\/03\/VUT-chungnhan-qtm111-768x1078.jpg 768w, https:\/\/huongque.com.vn\/wp-content\/uploads\/2019\/03\/VUT-chungnhan-qtm111-729x1024.jpg 729w\" sizes=\"(max-width: 1200px) 100vw, 1200px\" \/><\/p>\n<p><img loading=\"lazy\" decoding=\"async\" class=\"aligncenter size-full wp-image-2144\" src=\"https:\/\/huongque.com.vn\/wp-content\/uploads\/2019\/03\/2cc30c52c50f2151781e.jpg\" alt=\"\" width=\"1275\" height=\"1755\" srcset=\"https:\/\/huongque.com.vn\/wp-content\/uploads\/2019\/03\/2cc30c52c50f2151781e.jpg 1275w, https:\/\/huongque.com.vn\/wp-content\/uploads\/2019\/03\/2cc30c52c50f2151781e-218x300.jpg 218w, https:\/\/huongque.com.vn\/wp-content\/uploads\/2019\/03\/2cc30c52c50f2151781e-768x1057.jpg 768w, https:\/\/huongque.com.vn\/wp-content\/uploads\/2019\/03\/2cc30c52c50f2151781e-744x1024.jpg 744w\" sizes=\"(max-width: 1275px) 100vw, 1275px\" \/> <img loading=\"lazy\" decoding=\"async\" class=\"aligncenter size-full wp-image-2136\" src=\"https:\/\/huongque.com.vn\/wp-content\/uploads\/2019\/03\/VUT-giay-attp-bot-que.jpg\" alt=\"\" width=\"1200\" height=\"1568\" srcset=\"https:\/\/huongque.com.vn\/wp-content\/uploads\/2019\/03\/VUT-giay-attp-bot-que.jpg 1200w, https:\/\/huongque.com.vn\/wp-content\/uploads\/2019\/03\/VUT-giay-attp-bot-que-230x300.jpg 230w, https:\/\/huongque.com.vn\/wp-content\/uploads\/2019\/03\/VUT-giay-attp-bot-que-768x1004.jpg 768w, https:\/\/huongque.com.vn\/wp-content\/uploads\/2019\/03\/VUT-giay-attp-bot-que-784x1024.jpg 784w\" sizes=\"(max-width: 1200px) 100vw, 1200px\" \/><\/p>\n","protected":false},"excerpt":{"rendered":"<p>Cinnamon also has very special effects, such as reducing blood sugar level, reducing cholesterol, burning fat, facilitating digestion, blood circulation, treating stomach pain.<\/p>\n","protected":false},"featured_media":1346,"comment_status":"open","ping_status":"closed","template":"","meta":{"_acf_changed":false},"product_brand":[],"product_cat":[159,69,225,226,68],"product_tag":[],"class_list":{"0":"post-1682","1":"product","2":"type-product","3":"status-publish","4":"has-post-thumbnail","6":"cong_dung-for-men","7":"cong_dung-for-women","8":"product_cat-cinnamon-powder-for-food-drink","9":"product_cat-cinnamon-stick-cinnamon-powder-types","10":"product_cat-promotion-en","11":"product_cat-promotion-2-en","12":"product_cat-pure-cinnamon","14":"first","15":"instock","16":"shipping-taxable","17":"purchasable","18":"product-type-simple"},"acf":[],"yoast_head":"<!-- This site is optimized with the Yoast SEO Premium plugin v27.2 (Yoast SEO v27.2) - https:\/\/yoast.com\/product\/yoast-seo-premium-wordpress\/ -->\n<title>Pure cinnamon powder (packed in zinc coated bags) - H\u01b0\u01a1ng Qu\u1ebf<\/title>\n<meta name=\"robots\" content=\"index, follow, max-snippet:-1, max-image-preview:large, max-video-preview:-1\" \/>\n<link rel=\"canonical\" href=\"https:\/\/huongque.com.vn\/en\/bot-que-nguyen-chat-dong-trong-tui-trang-kem\/\" \/>\n<meta property=\"og:locale\" content=\"en_US\" \/>\n<meta property=\"og:type\" content=\"article\" \/>\n<meta property=\"og:title\" content=\"Pure cinnamon powder (packed in zinc coated bags)\" \/>\n<meta property=\"og:description\" content=\"Cinnamon also has very special effects, such as reducing blood sugar level, reducing cholesterol, burning fat, facilitating digestion, blood circulation, treating stomach pain.\" \/>\n<meta property=\"og:url\" content=\"https:\/\/huongque.com.vn\/en\/bot-que-nguyen-chat-dong-trong-tui-trang-kem\/\" \/>\n<meta property=\"og:site_name\" content=\"H\u01b0\u01a1ng Qu\u1ebf\" \/>\n<meta property=\"article:publisher\" content=\"https:\/\/www.facebook.com\/HuongQueDanang\" \/>\n<meta property=\"article:modified_time\" content=\"2019-07-05T01:57:53+00:00\" \/>\n<meta property=\"og:image\" content=\"https:\/\/huongque.com.vn\/wp-content\/uploads\/2019\/03\/l-025544-bq-1.jpg\" \/>\n\t<meta property=\"og:image:width\" content=\"427\" \/>\n\t<meta property=\"og:image:height\" content=\"447\" \/>\n\t<meta property=\"og:image:type\" content=\"image\/jpeg\" \/>\n<meta name=\"twitter:card\" content=\"summary_large_image\" \/>\n<meta name=\"twitter:label1\" content=\"Price\" \/>\n\t<meta name=\"twitter:data1\" content=\"209,000 vnd\" \/>\n\t<meta name=\"twitter:label2\" content=\"Availability\" \/>\n\t<meta name=\"twitter:data2\" content=\"In stock\" \/>\n<script type=\"application\/ld+json\" class=\"yoast-schema-graph\">{\"@context\":\"https:\/\/schema.org\",\"@graph\":[{\"@type\":\"WebPage\",\"@id\":\"https:\/\/huongque.com.vn\/en\/bot-que-nguyen-chat-dong-trong-tui-trang-kem\/\",\"url\":\"https:\/\/huongque.com.vn\/en\/bot-que-nguyen-chat-dong-trong-tui-trang-kem\/\",\"name\":\"Pure cinnamon powder (packed in zinc coated bags) - H\u01b0\u01a1ng Qu\u1ebf\",\"isPartOf\":{\"@id\":\"https:\/\/huongque.com.vn\/en\/#website\"},\"primaryImageOfPage\":{\"@id\":\"https:\/\/huongque.com.vn\/en\/bot-que-nguyen-chat-dong-trong-tui-trang-kem\/#primaryimage\"},\"image\":{\"@id\":\"https:\/\/huongque.com.vn\/en\/bot-que-nguyen-chat-dong-trong-tui-trang-kem\/#primaryimage\"},\"thumbnailUrl\":\"https:\/\/huongque.com.vn\/wp-content\/uploads\/2019\/03\/l-025544-bq-1.jpg\",\"datePublished\":\"2019-03-12T09:28:46+00:00\",\"dateModified\":\"2019-07-05T01:57:53+00:00\",\"breadcrumb\":{\"@id\":\"https:\/\/huongque.com.vn\/en\/bot-que-nguyen-chat-dong-trong-tui-trang-kem\/#breadcrumb\"},\"inLanguage\":\"en-US\",\"potentialAction\":[{\"@type\":\"ReadAction\",\"target\":[\"https:\/\/huongque.com.vn\/en\/bot-que-nguyen-chat-dong-trong-tui-trang-kem\/\"]}]},{\"@type\":\"ImageObject\",\"inLanguage\":\"en-US\",\"@id\":\"https:\/\/huongque.com.vn\/en\/bot-que-nguyen-chat-dong-trong-tui-trang-kem\/#primaryimage\",\"url\":\"https:\/\/huongque.com.vn\/wp-content\/uploads\/2019\/03\/l-025544-bq-1.jpg\",\"contentUrl\":\"https:\/\/huongque.com.vn\/wp-content\/uploads\/2019\/03\/l-025544-bq-1.jpg\",\"width\":427,\"height\":447},{\"@type\":\"BreadcrumbList\",\"@id\":\"https:\/\/huongque.com.vn\/en\/bot-que-nguyen-chat-dong-trong-tui-trang-kem\/#breadcrumb\",\"itemListElement\":[{\"@type\":\"ListItem\",\"position\":1,\"name\":\"Trang ch\u1ee7\",\"item\":\"https:\/\/huongque.com.vn\/en\/\"},{\"@type\":\"ListItem\",\"position\":2,\"name\":\"Shop\",\"item\":\"https:\/\/huongque.com.vn\/shop\/\"},{\"@type\":\"ListItem\",\"position\":3,\"name\":\"Pure cinnamon powder (packed in zinc coated bags)\"}]},{\"@type\":\"WebSite\",\"@id\":\"https:\/\/huongque.com.vn\/en\/#website\",\"url\":\"https:\/\/huongque.com.vn\/en\/\",\"name\":\"H\u01b0\u01a1ng Qu\u1ebf\",\"description\":\"l\u00f3t gi\u00e0y qu\u1ebf, l\u00f3t gi\u00e0y h\u01b0\u01a1ng qu\u1ebf, d\u00e9p chi\u1ebfu, d\u00e9p tre, d\u00e9p c\u00f3i, b\u1ed9t qu\u1ebf, n\u1ecbt cao c\u1ea5p h\u01b0\u01a1ng qu\u1ebf, t\u00fai th\u01a1m h\u01b0\u01a1ng qu\u1ebf, th\u1ea3m cao c\u1ea5p h\u01b0\u01a1ng qu\u1ebf\",\"publisher\":{\"@id\":\"https:\/\/huongque.com.vn\/en\/#organization\"},\"potentialAction\":[{\"@type\":\"SearchAction\",\"target\":{\"@type\":\"EntryPoint\",\"urlTemplate\":\"https:\/\/huongque.com.vn\/en\/?s={search_term_string}\"},\"query-input\":{\"@type\":\"PropertyValueSpecification\",\"valueRequired\":true,\"valueName\":\"search_term_string\"}}],\"inLanguage\":\"en-US\"},{\"@type\":\"Organization\",\"@id\":\"https:\/\/huongque.com.vn\/en\/#organization\",\"name\":\"C\u00f4ng ty TNHH SX CB KD XNK H\u01b0\u01a1ng Qu\u1ebf\",\"url\":\"https:\/\/huongque.com.vn\/en\/\",\"logo\":{\"@type\":\"ImageObject\",\"inLanguage\":\"en-US\",\"@id\":\"https:\/\/huongque.com.vn\/en\/#\/schema\/logo\/image\/\",\"url\":\"https:\/\/huongque.com.vn\/wp-content\/uploads\/2019\/03\/logosf.png\",\"contentUrl\":\"https:\/\/huongque.com.vn\/wp-content\/uploads\/2019\/03\/logosf.png\",\"width\":501,\"height\":160,\"caption\":\"C\u00f4ng ty TNHH SX CB KD XNK H\u01b0\u01a1ng Qu\u1ebf\"},\"image\":{\"@id\":\"https:\/\/huongque.com.vn\/en\/#\/schema\/logo\/image\/\"},\"sameAs\":[\"https:\/\/www.facebook.com\/HuongQueDanang\"]}]}<\/script>\n<meta property=\"product:price:amount\" content=\"209000\" \/>\n<meta property=\"product:price:currency\" content=\"VND\" \/>\n<meta property=\"og:availability\" content=\"instock\" \/>\n<meta property=\"product:availability\" content=\"instock\" \/>\n<meta property=\"product:retailer_item_id\" content=\"BOTQUE\" \/>\n<meta property=\"product:condition\" content=\"new\" \/>\n<!-- \/ Yoast SEO Premium plugin. -->","yoast_head_json":{"title":"Pure cinnamon powder (packed in zinc coated bags) - H\u01b0\u01a1ng Qu\u1ebf","robots":{"index":"index","follow":"follow","max-snippet":"max-snippet:-1","max-image-preview":"max-image-preview:large","max-video-preview":"max-video-preview:-1"},"canonical":"https:\/\/huongque.com.vn\/en\/bot-que-nguyen-chat-dong-trong-tui-trang-kem\/","og_locale":"en_US","og_type":"article","og_title":"Pure cinnamon powder (packed in zinc coated bags)","og_description":"Cinnamon also has very special effects, such as reducing blood sugar level, reducing cholesterol, burning fat, facilitating digestion, blood circulation, treating stomach pain.","og_url":"https:\/\/huongque.com.vn\/en\/bot-que-nguyen-chat-dong-trong-tui-trang-kem\/","og_site_name":"H\u01b0\u01a1ng Qu\u1ebf","article_publisher":"https:\/\/www.facebook.com\/HuongQueDanang","article_modified_time":"2019-07-05T01:57:53+00:00","og_image":[{"width":427,"height":447,"url":"https:\/\/huongque.com.vn\/wp-content\/uploads\/2019\/03\/l-025544-bq-1.jpg","type":"image\/jpeg"}],"twitter_card":"summary_large_image","twitter_misc":{"Price":"209,000 vnd","Availability":"In stock"},"schema":{"@context":"https:\/\/schema.org","@graph":[{"@type":"WebPage","@id":"https:\/\/huongque.com.vn\/en\/bot-que-nguyen-chat-dong-trong-tui-trang-kem\/","url":"https:\/\/huongque.com.vn\/en\/bot-que-nguyen-chat-dong-trong-tui-trang-kem\/","name":"Pure cinnamon powder (packed in zinc coated bags) - H\u01b0\u01a1ng Qu\u1ebf","isPartOf":{"@id":"https:\/\/huongque.com.vn\/en\/#website"},"primaryImageOfPage":{"@id":"https:\/\/huongque.com.vn\/en\/bot-que-nguyen-chat-dong-trong-tui-trang-kem\/#primaryimage"},"image":{"@id":"https:\/\/huongque.com.vn\/en\/bot-que-nguyen-chat-dong-trong-tui-trang-kem\/#primaryimage"},"thumbnailUrl":"https:\/\/huongque.com.vn\/wp-content\/uploads\/2019\/03\/l-025544-bq-1.jpg","datePublished":"2019-03-12T09:28:46+00:00","dateModified":"2019-07-05T01:57:53+00:00","breadcrumb":{"@id":"https:\/\/huongque.com.vn\/en\/bot-que-nguyen-chat-dong-trong-tui-trang-kem\/#breadcrumb"},"inLanguage":"en-US","potentialAction":[{"@type":"ReadAction","target":["https:\/\/huongque.com.vn\/en\/bot-que-nguyen-chat-dong-trong-tui-trang-kem\/"]}]},{"@type":"ImageObject","inLanguage":"en-US","@id":"https:\/\/huongque.com.vn\/en\/bot-que-nguyen-chat-dong-trong-tui-trang-kem\/#primaryimage","url":"https:\/\/huongque.com.vn\/wp-content\/uploads\/2019\/03\/l-025544-bq-1.jpg","contentUrl":"https:\/\/huongque.com.vn\/wp-content\/uploads\/2019\/03\/l-025544-bq-1.jpg","width":427,"height":447},{"@type":"BreadcrumbList","@id":"https:\/\/huongque.com.vn\/en\/bot-que-nguyen-chat-dong-trong-tui-trang-kem\/#breadcrumb","itemListElement":[{"@type":"ListItem","position":1,"name":"Trang ch\u1ee7","item":"https:\/\/huongque.com.vn\/en\/"},{"@type":"ListItem","position":2,"name":"Shop","item":"https:\/\/huongque.com.vn\/shop\/"},{"@type":"ListItem","position":3,"name":"Pure cinnamon powder (packed in zinc coated bags)"}]},{"@type":"WebSite","@id":"https:\/\/huongque.com.vn\/en\/#website","url":"https:\/\/huongque.com.vn\/en\/","name":"H\u01b0\u01a1ng Qu\u1ebf","description":"l\u00f3t gi\u00e0y qu\u1ebf, l\u00f3t gi\u00e0y h\u01b0\u01a1ng qu\u1ebf, d\u00e9p chi\u1ebfu, d\u00e9p tre, d\u00e9p c\u00f3i, b\u1ed9t qu\u1ebf, n\u1ecbt cao c\u1ea5p h\u01b0\u01a1ng qu\u1ebf, t\u00fai th\u01a1m h\u01b0\u01a1ng qu\u1ebf, th\u1ea3m cao c\u1ea5p h\u01b0\u01a1ng qu\u1ebf","publisher":{"@id":"https:\/\/huongque.com.vn\/en\/#organization"},"potentialAction":[{"@type":"SearchAction","target":{"@type":"EntryPoint","urlTemplate":"https:\/\/huongque.com.vn\/en\/?s={search_term_string}"},"query-input":{"@type":"PropertyValueSpecification","valueRequired":true,"valueName":"search_term_string"}}],"inLanguage":"en-US"},{"@type":"Organization","@id":"https:\/\/huongque.com.vn\/en\/#organization","name":"C\u00f4ng ty TNHH SX CB KD XNK H\u01b0\u01a1ng Qu\u1ebf","url":"https:\/\/huongque.com.vn\/en\/","logo":{"@type":"ImageObject","inLanguage":"en-US","@id":"https:\/\/huongque.com.vn\/en\/#\/schema\/logo\/image\/","url":"https:\/\/huongque.com.vn\/wp-content\/uploads\/2019\/03\/logosf.png","contentUrl":"https:\/\/huongque.com.vn\/wp-content\/uploads\/2019\/03\/logosf.png","width":501,"height":160,"caption":"C\u00f4ng ty TNHH SX CB KD XNK H\u01b0\u01a1ng Qu\u1ebf"},"image":{"@id":"https:\/\/huongque.com.vn\/en\/#\/schema\/logo\/image\/"},"sameAs":["https:\/\/www.facebook.com\/HuongQueDanang"]}]},"product_price_amount":"209000","product_price_currency":"VND","og_availability":"instock","product_availability":"instock","product_retailer_item_id":"BOTQUE","product_condition":"new"},"_links":{"self":[{"href":"https:\/\/huongque.com.vn\/en\/wp-json\/wp\/v2\/product\/1682","targetHints":{"allow":["GET"]}}],"collection":[{"href":"https:\/\/huongque.com.vn\/en\/wp-json\/wp\/v2\/product"}],"about":[{"href":"https:\/\/huongque.com.vn\/en\/wp-json\/wp\/v2\/types\/product"}],"replies":[{"embeddable":true,"href":"https:\/\/huongque.com.vn\/en\/wp-json\/wp\/v2\/comments?post=1682"}],"version-history":[{"count":0,"href":"https:\/\/huongque.com.vn\/en\/wp-json\/wp\/v2\/product\/1682\/revisions"}],"wp:featuredmedia":[{"embeddable":true,"href":"https:\/\/huongque.com.vn\/en\/wp-json\/wp\/v2\/media\/1346"}],"wp:attachment":[{"href":"https:\/\/huongque.com.vn\/en\/wp-json\/wp\/v2\/media?parent=1682"}],"wp:term":[{"taxonomy":"product_brand","embeddable":true,"href":"https:\/\/huongque.com.vn\/en\/wp-json\/wp\/v2\/product_brand?post=1682"},{"taxonomy":"product_cat","embeddable":true,"href":"https:\/\/huongque.com.vn\/en\/wp-json\/wp\/v2\/product_cat?post=1682"},{"taxonomy":"product_tag","embeddable":true,"href":"https:\/\/huongque.com.vn\/en\/wp-json\/wp\/v2\/product_tag?post=1682"}],"curies":[{"name":"wp","href":"https:\/\/api.w.org\/{rel}","templated":true}]}}