{"id":1710,"date":"2019-03-12T15:00:49","date_gmt":"2019-03-12T08:00:49","guid":{"rendered":"https:\/\/huongque.com.vn\/product\/dep-chieu-huong-que-hq-10318\/"},"modified":"2019-06-25T11:38:22","modified_gmt":"2019-06-25T04:38:22","slug":"edcq-02","status":"publish","type":"product","link":"https:\/\/huongque.com.vn\/en\/edcq-02\/","title":{"rendered":"EDCQ-02"},"content":{"rendered":"<p>Huong Que mat slippers are beautiful handcrafted products with 100% Vietnamese materials. Looks great! Men&#8217;s slippers with straps are sure to bring a healthy and elegant look. Many women&#8217;s slippers are made of silk, cotton or other fabric with decorative beads, or pretty bows on floral printed material of spring season. Huong Que slippers are very suitable to wear at home, in the office, especially Huong Que slippers are also a travel companion.<\/p>\n<p><img fetchpriority=\"high\" decoding=\"async\" class=\"aligncenter wp-image-648 size-full\" src=\"https:\/\/huongque.com.vn\/wp-content\/uploads\/2019\/03\/dep-chieu1.jpg\" alt=\"\" width=\"1000\" height=\"934\" srcset=\"https:\/\/huongque.com.vn\/wp-content\/uploads\/2019\/03\/dep-chieu1.jpg 1000w, https:\/\/huongque.com.vn\/wp-content\/uploads\/2019\/03\/dep-chieu1-300x280.jpg 300w, https:\/\/huongque.com.vn\/wp-content\/uploads\/2019\/03\/dep-chieu1-768x717.jpg 768w\" sizes=\"(max-width: 1000px) 100vw, 1000px\" \/><\/p>\n<p>The slippers are made of all natural and friendly-environment materials. Soft rubber soles and soft mat will naturally contact directly with the skin of the feet. Huong Que slippers are very light, not easily damaged and very durable. Comfortable slippers for walking!<\/p>\n<p>There is a special feature in Huong Que slippers. It is a layer of pure cinnamon powder located just below the mat that radiates warmth, a light fragrance that helps stimulate acupuncture points in the soles of the feet, giving the feet a fragrant, cool and dry appearance. No more foot odor or scratching when walking! Slippers with sizes from 35-45, meet all sizes when you need. Huong Que is very interested in producing many types of beautiful slippers that are different from other slippers. Huong Que slippers are very durable and beautiful.<\/p>\n<p><img decoding=\"async\" class=\"aligncenter wp-image-2069 size-large\" src=\"https:\/\/huongque.com.vn\/wp-content\/uploads\/2019\/03\/nd1-1-767x1024.jpg\" alt=\"\" width=\"640\" height=\"854\" srcset=\"https:\/\/huongque.com.vn\/wp-content\/uploads\/2019\/03\/nd1-1-767x1024.jpg 767w, https:\/\/huongque.com.vn\/wp-content\/uploads\/2019\/03\/nd1-1-225x300.jpg 225w, https:\/\/huongque.com.vn\/wp-content\/uploads\/2019\/03\/nd1-1-768x1025.jpg 768w, https:\/\/huongque.com.vn\/wp-content\/uploads\/2019\/03\/nd1-1.jpg 931w\" sizes=\"(max-width: 640px) 100vw, 640px\" \/><\/p>\n<p><img decoding=\"async\" class=\"aligncenter wp-image-2052 size-large\" src=\"https:\/\/huongque.com.vn\/wp-content\/uploads\/2019\/06\/nd2-769x1024.jpg\" alt=\"\" width=\"640\" height=\"852\" srcset=\"https:\/\/huongque.com.vn\/wp-content\/uploads\/2019\/06\/nd2-769x1024.jpg 769w, https:\/\/huongque.com.vn\/wp-content\/uploads\/2019\/06\/nd2-225x300.jpg 225w, https:\/\/huongque.com.vn\/wp-content\/uploads\/2019\/06\/nd2-768x1023.jpg 768w, https:\/\/huongque.com.vn\/wp-content\/uploads\/2019\/06\/nd2.jpg 931w\" sizes=\"(max-width: 640px) 100vw, 640px\" \/><\/p>\n","protected":false},"excerpt":{"rendered":"<p>Huong Que mat slippers are beautiful handcrafted products with 100% Vietnamese materials. Looks great! Men&#8217;s slippers with straps are sure to bring a healthy and elegant look.<\/p>\n","protected":false},"featured_media":1291,"comment_status":"open","ping_status":"closed","template":"","meta":{"_acf_changed":false},"product_brand":[],"product_cat":[72,73],"product_tag":[],"class_list":{"0":"post-1710","1":"product","2":"type-product","3":"status-publish","4":"has-post-thumbnail","6":"cong_dung-for-men","7":"cong_dung-for-women","8":"product_cat-huong-que-mat-slippers","9":"product_cat-huong-que-slippers","11":"first","12":"instock","13":"shipping-taxable","14":"purchasable","15":"product-type-variable"},"acf":[],"yoast_head":"<!-- This site is optimized with the Yoast SEO Premium plugin v27.2 (Yoast SEO v27.2) - https:\/\/yoast.com\/product\/yoast-seo-premium-wordpress\/ -->\n<title>EDCQ-02 - H\u01b0\u01a1ng Qu\u1ebf<\/title>\n<meta name=\"robots\" content=\"index, follow, max-snippet:-1, max-image-preview:large, max-video-preview:-1\" \/>\n<link rel=\"canonical\" href=\"https:\/\/huongque.com.vn\/en\/edcq-02\/\" \/>\n<meta property=\"og:locale\" content=\"en_US\" \/>\n<meta property=\"og:type\" content=\"article\" \/>\n<meta property=\"og:title\" content=\"EDCQ-02\" \/>\n<meta property=\"og:description\" content=\"Huong Que mat slippers are beautiful handcrafted products with 100% Vietnamese materials. Looks great! Men&#039;s slippers with straps are sure to bring a healthy and elegant look.\" \/>\n<meta property=\"og:url\" content=\"https:\/\/huongque.com.vn\/en\/edcq-02\/\" \/>\n<meta property=\"og:site_name\" content=\"H\u01b0\u01a1ng Qu\u1ebf\" \/>\n<meta property=\"article:publisher\" content=\"https:\/\/www.facebook.com\/HuongQueDanang\" \/>\n<meta property=\"article:modified_time\" content=\"2019-06-25T04:38:22+00:00\" \/>\n<meta property=\"og:image\" content=\"https:\/\/huongque.com.vn\/wp-content\/uploads\/2019\/03\/l-151054-dep-chieu.jpg\" \/>\n\t<meta property=\"og:image:width\" content=\"427\" \/>\n\t<meta property=\"og:image:height\" content=\"447\" \/>\n\t<meta property=\"og:image:type\" content=\"image\/jpeg\" \/>\n<meta name=\"twitter:card\" content=\"summary_large_image\" \/>\n<meta name=\"twitter:label1\" content=\"Availability\" \/>\n\t<meta name=\"twitter:data1\" content=\"In stock\" \/>\n<script type=\"application\/ld+json\" class=\"yoast-schema-graph\">{\"@context\":\"https:\/\/schema.org\",\"@graph\":[{\"@type\":\"WebPage\",\"@id\":\"https:\/\/huongque.com.vn\/en\/edcq-02\/\",\"url\":\"https:\/\/huongque.com.vn\/en\/edcq-02\/\",\"name\":\"EDCQ-02 - H\u01b0\u01a1ng Qu\u1ebf\",\"isPartOf\":{\"@id\":\"https:\/\/huongque.com.vn\/en\/#website\"},\"primaryImageOfPage\":{\"@id\":\"https:\/\/huongque.com.vn\/en\/edcq-02\/#primaryimage\"},\"image\":{\"@id\":\"https:\/\/huongque.com.vn\/en\/edcq-02\/#primaryimage\"},\"thumbnailUrl\":\"https:\/\/huongque.com.vn\/wp-content\/uploads\/2019\/03\/l-151054-dep-chieu.jpg\",\"datePublished\":\"2019-03-12T08:00:49+00:00\",\"dateModified\":\"2019-06-25T04:38:22+00:00\",\"breadcrumb\":{\"@id\":\"https:\/\/huongque.com.vn\/en\/edcq-02\/#breadcrumb\"},\"inLanguage\":\"en-US\",\"potentialAction\":[{\"@type\":\"ReadAction\",\"target\":[\"https:\/\/huongque.com.vn\/en\/edcq-02\/\"]}]},{\"@type\":\"ImageObject\",\"inLanguage\":\"en-US\",\"@id\":\"https:\/\/huongque.com.vn\/en\/edcq-02\/#primaryimage\",\"url\":\"https:\/\/huongque.com.vn\/wp-content\/uploads\/2019\/03\/l-151054-dep-chieu.jpg\",\"contentUrl\":\"https:\/\/huongque.com.vn\/wp-content\/uploads\/2019\/03\/l-151054-dep-chieu.jpg\",\"width\":427,\"height\":447},{\"@type\":\"BreadcrumbList\",\"@id\":\"https:\/\/huongque.com.vn\/en\/edcq-02\/#breadcrumb\",\"itemListElement\":[{\"@type\":\"ListItem\",\"position\":1,\"name\":\"Trang ch\u1ee7\",\"item\":\"https:\/\/huongque.com.vn\/en\/\"},{\"@type\":\"ListItem\",\"position\":2,\"name\":\"Shop\",\"item\":\"https:\/\/huongque.com.vn\/shop\/\"},{\"@type\":\"ListItem\",\"position\":3,\"name\":\"EDCQ-02\"}]},{\"@type\":\"WebSite\",\"@id\":\"https:\/\/huongque.com.vn\/en\/#website\",\"url\":\"https:\/\/huongque.com.vn\/en\/\",\"name\":\"H\u01b0\u01a1ng Qu\u1ebf\",\"description\":\"l\u00f3t gi\u00e0y qu\u1ebf, l\u00f3t gi\u00e0y h\u01b0\u01a1ng qu\u1ebf, d\u00e9p chi\u1ebfu, d\u00e9p tre, d\u00e9p c\u00f3i, b\u1ed9t qu\u1ebf, n\u1ecbt cao c\u1ea5p h\u01b0\u01a1ng qu\u1ebf, t\u00fai th\u01a1m h\u01b0\u01a1ng qu\u1ebf, th\u1ea3m cao c\u1ea5p h\u01b0\u01a1ng qu\u1ebf\",\"publisher\":{\"@id\":\"https:\/\/huongque.com.vn\/en\/#organization\"},\"potentialAction\":[{\"@type\":\"SearchAction\",\"target\":{\"@type\":\"EntryPoint\",\"urlTemplate\":\"https:\/\/huongque.com.vn\/en\/?s={search_term_string}\"},\"query-input\":{\"@type\":\"PropertyValueSpecification\",\"valueRequired\":true,\"valueName\":\"search_term_string\"}}],\"inLanguage\":\"en-US\"},{\"@type\":\"Organization\",\"@id\":\"https:\/\/huongque.com.vn\/en\/#organization\",\"name\":\"C\u00f4ng ty TNHH SX CB KD XNK H\u01b0\u01a1ng Qu\u1ebf\",\"url\":\"https:\/\/huongque.com.vn\/en\/\",\"logo\":{\"@type\":\"ImageObject\",\"inLanguage\":\"en-US\",\"@id\":\"https:\/\/huongque.com.vn\/en\/#\/schema\/logo\/image\/\",\"url\":\"https:\/\/huongque.com.vn\/wp-content\/uploads\/2019\/03\/logosf.png\",\"contentUrl\":\"https:\/\/huongque.com.vn\/wp-content\/uploads\/2019\/03\/logosf.png\",\"width\":501,\"height\":160,\"caption\":\"C\u00f4ng ty TNHH SX CB KD XNK H\u01b0\u01a1ng Qu\u1ebf\"},\"image\":{\"@id\":\"https:\/\/huongque.com.vn\/en\/#\/schema\/logo\/image\/\"},\"sameAs\":[\"https:\/\/www.facebook.com\/HuongQueDanang\"]}]}<\/script>\n<meta property=\"og:availability\" content=\"instock\" \/>\n<meta property=\"product:availability\" content=\"instock\" \/>\n<meta property=\"product:retailer_item_id\" content=\"EDCQ-02\" \/>\n<meta property=\"product:condition\" content=\"new\" \/>\n<!-- \/ Yoast SEO Premium plugin. -->","yoast_head_json":{"title":"EDCQ-02 - H\u01b0\u01a1ng Qu\u1ebf","robots":{"index":"index","follow":"follow","max-snippet":"max-snippet:-1","max-image-preview":"max-image-preview:large","max-video-preview":"max-video-preview:-1"},"canonical":"https:\/\/huongque.com.vn\/en\/edcq-02\/","og_locale":"en_US","og_type":"article","og_title":"EDCQ-02","og_description":"Huong Que mat slippers are beautiful handcrafted products with 100% Vietnamese materials. Looks great! Men's slippers with straps are sure to bring a healthy and elegant look.","og_url":"https:\/\/huongque.com.vn\/en\/edcq-02\/","og_site_name":"H\u01b0\u01a1ng Qu\u1ebf","article_publisher":"https:\/\/www.facebook.com\/HuongQueDanang","article_modified_time":"2019-06-25T04:38:22+00:00","og_image":[{"width":427,"height":447,"url":"https:\/\/huongque.com.vn\/wp-content\/uploads\/2019\/03\/l-151054-dep-chieu.jpg","type":"image\/jpeg"}],"twitter_card":"summary_large_image","twitter_misc":{"Availability":"In stock"},"schema":{"@context":"https:\/\/schema.org","@graph":[{"@type":"WebPage","@id":"https:\/\/huongque.com.vn\/en\/edcq-02\/","url":"https:\/\/huongque.com.vn\/en\/edcq-02\/","name":"EDCQ-02 - H\u01b0\u01a1ng Qu\u1ebf","isPartOf":{"@id":"https:\/\/huongque.com.vn\/en\/#website"},"primaryImageOfPage":{"@id":"https:\/\/huongque.com.vn\/en\/edcq-02\/#primaryimage"},"image":{"@id":"https:\/\/huongque.com.vn\/en\/edcq-02\/#primaryimage"},"thumbnailUrl":"https:\/\/huongque.com.vn\/wp-content\/uploads\/2019\/03\/l-151054-dep-chieu.jpg","datePublished":"2019-03-12T08:00:49+00:00","dateModified":"2019-06-25T04:38:22+00:00","breadcrumb":{"@id":"https:\/\/huongque.com.vn\/en\/edcq-02\/#breadcrumb"},"inLanguage":"en-US","potentialAction":[{"@type":"ReadAction","target":["https:\/\/huongque.com.vn\/en\/edcq-02\/"]}]},{"@type":"ImageObject","inLanguage":"en-US","@id":"https:\/\/huongque.com.vn\/en\/edcq-02\/#primaryimage","url":"https:\/\/huongque.com.vn\/wp-content\/uploads\/2019\/03\/l-151054-dep-chieu.jpg","contentUrl":"https:\/\/huongque.com.vn\/wp-content\/uploads\/2019\/03\/l-151054-dep-chieu.jpg","width":427,"height":447},{"@type":"BreadcrumbList","@id":"https:\/\/huongque.com.vn\/en\/edcq-02\/#breadcrumb","itemListElement":[{"@type":"ListItem","position":1,"name":"Trang ch\u1ee7","item":"https:\/\/huongque.com.vn\/en\/"},{"@type":"ListItem","position":2,"name":"Shop","item":"https:\/\/huongque.com.vn\/shop\/"},{"@type":"ListItem","position":3,"name":"EDCQ-02"}]},{"@type":"WebSite","@id":"https:\/\/huongque.com.vn\/en\/#website","url":"https:\/\/huongque.com.vn\/en\/","name":"H\u01b0\u01a1ng Qu\u1ebf","description":"l\u00f3t gi\u00e0y qu\u1ebf, l\u00f3t gi\u00e0y h\u01b0\u01a1ng qu\u1ebf, d\u00e9p chi\u1ebfu, d\u00e9p tre, d\u00e9p c\u00f3i, b\u1ed9t qu\u1ebf, n\u1ecbt cao c\u1ea5p h\u01b0\u01a1ng qu\u1ebf, t\u00fai th\u01a1m h\u01b0\u01a1ng qu\u1ebf, th\u1ea3m cao c\u1ea5p h\u01b0\u01a1ng qu\u1ebf","publisher":{"@id":"https:\/\/huongque.com.vn\/en\/#organization"},"potentialAction":[{"@type":"SearchAction","target":{"@type":"EntryPoint","urlTemplate":"https:\/\/huongque.com.vn\/en\/?s={search_term_string}"},"query-input":{"@type":"PropertyValueSpecification","valueRequired":true,"valueName":"search_term_string"}}],"inLanguage":"en-US"},{"@type":"Organization","@id":"https:\/\/huongque.com.vn\/en\/#organization","name":"C\u00f4ng ty TNHH SX CB KD XNK H\u01b0\u01a1ng Qu\u1ebf","url":"https:\/\/huongque.com.vn\/en\/","logo":{"@type":"ImageObject","inLanguage":"en-US","@id":"https:\/\/huongque.com.vn\/en\/#\/schema\/logo\/image\/","url":"https:\/\/huongque.com.vn\/wp-content\/uploads\/2019\/03\/logosf.png","contentUrl":"https:\/\/huongque.com.vn\/wp-content\/uploads\/2019\/03\/logosf.png","width":501,"height":160,"caption":"C\u00f4ng ty TNHH SX CB KD XNK H\u01b0\u01a1ng Qu\u1ebf"},"image":{"@id":"https:\/\/huongque.com.vn\/en\/#\/schema\/logo\/image\/"},"sameAs":["https:\/\/www.facebook.com\/HuongQueDanang"]}]},"og_availability":"instock","product_availability":"instock","product_retailer_item_id":"EDCQ-02","product_condition":"new"},"_links":{"self":[{"href":"https:\/\/huongque.com.vn\/en\/wp-json\/wp\/v2\/product\/1710","targetHints":{"allow":["GET"]}}],"collection":[{"href":"https:\/\/huongque.com.vn\/en\/wp-json\/wp\/v2\/product"}],"about":[{"href":"https:\/\/huongque.com.vn\/en\/wp-json\/wp\/v2\/types\/product"}],"replies":[{"embeddable":true,"href":"https:\/\/huongque.com.vn\/en\/wp-json\/wp\/v2\/comments?post=1710"}],"version-history":[{"count":0,"href":"https:\/\/huongque.com.vn\/en\/wp-json\/wp\/v2\/product\/1710\/revisions"}],"wp:featuredmedia":[{"embeddable":true,"href":"https:\/\/huongque.com.vn\/en\/wp-json\/wp\/v2\/media\/1291"}],"wp:attachment":[{"href":"https:\/\/huongque.com.vn\/en\/wp-json\/wp\/v2\/media?parent=1710"}],"wp:term":[{"taxonomy":"product_brand","embeddable":true,"href":"https:\/\/huongque.com.vn\/en\/wp-json\/wp\/v2\/product_brand?post=1710"},{"taxonomy":"product_cat","embeddable":true,"href":"https:\/\/huongque.com.vn\/en\/wp-json\/wp\/v2\/product_cat?post=1710"},{"taxonomy":"product_tag","embeddable":true,"href":"https:\/\/huongque.com.vn\/en\/wp-json\/wp\/v2\/product_tag?post=1710"}],"curies":[{"name":"wp","href":"https:\/\/api.w.org\/{rel}","templated":true}]}}