{"id":1793,"date":"2019-03-12T17:02:03","date_gmt":"2019-03-12T10:02:03","guid":{"rendered":"https:\/\/huongque.com.vn\/product\/tui-thom-huong-que-pc26\/"},"modified":"2019-07-13T09:31:26","modified_gmt":"2019-07-13T02:31:26","slug":"tui-thom-huong-que-pc26","status":"publish","type":"product","link":"https:\/\/huongque.com.vn\/en\/tui-thom-huong-que-pc26\/","title":{"rendered":"Huong Que scented bag"},"content":{"rendered":"<div class=\"tab-content\">\n<div id=\"u-1\" class=\"tab-pane fade in active\" role=\"tabpanel\">\n<div><em><strong><b><i>100% NATURAL CINNAMON POWDER FOR MORE FRESH AIR AND LUSH SPACE<\/i><\/b><\/strong><\/em><\/div>\n<div><\/div>\n<div>\n<p>Huong Que scented bag with 100% natural cinnamon bark is ground into pure powder and packed with chiffon cloth bag embroidered with patterns and a string, giving a long aroma and gentle fragrance.<\/p>\n<p><img fetchpriority=\"high\" decoding=\"async\" class=\"alignnone wp-image-3821 size-full\" src=\"https:\/\/huongque.com.vn\/wp-content\/uploads\/2019\/03\/tui-thom-ok.jpg\" alt=\"\" width=\"837\" height=\"437\" srcset=\"https:\/\/huongque.com.vn\/wp-content\/uploads\/2019\/03\/tui-thom-ok.jpg 837w, https:\/\/huongque.com.vn\/wp-content\/uploads\/2019\/03\/tui-thom-ok-300x157.jpg 300w, https:\/\/huongque.com.vn\/wp-content\/uploads\/2019\/03\/tui-thom-ok-768x401.jpg 768w\" sizes=\"(max-width: 837px) 100vw, 837px\" \/><\/p>\n<p><img decoding=\"async\" class=\"alignnone wp-image-3824 size-full\" src=\"https:\/\/huongque.com.vn\/wp-content\/uploads\/2019\/03\/tuithom2.png\" alt=\"\" width=\"787\" height=\"561\" srcset=\"https:\/\/huongque.com.vn\/wp-content\/uploads\/2019\/03\/tuithom2.png 787w, https:\/\/huongque.com.vn\/wp-content\/uploads\/2019\/03\/tuithom2-300x214.png 300w, https:\/\/huongque.com.vn\/wp-content\/uploads\/2019\/03\/tuithom2-768x547.png 768w\" sizes=\"(max-width: 787px) 100vw, 787px\" \/><\/p>\n<p>&nbsp;<\/p>\n<\/div>\n<div><strong><b>HIGHLIGHTED FEATURES:<\/b><\/strong><\/div>\n<div><\/div>\n<div>The bag has a compact size which is very convenient, with deodorizing effect, creating a pleasant fragrance for any space such as:<\/div>\n<div><\/div>\n<div>+ Bedroom, living room<\/div>\n<div><\/div>\n<div>+ Bathroom<\/div>\n<div><\/div>\n<div>+ Car<\/div>\n<div><\/div>\n<div>+Wardrobe, shoe cabinet<\/div>\n<div><\/div>\n<div>+ Motorcycle trunk<\/div>\n<div><\/div>\n<div>\n<p>The musty smell of damp clothes or walls or air conditioner or cars, and all other unpleasant odors that affects the fresh air will be removed with Huong Que scented bag.<\/p>\n<p>&nbsp;<\/p>\n<\/div>\n<div><img decoding=\"async\" class=\"alignnone wp-image-3826 size-full\" src=\"https:\/\/huongque.com.vn\/wp-content\/uploads\/2019\/03\/tuithom3.png\" alt=\"\" width=\"787\" height=\"608\" srcset=\"https:\/\/huongque.com.vn\/wp-content\/uploads\/2019\/03\/tuithom3.png 787w, https:\/\/huongque.com.vn\/wp-content\/uploads\/2019\/03\/tuithom3-300x232.png 300w, https:\/\/huongque.com.vn\/wp-content\/uploads\/2019\/03\/tuithom3-768x593.png 768w\" sizes=\"(max-width: 787px) 100vw, 787px\" \/><\/div>\n<div>In addition to the above-mentioned uses, the Huong Que scented bag with a compact, fancy and beautiful design will be a meaningful gift for your beloved ones.<\/div>\n<div><\/div>\n<div><\/div>\n<div><img loading=\"lazy\" decoding=\"async\" class=\"alignnone wp-image-3828 size-full\" src=\"https:\/\/huongque.com.vn\/wp-content\/uploads\/2019\/03\/tuithom1.jpg\" alt=\"\" width=\"619\" height=\"300\" srcset=\"https:\/\/huongque.com.vn\/wp-content\/uploads\/2019\/03\/tuithom1.jpg 619w, https:\/\/huongque.com.vn\/wp-content\/uploads\/2019\/03\/tuithom1-300x145.jpg 300w\" sizes=\"(max-width: 619px) 100vw, 619px\" \/><\/div>\n<div><\/div>\n<div><strong><b>How to use:<\/b><\/strong><\/div>\n<div><\/div>\n<div>&#8211;\u00a0 Open the vacuum plastic bag to use the product.<\/div>\n<div><\/div>\n<div>&#8211;\u00a0 Keep in dry places.<\/div>\n<div><\/div>\n<div>&#8211;\u00a0 Note: After 5-7 days of use, use dryer to dry the scented bag to remove moisture absorbed into cinnamon powder and after 3 months of use, replace with the new bag.<\/div>\n<\/div>\n<\/div>\n","protected":false},"excerpt":{"rendered":"<p>The mold smell from damp clothes, walls, air conditioner, cars, etc. or any unpleasant odors which affect the fresh air will be removed by Huong Que scented bag.<\/p>\n","protected":false},"featured_media":1359,"comment_status":"open","ping_status":"closed","template":"","meta":{"_acf_changed":false},"product_brand":[],"product_cat":[88,89],"product_tag":[],"class_list":{"0":"post-1793","1":"product","2":"type-product","3":"status-publish","4":"has-post-thumbnail","6":"cong_dung-for-men","7":"cong_dung-for-women","8":"product_cat-huong-que-scented-bag","9":"product_cat-scented-bag-huong-que-essential-oil","11":"first","12":"instock","13":"shipping-taxable","14":"purchasable","15":"product-type-simple"},"acf":[],"yoast_head":"<!-- This site is optimized with the Yoast SEO Premium plugin v27.2 (Yoast SEO v27.2) - https:\/\/yoast.com\/product\/yoast-seo-premium-wordpress\/ -->\n<title>Huong Que scented bag - H\u01b0\u01a1ng Qu\u1ebf<\/title>\n<meta name=\"robots\" content=\"index, follow, max-snippet:-1, max-image-preview:large, max-video-preview:-1\" \/>\n<link rel=\"canonical\" href=\"https:\/\/huongque.com.vn\/en\/tui-thom-huong-que-pc26\/\" \/>\n<meta property=\"og:locale\" content=\"en_US\" \/>\n<meta property=\"og:type\" content=\"article\" \/>\n<meta property=\"og:title\" content=\"Huong Que scented bag\" \/>\n<meta property=\"og:description\" content=\"The mold smell from damp clothes, walls, air conditioner, cars, etc. or any unpleasant odors which affect the fresh air will be removed by Huong Que scented bag.\" \/>\n<meta property=\"og:url\" content=\"https:\/\/huongque.com.vn\/en\/tui-thom-huong-que-pc26\/\" \/>\n<meta property=\"og:site_name\" content=\"H\u01b0\u01a1ng Qu\u1ebf\" \/>\n<meta property=\"article:publisher\" content=\"https:\/\/www.facebook.com\/HuongQueDanang\" \/>\n<meta property=\"article:modified_time\" content=\"2019-07-13T02:31:26+00:00\" \/>\n<meta property=\"og:image\" content=\"https:\/\/huongque.com.vn\/wp-content\/uploads\/2019\/03\/l-023411-tuithom-1.jpg\" \/>\n\t<meta property=\"og:image:width\" content=\"427\" \/>\n\t<meta property=\"og:image:height\" content=\"447\" \/>\n\t<meta property=\"og:image:type\" content=\"image\/jpeg\" \/>\n<meta name=\"twitter:card\" content=\"summary_large_image\" \/>\n<meta name=\"twitter:label1\" content=\"Price\" \/>\n\t<meta name=\"twitter:data1\" content=\"109,000 vnd\" \/>\n\t<meta name=\"twitter:label2\" content=\"Availability\" \/>\n\t<meta name=\"twitter:data2\" content=\"In stock\" \/>\n<script type=\"application\/ld+json\" class=\"yoast-schema-graph\">{\"@context\":\"https:\/\/schema.org\",\"@graph\":[{\"@type\":\"WebPage\",\"@id\":\"https:\/\/huongque.com.vn\/en\/tui-thom-huong-que-pc26\/\",\"url\":\"https:\/\/huongque.com.vn\/en\/tui-thom-huong-que-pc26\/\",\"name\":\"Huong Que scented bag - H\u01b0\u01a1ng Qu\u1ebf\",\"isPartOf\":{\"@id\":\"https:\/\/huongque.com.vn\/en\/#website\"},\"primaryImageOfPage\":{\"@id\":\"https:\/\/huongque.com.vn\/en\/tui-thom-huong-que-pc26\/#primaryimage\"},\"image\":{\"@id\":\"https:\/\/huongque.com.vn\/en\/tui-thom-huong-que-pc26\/#primaryimage\"},\"thumbnailUrl\":\"https:\/\/huongque.com.vn\/wp-content\/uploads\/2019\/03\/l-023411-tuithom-1.jpg\",\"datePublished\":\"2019-03-12T10:02:03+00:00\",\"dateModified\":\"2019-07-13T02:31:26+00:00\",\"breadcrumb\":{\"@id\":\"https:\/\/huongque.com.vn\/en\/tui-thom-huong-que-pc26\/#breadcrumb\"},\"inLanguage\":\"en-US\",\"potentialAction\":[{\"@type\":\"ReadAction\",\"target\":[\"https:\/\/huongque.com.vn\/en\/tui-thom-huong-que-pc26\/\"]}]},{\"@type\":\"ImageObject\",\"inLanguage\":\"en-US\",\"@id\":\"https:\/\/huongque.com.vn\/en\/tui-thom-huong-que-pc26\/#primaryimage\",\"url\":\"https:\/\/huongque.com.vn\/wp-content\/uploads\/2019\/03\/l-023411-tuithom-1.jpg\",\"contentUrl\":\"https:\/\/huongque.com.vn\/wp-content\/uploads\/2019\/03\/l-023411-tuithom-1.jpg\",\"width\":427,\"height\":447},{\"@type\":\"BreadcrumbList\",\"@id\":\"https:\/\/huongque.com.vn\/en\/tui-thom-huong-que-pc26\/#breadcrumb\",\"itemListElement\":[{\"@type\":\"ListItem\",\"position\":1,\"name\":\"Trang ch\u1ee7\",\"item\":\"https:\/\/huongque.com.vn\/en\/\"},{\"@type\":\"ListItem\",\"position\":2,\"name\":\"Shop\",\"item\":\"https:\/\/huongque.com.vn\/shop\/\"},{\"@type\":\"ListItem\",\"position\":3,\"name\":\"Huong Que scented bag\"}]},{\"@type\":\"WebSite\",\"@id\":\"https:\/\/huongque.com.vn\/en\/#website\",\"url\":\"https:\/\/huongque.com.vn\/en\/\",\"name\":\"H\u01b0\u01a1ng Qu\u1ebf\",\"description\":\"l\u00f3t gi\u00e0y qu\u1ebf, l\u00f3t gi\u00e0y h\u01b0\u01a1ng qu\u1ebf, d\u00e9p chi\u1ebfu, d\u00e9p tre, d\u00e9p c\u00f3i, b\u1ed9t qu\u1ebf, n\u1ecbt cao c\u1ea5p h\u01b0\u01a1ng qu\u1ebf, t\u00fai th\u01a1m h\u01b0\u01a1ng qu\u1ebf, th\u1ea3m cao c\u1ea5p h\u01b0\u01a1ng qu\u1ebf\",\"publisher\":{\"@id\":\"https:\/\/huongque.com.vn\/en\/#organization\"},\"potentialAction\":[{\"@type\":\"SearchAction\",\"target\":{\"@type\":\"EntryPoint\",\"urlTemplate\":\"https:\/\/huongque.com.vn\/en\/?s={search_term_string}\"},\"query-input\":{\"@type\":\"PropertyValueSpecification\",\"valueRequired\":true,\"valueName\":\"search_term_string\"}}],\"inLanguage\":\"en-US\"},{\"@type\":\"Organization\",\"@id\":\"https:\/\/huongque.com.vn\/en\/#organization\",\"name\":\"C\u00f4ng ty TNHH SX CB KD XNK H\u01b0\u01a1ng Qu\u1ebf\",\"url\":\"https:\/\/huongque.com.vn\/en\/\",\"logo\":{\"@type\":\"ImageObject\",\"inLanguage\":\"en-US\",\"@id\":\"https:\/\/huongque.com.vn\/en\/#\/schema\/logo\/image\/\",\"url\":\"https:\/\/huongque.com.vn\/wp-content\/uploads\/2019\/03\/logosf.png\",\"contentUrl\":\"https:\/\/huongque.com.vn\/wp-content\/uploads\/2019\/03\/logosf.png\",\"width\":501,\"height\":160,\"caption\":\"C\u00f4ng ty TNHH SX CB KD XNK H\u01b0\u01a1ng Qu\u1ebf\"},\"image\":{\"@id\":\"https:\/\/huongque.com.vn\/en\/#\/schema\/logo\/image\/\"},\"sameAs\":[\"https:\/\/www.facebook.com\/HuongQueDanang\"]}]}<\/script>\n<meta property=\"product:price:amount\" content=\"109000\" \/>\n<meta property=\"product:price:currency\" content=\"VND\" \/>\n<meta property=\"og:availability\" content=\"instock\" \/>\n<meta property=\"product:availability\" content=\"instock\" \/>\n<meta property=\"product:retailer_item_id\" content=\"TTHQ1\" \/>\n<meta property=\"product:condition\" content=\"new\" \/>\n<!-- \/ Yoast SEO Premium plugin. -->","yoast_head_json":{"title":"Huong Que scented bag - H\u01b0\u01a1ng Qu\u1ebf","robots":{"index":"index","follow":"follow","max-snippet":"max-snippet:-1","max-image-preview":"max-image-preview:large","max-video-preview":"max-video-preview:-1"},"canonical":"https:\/\/huongque.com.vn\/en\/tui-thom-huong-que-pc26\/","og_locale":"en_US","og_type":"article","og_title":"Huong Que scented bag","og_description":"The mold smell from damp clothes, walls, air conditioner, cars, etc. or any unpleasant odors which affect the fresh air will be removed by Huong Que scented bag.","og_url":"https:\/\/huongque.com.vn\/en\/tui-thom-huong-que-pc26\/","og_site_name":"H\u01b0\u01a1ng Qu\u1ebf","article_publisher":"https:\/\/www.facebook.com\/HuongQueDanang","article_modified_time":"2019-07-13T02:31:26+00:00","og_image":[{"width":427,"height":447,"url":"https:\/\/huongque.com.vn\/wp-content\/uploads\/2019\/03\/l-023411-tuithom-1.jpg","type":"image\/jpeg"}],"twitter_card":"summary_large_image","twitter_misc":{"Price":"109,000 vnd","Availability":"In stock"},"schema":{"@context":"https:\/\/schema.org","@graph":[{"@type":"WebPage","@id":"https:\/\/huongque.com.vn\/en\/tui-thom-huong-que-pc26\/","url":"https:\/\/huongque.com.vn\/en\/tui-thom-huong-que-pc26\/","name":"Huong Que scented bag - H\u01b0\u01a1ng Qu\u1ebf","isPartOf":{"@id":"https:\/\/huongque.com.vn\/en\/#website"},"primaryImageOfPage":{"@id":"https:\/\/huongque.com.vn\/en\/tui-thom-huong-que-pc26\/#primaryimage"},"image":{"@id":"https:\/\/huongque.com.vn\/en\/tui-thom-huong-que-pc26\/#primaryimage"},"thumbnailUrl":"https:\/\/huongque.com.vn\/wp-content\/uploads\/2019\/03\/l-023411-tuithom-1.jpg","datePublished":"2019-03-12T10:02:03+00:00","dateModified":"2019-07-13T02:31:26+00:00","breadcrumb":{"@id":"https:\/\/huongque.com.vn\/en\/tui-thom-huong-que-pc26\/#breadcrumb"},"inLanguage":"en-US","potentialAction":[{"@type":"ReadAction","target":["https:\/\/huongque.com.vn\/en\/tui-thom-huong-que-pc26\/"]}]},{"@type":"ImageObject","inLanguage":"en-US","@id":"https:\/\/huongque.com.vn\/en\/tui-thom-huong-que-pc26\/#primaryimage","url":"https:\/\/huongque.com.vn\/wp-content\/uploads\/2019\/03\/l-023411-tuithom-1.jpg","contentUrl":"https:\/\/huongque.com.vn\/wp-content\/uploads\/2019\/03\/l-023411-tuithom-1.jpg","width":427,"height":447},{"@type":"BreadcrumbList","@id":"https:\/\/huongque.com.vn\/en\/tui-thom-huong-que-pc26\/#breadcrumb","itemListElement":[{"@type":"ListItem","position":1,"name":"Trang ch\u1ee7","item":"https:\/\/huongque.com.vn\/en\/"},{"@type":"ListItem","position":2,"name":"Shop","item":"https:\/\/huongque.com.vn\/shop\/"},{"@type":"ListItem","position":3,"name":"Huong Que scented bag"}]},{"@type":"WebSite","@id":"https:\/\/huongque.com.vn\/en\/#website","url":"https:\/\/huongque.com.vn\/en\/","name":"H\u01b0\u01a1ng Qu\u1ebf","description":"l\u00f3t gi\u00e0y qu\u1ebf, l\u00f3t gi\u00e0y h\u01b0\u01a1ng qu\u1ebf, d\u00e9p chi\u1ebfu, d\u00e9p tre, d\u00e9p c\u00f3i, b\u1ed9t qu\u1ebf, n\u1ecbt cao c\u1ea5p h\u01b0\u01a1ng qu\u1ebf, t\u00fai th\u01a1m h\u01b0\u01a1ng qu\u1ebf, th\u1ea3m cao c\u1ea5p h\u01b0\u01a1ng qu\u1ebf","publisher":{"@id":"https:\/\/huongque.com.vn\/en\/#organization"},"potentialAction":[{"@type":"SearchAction","target":{"@type":"EntryPoint","urlTemplate":"https:\/\/huongque.com.vn\/en\/?s={search_term_string}"},"query-input":{"@type":"PropertyValueSpecification","valueRequired":true,"valueName":"search_term_string"}}],"inLanguage":"en-US"},{"@type":"Organization","@id":"https:\/\/huongque.com.vn\/en\/#organization","name":"C\u00f4ng ty TNHH SX CB KD XNK H\u01b0\u01a1ng Qu\u1ebf","url":"https:\/\/huongque.com.vn\/en\/","logo":{"@type":"ImageObject","inLanguage":"en-US","@id":"https:\/\/huongque.com.vn\/en\/#\/schema\/logo\/image\/","url":"https:\/\/huongque.com.vn\/wp-content\/uploads\/2019\/03\/logosf.png","contentUrl":"https:\/\/huongque.com.vn\/wp-content\/uploads\/2019\/03\/logosf.png","width":501,"height":160,"caption":"C\u00f4ng ty TNHH SX CB KD XNK H\u01b0\u01a1ng Qu\u1ebf"},"image":{"@id":"https:\/\/huongque.com.vn\/en\/#\/schema\/logo\/image\/"},"sameAs":["https:\/\/www.facebook.com\/HuongQueDanang"]}]},"product_price_amount":"109000","product_price_currency":"VND","og_availability":"instock","product_availability":"instock","product_retailer_item_id":"TTHQ1","product_condition":"new"},"_links":{"self":[{"href":"https:\/\/huongque.com.vn\/en\/wp-json\/wp\/v2\/product\/1793","targetHints":{"allow":["GET"]}}],"collection":[{"href":"https:\/\/huongque.com.vn\/en\/wp-json\/wp\/v2\/product"}],"about":[{"href":"https:\/\/huongque.com.vn\/en\/wp-json\/wp\/v2\/types\/product"}],"replies":[{"embeddable":true,"href":"https:\/\/huongque.com.vn\/en\/wp-json\/wp\/v2\/comments?post=1793"}],"version-history":[{"count":0,"href":"https:\/\/huongque.com.vn\/en\/wp-json\/wp\/v2\/product\/1793\/revisions"}],"wp:featuredmedia":[{"embeddable":true,"href":"https:\/\/huongque.com.vn\/en\/wp-json\/wp\/v2\/media\/1359"}],"wp:attachment":[{"href":"https:\/\/huongque.com.vn\/en\/wp-json\/wp\/v2\/media?parent=1793"}],"wp:term":[{"taxonomy":"product_brand","embeddable":true,"href":"https:\/\/huongque.com.vn\/en\/wp-json\/wp\/v2\/product_brand?post=1793"},{"taxonomy":"product_cat","embeddable":true,"href":"https:\/\/huongque.com.vn\/en\/wp-json\/wp\/v2\/product_cat?post=1793"},{"taxonomy":"product_tag","embeddable":true,"href":"https:\/\/huongque.com.vn\/en\/wp-json\/wp\/v2\/product_tag?post=1793"}],"curies":[{"name":"wp","href":"https:\/\/api.w.org\/{rel}","templated":true}]}}