{"id":1794,"date":"2019-03-12T15:23:23","date_gmt":"2019-03-12T08:23:23","guid":{"rendered":"https:\/\/huongque.com.vn\/product\/gen-tieu-mo-bung-sline\/"},"modified":"2019-08-23T16:53:36","modified_gmt":"2019-08-23T09:53:36","slug":"gen-tieu-mo-bung-sline","status":"publish","type":"product","link":"https:\/\/huongque.com.vn\/en\/gen-tieu-mo-bung-sline\/","title":{"rendered":"S-line slimming belt"},"content":{"rendered":"<div class=\"tab-content\">\n<div id=\"u-1\" class=\"tab-pane fade in active\" role=\"tabpanel\">\n<div>\n<p><strong>Cinnamon <\/strong>is one of 4 precious medicinal herbs which are very good for health. This product is made with the design consultancy from Japan based on a scientific study in traditional medicine, after <strong>more than 10 years specializing in research and production<\/strong> of herbal raw materials and by a team of skilled, responsible and dedicated workers.<\/p>\n<p><strong>Size:\u00a0<\/strong><strong>M, L, XL<\/strong><\/p>\n<div class=\"video-responsive\"><iframe src=\"https:\/\/www.youtube.com\/embed\/VrCJjRgCTzU\" width=\"800\" height=\"450\" frameborder=\"0\" allowfullscreen=\"allowfullscreen\" data-mce-fragment=\"1\"><\/iframe><\/div>\n<p>&nbsp;<\/p>\n<p>With the viewpoint of &#8220;<strong>Building a brand by enhancing the quality of products and developing the company\u2019s reputation and culture<\/strong>&#8220;, Huong Que has successfully produced S-line Slimming Belt.<\/p>\n<p><img fetchpriority=\"high\" decoding=\"async\" class=\"aligncenter size-full wp-image-3752\" src=\"https:\/\/huongque.com.vn\/wp-content\/uploads\/2019\/03\/1.jpg\" alt=\"\" width=\"1804\" height=\"1760\" srcset=\"https:\/\/huongque.com.vn\/wp-content\/uploads\/2019\/03\/1.jpg 1804w, https:\/\/huongque.com.vn\/wp-content\/uploads\/2019\/03\/1-300x293.jpg 300w, https:\/\/huongque.com.vn\/wp-content\/uploads\/2019\/03\/1-768x749.jpg 768w, https:\/\/huongque.com.vn\/wp-content\/uploads\/2019\/03\/1-1024x999.jpg 1024w\" sizes=\"(max-width: 1804px) 100vw, 1804px\" \/><\/p>\n<\/div>\n<div><\/div>\n<div><strong>Ingredient:<\/strong><\/div>\n<p>&nbsp;<\/p>\n<p>&#8211; 100% four-dimension elastic cotton spandex imported from Japan.<\/p>\n<p>&#8211; Elastic, soft and flexible spandex.<\/p>\n<p>&#8211; Cinnamon starch and ginger together with other herbs, etc.<\/p>\n<p>&nbsp;<\/p>\n<p><img decoding=\"async\" class=\"aligncenter size-full wp-image-3754\" src=\"https:\/\/huongque.com.vn\/wp-content\/uploads\/2019\/03\/2-2.jpg\" alt=\"\" width=\"1992\" height=\"1744\" srcset=\"https:\/\/huongque.com.vn\/wp-content\/uploads\/2019\/03\/2-2.jpg 1992w, https:\/\/huongque.com.vn\/wp-content\/uploads\/2019\/03\/2-2-300x263.jpg 300w, https:\/\/huongque.com.vn\/wp-content\/uploads\/2019\/03\/2-2-768x672.jpg 768w, https:\/\/huongque.com.vn\/wp-content\/uploads\/2019\/03\/2-2-1024x897.jpg 1024w\" sizes=\"(max-width: 1992px) 100vw, 1992px\" \/><\/p>\n<div><\/div>\n<div><strong>Recommendations &amp; usage:<\/strong><\/div>\n<div>\n<p>&nbsp;<\/p>\n<p>&#8211; Pregnant women must not use. Remove the belt a few minutes before breastfeeding and wear the belt back after finished.<\/p>\n<\/div>\n<div>\n<p>&#8211; Do not use if allergic to any component of cinnamon, or when the weather is too hot and hot.<\/p>\n<p><strong>&#8211; Belt sizes: XL (90- 115 cm), L (80-95 cm), M (70-85 cm)<\/strong><\/p>\n<p>&#8211; Women after 10 days of birth use 2 hours\/day. After 20 days of birth, use 4 hours\/day. After 30 days of birth, use normally.<\/p>\n<p>&#8211; Use 4 &#8211; 5 days then remove the herbal pad and dry it under the sun or with a dryer or put in plastic bags to avoid medicinal oils from leaking out when not in use.<\/p>\n<p>&#8211; Clean the belt cover when necessary<\/p>\n<\/div>\n<div>\n<p><strong><em><u>Note: <\/u><\/em><\/strong>Take out the herbal pad before washing<\/p>\n<\/div>\n<div>\n<p>&#8211; After using for 3 months, replace the herbal pad of the belt<\/p>\n<p><img decoding=\"async\" class=\"aligncenter size-full wp-image-3756\" src=\"https:\/\/huongque.com.vn\/wp-content\/uploads\/2019\/03\/3.jpg\" alt=\"\" width=\"1992\" height=\"1440\" srcset=\"https:\/\/huongque.com.vn\/wp-content\/uploads\/2019\/03\/3.jpg 1992w, https:\/\/huongque.com.vn\/wp-content\/uploads\/2019\/03\/3-300x217.jpg 300w, https:\/\/huongque.com.vn\/wp-content\/uploads\/2019\/03\/3-768x555.jpg 768w, https:\/\/huongque.com.vn\/wp-content\/uploads\/2019\/03\/3-1024x740.jpg 1024w\" sizes=\"(max-width: 1992px) 100vw, 1992px\" \/><\/p>\n<\/div>\n<div>\n<p><img loading=\"lazy\" decoding=\"async\" class=\"aligncenter size-full wp-image-2067\" src=\"https:\/\/huongque.com.vn\/wp-content\/uploads\/2019\/03\/SP-MOI_SLINE.png\" alt=\"\" width=\"1737\" height=\"2457\" srcset=\"https:\/\/huongque.com.vn\/wp-content\/uploads\/2019\/03\/SP-MOI_SLINE.png 1737w, https:\/\/huongque.com.vn\/wp-content\/uploads\/2019\/03\/SP-MOI_SLINE-212x300.png 212w, https:\/\/huongque.com.vn\/wp-content\/uploads\/2019\/03\/SP-MOI_SLINE-768x1086.png 768w, https:\/\/huongque.com.vn\/wp-content\/uploads\/2019\/03\/SP-MOI_SLINE-724x1024.png 724w\" sizes=\"(max-width: 1737px) 100vw, 1737px\" \/><\/p>\n<p>&nbsp;<\/p>\n<\/div>\n<div>\n<p><strong>Uses:<\/strong><\/p>\n<p>&#8211; Gradual reduce excess fat, shrink waistline.<\/p>\n<p>&#8211; Soften and smooth skin, reduce sagging skin.<\/p>\n<p>&#8211; Warm and fragrant body is good for postpartum women.<\/p>\n<\/div>\n<p><img loading=\"lazy\" decoding=\"async\" class=\"aligncenter size-full wp-image-3760\" src=\"https:\/\/huongque.com.vn\/wp-content\/uploads\/2019\/03\/5.png\" alt=\"\" width=\"1300\" height=\"410\" srcset=\"https:\/\/huongque.com.vn\/wp-content\/uploads\/2019\/03\/5.png 1300w, https:\/\/huongque.com.vn\/wp-content\/uploads\/2019\/03\/5-300x95.png 300w, https:\/\/huongque.com.vn\/wp-content\/uploads\/2019\/03\/5-768x242.png 768w, https:\/\/huongque.com.vn\/wp-content\/uploads\/2019\/03\/5-1024x323.png 1024w\" sizes=\"(max-width: 1300px) 100vw, 1300px\" \/><\/p>\n<\/div>\n<\/div>\n","protected":false},"excerpt":{"rendered":"<p>With the viewpoint of &#8220;<strong>Building a brand by enhancing the quality of products and developing the company\u2019s reputation and culture<\/strong>&#8220;, Huong Que has successfully produced S-line Slimming Belt.<\/p>\n","protected":false},"featured_media":7325,"comment_status":"open","ping_status":"closed","template":"","meta":{"_acf_changed":false},"product_brand":[],"product_cat":[90,86],"product_tag":[],"class_list":{"0":"post-1794","1":"product","2":"type-product","3":"status-publish","4":"has-post-thumbnail","6":"cong_dung-for-men","7":"cong_dung-for-women","8":"product_cat-huong-que-belly-belt","9":"product_cat-huong-que-premium-belt","11":"first","12":"instock","13":"shipping-taxable","14":"purchasable","15":"product-type-variable"},"acf":[],"yoast_head":"<!-- This site is optimized with the Yoast SEO Premium plugin v27.2 (Yoast SEO v27.2) - https:\/\/yoast.com\/product\/yoast-seo-premium-wordpress\/ -->\n<title>S-line slimming belt - H\u01b0\u01a1ng Qu\u1ebf<\/title>\n<meta name=\"robots\" content=\"index, follow, max-snippet:-1, max-image-preview:large, max-video-preview:-1\" \/>\n<link rel=\"canonical\" href=\"https:\/\/huongque.com.vn\/en\/gen-tieu-mo-bung-sline\/\" \/>\n<meta property=\"og:locale\" content=\"en_US\" \/>\n<meta property=\"og:type\" content=\"article\" \/>\n<meta property=\"og:title\" content=\"S-line slimming belt\" \/>\n<meta property=\"og:description\" content=\"With the viewpoint of &quot;Building a brand by enhancing the quality of products and developing the company\u2019s reputation and culture&quot;, Huong Que has successfully produced S-line Slimming Belt.\" \/>\n<meta property=\"og:url\" content=\"https:\/\/huongque.com.vn\/en\/gen-tieu-mo-bung-sline\/\" \/>\n<meta property=\"og:site_name\" content=\"H\u01b0\u01a1ng Qu\u1ebf\" \/>\n<meta property=\"article:publisher\" content=\"https:\/\/www.facebook.com\/HuongQueDanang\" \/>\n<meta property=\"article:modified_time\" content=\"2019-08-23T09:53:36+00:00\" \/>\n<meta property=\"og:image\" content=\"https:\/\/huongque.com.vn\/wp-content\/uploads\/2019\/03\/gen-tieu-mo-bung-sline-1-1.jpg\" \/>\n\t<meta property=\"og:image:width\" content=\"1200\" \/>\n\t<meta property=\"og:image:height\" content=\"800\" \/>\n\t<meta property=\"og:image:type\" content=\"image\/jpeg\" \/>\n<meta name=\"twitter:card\" content=\"summary_large_image\" \/>\n<meta name=\"twitter:label1\" content=\"Availability\" \/>\n\t<meta name=\"twitter:data1\" content=\"In stock\" \/>\n<script type=\"application\/ld+json\" class=\"yoast-schema-graph\">{\"@context\":\"https:\/\/schema.org\",\"@graph\":[{\"@type\":\"WebPage\",\"@id\":\"https:\/\/huongque.com.vn\/en\/gen-tieu-mo-bung-sline\/\",\"url\":\"https:\/\/huongque.com.vn\/en\/gen-tieu-mo-bung-sline\/\",\"name\":\"S-line slimming belt - H\u01b0\u01a1ng Qu\u1ebf\",\"isPartOf\":{\"@id\":\"https:\/\/huongque.com.vn\/en\/#website\"},\"primaryImageOfPage\":{\"@id\":\"https:\/\/huongque.com.vn\/en\/gen-tieu-mo-bung-sline\/#primaryimage\"},\"image\":{\"@id\":\"https:\/\/huongque.com.vn\/en\/gen-tieu-mo-bung-sline\/#primaryimage\"},\"thumbnailUrl\":\"https:\/\/huongque.com.vn\/wp-content\/uploads\/2019\/03\/gen-tieu-mo-bung-sline-1-1.jpg\",\"datePublished\":\"2019-03-12T08:23:23+00:00\",\"dateModified\":\"2019-08-23T09:53:36+00:00\",\"breadcrumb\":{\"@id\":\"https:\/\/huongque.com.vn\/en\/gen-tieu-mo-bung-sline\/#breadcrumb\"},\"inLanguage\":\"en-US\",\"potentialAction\":[{\"@type\":\"ReadAction\",\"target\":[\"https:\/\/huongque.com.vn\/en\/gen-tieu-mo-bung-sline\/\"]}]},{\"@type\":\"ImageObject\",\"inLanguage\":\"en-US\",\"@id\":\"https:\/\/huongque.com.vn\/en\/gen-tieu-mo-bung-sline\/#primaryimage\",\"url\":\"https:\/\/huongque.com.vn\/wp-content\/uploads\/2019\/03\/gen-tieu-mo-bung-sline-1-1.jpg\",\"contentUrl\":\"https:\/\/huongque.com.vn\/wp-content\/uploads\/2019\/03\/gen-tieu-mo-bung-sline-1-1.jpg\",\"width\":1200,\"height\":800,\"caption\":\"gen-tieu-mo-bung-sline-1\"},{\"@type\":\"BreadcrumbList\",\"@id\":\"https:\/\/huongque.com.vn\/en\/gen-tieu-mo-bung-sline\/#breadcrumb\",\"itemListElement\":[{\"@type\":\"ListItem\",\"position\":1,\"name\":\"Trang ch\u1ee7\",\"item\":\"https:\/\/huongque.com.vn\/en\/\"},{\"@type\":\"ListItem\",\"position\":2,\"name\":\"Shop\",\"item\":\"https:\/\/huongque.com.vn\/shop\/\"},{\"@type\":\"ListItem\",\"position\":3,\"name\":\"S-line slimming belt\"}]},{\"@type\":\"WebSite\",\"@id\":\"https:\/\/huongque.com.vn\/en\/#website\",\"url\":\"https:\/\/huongque.com.vn\/en\/\",\"name\":\"H\u01b0\u01a1ng Qu\u1ebf\",\"description\":\"l\u00f3t gi\u00e0y qu\u1ebf, l\u00f3t gi\u00e0y h\u01b0\u01a1ng qu\u1ebf, d\u00e9p chi\u1ebfu, d\u00e9p tre, d\u00e9p c\u00f3i, b\u1ed9t qu\u1ebf, n\u1ecbt cao c\u1ea5p h\u01b0\u01a1ng qu\u1ebf, t\u00fai th\u01a1m h\u01b0\u01a1ng qu\u1ebf, th\u1ea3m cao c\u1ea5p h\u01b0\u01a1ng qu\u1ebf\",\"publisher\":{\"@id\":\"https:\/\/huongque.com.vn\/en\/#organization\"},\"potentialAction\":[{\"@type\":\"SearchAction\",\"target\":{\"@type\":\"EntryPoint\",\"urlTemplate\":\"https:\/\/huongque.com.vn\/en\/?s={search_term_string}\"},\"query-input\":{\"@type\":\"PropertyValueSpecification\",\"valueRequired\":true,\"valueName\":\"search_term_string\"}}],\"inLanguage\":\"en-US\"},{\"@type\":\"Organization\",\"@id\":\"https:\/\/huongque.com.vn\/en\/#organization\",\"name\":\"C\u00f4ng ty TNHH SX CB KD XNK H\u01b0\u01a1ng Qu\u1ebf\",\"url\":\"https:\/\/huongque.com.vn\/en\/\",\"logo\":{\"@type\":\"ImageObject\",\"inLanguage\":\"en-US\",\"@id\":\"https:\/\/huongque.com.vn\/en\/#\/schema\/logo\/image\/\",\"url\":\"https:\/\/huongque.com.vn\/wp-content\/uploads\/2019\/03\/logosf.png\",\"contentUrl\":\"https:\/\/huongque.com.vn\/wp-content\/uploads\/2019\/03\/logosf.png\",\"width\":501,\"height\":160,\"caption\":\"C\u00f4ng ty TNHH SX CB KD XNK H\u01b0\u01a1ng Qu\u1ebf\"},\"image\":{\"@id\":\"https:\/\/huongque.com.vn\/en\/#\/schema\/logo\/image\/\"},\"sameAs\":[\"https:\/\/www.facebook.com\/HuongQueDanang\"]}]}<\/script>\n<meta property=\"og:availability\" content=\"instock\" \/>\n<meta property=\"product:availability\" content=\"instock\" \/>\n<meta property=\"product:retailer_item_id\" content=\"NB-8936018450420\" \/>\n<meta property=\"product:condition\" content=\"new\" \/>\n<!-- \/ Yoast SEO Premium plugin. -->","yoast_head_json":{"title":"S-line slimming belt - H\u01b0\u01a1ng Qu\u1ebf","robots":{"index":"index","follow":"follow","max-snippet":"max-snippet:-1","max-image-preview":"max-image-preview:large","max-video-preview":"max-video-preview:-1"},"canonical":"https:\/\/huongque.com.vn\/en\/gen-tieu-mo-bung-sline\/","og_locale":"en_US","og_type":"article","og_title":"S-line slimming belt","og_description":"With the viewpoint of \"Building a brand by enhancing the quality of products and developing the company\u2019s reputation and culture\", Huong Que has successfully produced S-line Slimming Belt.","og_url":"https:\/\/huongque.com.vn\/en\/gen-tieu-mo-bung-sline\/","og_site_name":"H\u01b0\u01a1ng Qu\u1ebf","article_publisher":"https:\/\/www.facebook.com\/HuongQueDanang","article_modified_time":"2019-08-23T09:53:36+00:00","og_image":[{"width":1200,"height":800,"url":"https:\/\/huongque.com.vn\/wp-content\/uploads\/2019\/03\/gen-tieu-mo-bung-sline-1-1.jpg","type":"image\/jpeg"}],"twitter_card":"summary_large_image","twitter_misc":{"Availability":"In stock"},"schema":{"@context":"https:\/\/schema.org","@graph":[{"@type":"WebPage","@id":"https:\/\/huongque.com.vn\/en\/gen-tieu-mo-bung-sline\/","url":"https:\/\/huongque.com.vn\/en\/gen-tieu-mo-bung-sline\/","name":"S-line slimming belt - H\u01b0\u01a1ng Qu\u1ebf","isPartOf":{"@id":"https:\/\/huongque.com.vn\/en\/#website"},"primaryImageOfPage":{"@id":"https:\/\/huongque.com.vn\/en\/gen-tieu-mo-bung-sline\/#primaryimage"},"image":{"@id":"https:\/\/huongque.com.vn\/en\/gen-tieu-mo-bung-sline\/#primaryimage"},"thumbnailUrl":"https:\/\/huongque.com.vn\/wp-content\/uploads\/2019\/03\/gen-tieu-mo-bung-sline-1-1.jpg","datePublished":"2019-03-12T08:23:23+00:00","dateModified":"2019-08-23T09:53:36+00:00","breadcrumb":{"@id":"https:\/\/huongque.com.vn\/en\/gen-tieu-mo-bung-sline\/#breadcrumb"},"inLanguage":"en-US","potentialAction":[{"@type":"ReadAction","target":["https:\/\/huongque.com.vn\/en\/gen-tieu-mo-bung-sline\/"]}]},{"@type":"ImageObject","inLanguage":"en-US","@id":"https:\/\/huongque.com.vn\/en\/gen-tieu-mo-bung-sline\/#primaryimage","url":"https:\/\/huongque.com.vn\/wp-content\/uploads\/2019\/03\/gen-tieu-mo-bung-sline-1-1.jpg","contentUrl":"https:\/\/huongque.com.vn\/wp-content\/uploads\/2019\/03\/gen-tieu-mo-bung-sline-1-1.jpg","width":1200,"height":800,"caption":"gen-tieu-mo-bung-sline-1"},{"@type":"BreadcrumbList","@id":"https:\/\/huongque.com.vn\/en\/gen-tieu-mo-bung-sline\/#breadcrumb","itemListElement":[{"@type":"ListItem","position":1,"name":"Trang ch\u1ee7","item":"https:\/\/huongque.com.vn\/en\/"},{"@type":"ListItem","position":2,"name":"Shop","item":"https:\/\/huongque.com.vn\/shop\/"},{"@type":"ListItem","position":3,"name":"S-line slimming belt"}]},{"@type":"WebSite","@id":"https:\/\/huongque.com.vn\/en\/#website","url":"https:\/\/huongque.com.vn\/en\/","name":"H\u01b0\u01a1ng Qu\u1ebf","description":"l\u00f3t gi\u00e0y qu\u1ebf, l\u00f3t gi\u00e0y h\u01b0\u01a1ng qu\u1ebf, d\u00e9p chi\u1ebfu, d\u00e9p tre, d\u00e9p c\u00f3i, b\u1ed9t qu\u1ebf, n\u1ecbt cao c\u1ea5p h\u01b0\u01a1ng qu\u1ebf, t\u00fai th\u01a1m h\u01b0\u01a1ng qu\u1ebf, th\u1ea3m cao c\u1ea5p h\u01b0\u01a1ng qu\u1ebf","publisher":{"@id":"https:\/\/huongque.com.vn\/en\/#organization"},"potentialAction":[{"@type":"SearchAction","target":{"@type":"EntryPoint","urlTemplate":"https:\/\/huongque.com.vn\/en\/?s={search_term_string}"},"query-input":{"@type":"PropertyValueSpecification","valueRequired":true,"valueName":"search_term_string"}}],"inLanguage":"en-US"},{"@type":"Organization","@id":"https:\/\/huongque.com.vn\/en\/#organization","name":"C\u00f4ng ty TNHH SX CB KD XNK H\u01b0\u01a1ng Qu\u1ebf","url":"https:\/\/huongque.com.vn\/en\/","logo":{"@type":"ImageObject","inLanguage":"en-US","@id":"https:\/\/huongque.com.vn\/en\/#\/schema\/logo\/image\/","url":"https:\/\/huongque.com.vn\/wp-content\/uploads\/2019\/03\/logosf.png","contentUrl":"https:\/\/huongque.com.vn\/wp-content\/uploads\/2019\/03\/logosf.png","width":501,"height":160,"caption":"C\u00f4ng ty TNHH SX CB KD XNK H\u01b0\u01a1ng Qu\u1ebf"},"image":{"@id":"https:\/\/huongque.com.vn\/en\/#\/schema\/logo\/image\/"},"sameAs":["https:\/\/www.facebook.com\/HuongQueDanang"]}]},"og_availability":"instock","product_availability":"instock","product_retailer_item_id":"NB-8936018450420","product_condition":"new"},"_links":{"self":[{"href":"https:\/\/huongque.com.vn\/en\/wp-json\/wp\/v2\/product\/1794","targetHints":{"allow":["GET"]}}],"collection":[{"href":"https:\/\/huongque.com.vn\/en\/wp-json\/wp\/v2\/product"}],"about":[{"href":"https:\/\/huongque.com.vn\/en\/wp-json\/wp\/v2\/types\/product"}],"replies":[{"embeddable":true,"href":"https:\/\/huongque.com.vn\/en\/wp-json\/wp\/v2\/comments?post=1794"}],"version-history":[{"count":1,"href":"https:\/\/huongque.com.vn\/en\/wp-json\/wp\/v2\/product\/1794\/revisions"}],"predecessor-version":[{"id":8580,"href":"https:\/\/huongque.com.vn\/en\/wp-json\/wp\/v2\/product\/1794\/revisions\/8580"}],"wp:featuredmedia":[{"embeddable":true,"href":"https:\/\/huongque.com.vn\/en\/wp-json\/wp\/v2\/media\/7325"}],"wp:attachment":[{"href":"https:\/\/huongque.com.vn\/en\/wp-json\/wp\/v2\/media?parent=1794"}],"wp:term":[{"taxonomy":"product_brand","embeddable":true,"href":"https:\/\/huongque.com.vn\/en\/wp-json\/wp\/v2\/product_brand?post=1794"},{"taxonomy":"product_cat","embeddable":true,"href":"https:\/\/huongque.com.vn\/en\/wp-json\/wp\/v2\/product_cat?post=1794"},{"taxonomy":"product_tag","embeddable":true,"href":"https:\/\/huongque.com.vn\/en\/wp-json\/wp\/v2\/product_tag?post=1794"}],"curies":[{"name":"wp","href":"https:\/\/api.w.org\/{rel}","templated":true}]}}