{"id":1802,"date":"2019-03-12T16:31:34","date_gmt":"2019-03-12T09:31:34","guid":{"rendered":"https:\/\/huongque.com.vn\/product\/que-thanh-cao-vo\/"},"modified":"2019-07-05T09:06:13","modified_gmt":"2019-07-05T02:06:13","slug":"que-thanh-cao-vo","status":"publish","type":"product","link":"https:\/\/huongque.com.vn\/en\/que-thanh-cao-vo\/","title":{"rendered":"Shaved cinnamon stick"},"content":{"rendered":"<div class=\"col-md-12\">\n<div class=\"row\">\n<div class=\"tabs-style-bottomline\">\n<div class=\"tab-content\">\n<div id=\"u-1\" class=\"tab-pane fade in active\" role=\"tabpanel\">\n<div>\n<div>Cinnamon tree height is 12-20m tall, with very fragrant bark, naturally grows in Truong Son forest and grown from Thanh Hoa, Nghe An onwards. Particularly, cinnamon tree grown on Tra My land &#8211; Tien Phuoc &#8211; Quang Nam has high oil content, sweet spicy taste and thick bark.<\/div>\n<div><\/div>\n<div><img fetchpriority=\"high\" decoding=\"async\" class=\"aligncenter size-full wp-image-3873\" src=\"https:\/\/huongque.com.vn\/wp-content\/uploads\/2019\/03\/qtcv-2-1.jpg\" alt=\"\" width=\"500\" height=\"300\" srcset=\"https:\/\/huongque.com.vn\/wp-content\/uploads\/2019\/03\/qtcv-2-1.jpg 500w, https:\/\/huongque.com.vn\/wp-content\/uploads\/2019\/03\/qtcv-2-1-300x180.jpg 300w\" sizes=\"(max-width: 500px) 100vw, 500px\" \/><\/div>\n<div><\/div>\n<div>Quang Nam Da Nang was formerly a province. Huong Que Company has a production workshop in Da Nang City, which is not far from the raw material area, so the selection of input cinnamon source for products is very convenient. They frequently exchange information with farmers who are growing cinnamon. Therefore, every Huong Que product available in the market is not only a result of the skilled hands of workers but also the sweat of farmers growing cinnamon.<\/div>\n<div><\/div>\n<p><img decoding=\"async\" class=\"aligncenter size-full wp-image-3868\" src=\"https:\/\/huongque.com.vn\/wp-content\/uploads\/2019\/03\/qtcv-1.png\" alt=\"\" width=\"500\" height=\"300\" srcset=\"https:\/\/huongque.com.vn\/wp-content\/uploads\/2019\/03\/qtcv-1.png 500w, https:\/\/huongque.com.vn\/wp-content\/uploads\/2019\/03\/qtcv-1-300x180.png 300w\" sizes=\"(max-width: 500px) 100vw, 500px\" \/><\/p>\n<div><\/div>\n<div><\/div>\n<div>The management of input materials for high quality products is frequently and tightly controlled. Huong Que brought their partners to Tra My cinnamon material area on their business trip. This has enhanced customers trust in the origin of Huong Que products which are distributed abroad.<\/div>\n<div><\/div>\n<div><\/div>\n<div>\n<p><img decoding=\"async\" class=\"size-full wp-image-3872\" src=\"https:\/\/huongque.com.vn\/wp-content\/uploads\/2019\/03\/qtcv-4.jpg\" alt=\"\" width=\"800\" height=\"450\" srcset=\"https:\/\/huongque.com.vn\/wp-content\/uploads\/2019\/03\/qtcv-4.jpg 800w, https:\/\/huongque.com.vn\/wp-content\/uploads\/2019\/03\/qtcv-4-300x169.jpg 300w, https:\/\/huongque.com.vn\/wp-content\/uploads\/2019\/03\/qtcv-4-768x432.jpg 768w\" sizes=\"(max-width: 800px) 100vw, 800px\" \/><\/p>\n<\/div>\n<\/div>\n<\/div>\n<\/div>\n<\/div>\n<div><\/div>\n<div class=\"tabs-style-bottomline\">\n<div class=\"tab-content\">\n<div id=\"u-1\" class=\"tab-pane fade in active\" role=\"tabpanel\">\n<div>\n<div><\/div>\n<div>In addition to making spice powders, according to the National Library of Medicine, cinnamon is also a valuable and highly appreciated medicinal herb (considered a medicine), as cinnamon is used to help treat muscle spasms., vomiting, infection, common cold, anorexia, and impotence (ED). Cinnamon may lower blood sugar levels for people with type 1 or type 2 diabetes, according to Diabetes An1. However, research that supports this is rare. Cinnamaldehyde &#8211; is a substance found in Cassia Cinnamon &#8211; helps fight bacterial and fungal infections.<\/div>\n<div><\/div>\n<div>&#8211; According to the study published in the Diabetics Care journal. Diabetes &#8211; cinnamon could help to improve blood sugar level and lipid3 in people with type 2 diabetes. Studies have concluded that consuming 6 grams of cinnamon daily would reduce blood sugar, triglycerides, LDL cholesterol and total Cholesterol in people with type 2 diabetes and adding cinnamon to the diet of people with type 2 diabetes would reduce the risk factors associated with diabetes and cardiovascular disease.<\/div>\n<div><\/div>\n<div>\n<p><strong><b>The cinnamon products are supplied by Huong Que, including shaved cinnamon stick, peeled cinnamon and cinnamon powder used to make spices, herbs and in the spa.<\/b><\/strong><\/p>\n<\/div>\n<\/div>\n<div>\n<p><em><strong><b><i>1\/Shaved Cinnamon stick:<\/i><\/b><\/strong><\/em><\/p>\n<p>Cinnamon bark after being peeled from the trunk, is shaved off the outer cover to remove fungi, mosses and parasitic algae.<\/p>\n<p>Dry and store in a vacuum bag.<\/p>\n<p><img loading=\"lazy\" decoding=\"async\" class=\"aligncenter size-full wp-image-3866\" src=\"https:\/\/huongque.com.vn\/wp-content\/uploads\/2019\/03\/qtcv-1.jpg\" alt=\"\" width=\"600\" height=\"360\" srcset=\"https:\/\/huongque.com.vn\/wp-content\/uploads\/2019\/03\/qtcv-1.jpg 600w, https:\/\/huongque.com.vn\/wp-content\/uploads\/2019\/03\/qtcv-1-300x180.jpg 300w\" sizes=\"(max-width: 600px) 100vw, 600px\" \/><\/p>\n<p>&nbsp;<\/p>\n<p><strong><em><b><i>2\/Pure cinnamon powder:<\/i><\/b><\/em><\/strong><\/p>\n<p><strong><b>Produced as the following criteria:<\/b><\/strong><\/p>\n<p>&#8211; Dried cinnamon bark is ground into a fine powder. The smoothness of the powder depends on the customer&#8217;s order.<\/p>\n<p>&#8211; Pure cinnamon powder, clean, without impurities, has natural brown color, sweet spicy taste and aroma. This unique point helps customers to differentiate between spicy and bitter cinnamon.<\/p>\n<p>&nbsp;<\/p>\n<p><strong><b>Packaging:<\/b><\/strong><\/p>\n<p>&#8211;\u00a0 Cinnamon powder is packed in plastic containers or glass jars as customers&#8217; requirements.<\/p>\n<p><img loading=\"lazy\" decoding=\"async\" class=\"aligncenter size-full wp-image-3870\" src=\"https:\/\/huongque.com.vn\/wp-content\/uploads\/2019\/03\/qtcv-3.jpg\" alt=\"\" width=\"600\" height=\"360\" srcset=\"https:\/\/huongque.com.vn\/wp-content\/uploads\/2019\/03\/qtcv-3.jpg 600w, https:\/\/huongque.com.vn\/wp-content\/uploads\/2019\/03\/qtcv-3-300x180.jpg 300w\" sizes=\"(max-width: 600px) 100vw, 600px\" \/><\/p>\n<\/div>\n<\/div>\n<\/div>\n<\/div>\n<\/div>\n<\/div>\n","protected":false},"excerpt":{"rendered":"<p>Cinnamon trees are 12-20m tall, with very fragrant bark, usually grows in Truong Son forest and grown from Thanh Hoa, Nghe An onwards. Particularly cinnamon tree grown on Tra My land &#8211; Tien Phuoc &#8211; Quang Nam has high oil content, sweet spicy taste, thick shell.<\/p>\n","protected":false},"featured_media":1347,"comment_status":"open","ping_status":"closed","template":"","meta":{"_acf_changed":false},"product_brand":[],"product_cat":[93,69],"product_tag":[],"class_list":{"0":"post-1802","1":"product","2":"type-product","3":"status-publish","4":"has-post-thumbnail","6":"cong_dung-for-men","7":"cong_dung-for-women","8":"product_cat-cinnamon-stick","9":"product_cat-cinnamon-stick-cinnamon-powder-types","11":"first","12":"instock","13":"shipping-taxable","14":"purchasable","15":"product-type-simple"},"acf":[],"yoast_head":"<!-- This site is optimized with the Yoast SEO Premium plugin v27.2 (Yoast SEO v27.2) - https:\/\/yoast.com\/product\/yoast-seo-premium-wordpress\/ -->\n<title>Shaved cinnamon stick - H\u01b0\u01a1ng Qu\u1ebf<\/title>\n<meta name=\"robots\" content=\"index, follow, max-snippet:-1, max-image-preview:large, max-video-preview:-1\" \/>\n<link rel=\"canonical\" href=\"https:\/\/huongque.com.vn\/en\/que-thanh-cao-vo\/\" \/>\n<meta property=\"og:locale\" content=\"en_US\" \/>\n<meta property=\"og:type\" content=\"article\" \/>\n<meta property=\"og:title\" content=\"Shaved cinnamon stick\" \/>\n<meta property=\"og:description\" content=\"Cinnamon trees are 12-20m tall, with very fragrant bark, usually grows in Truong Son forest and grown from Thanh Hoa, Nghe An onwards. Particularly cinnamon tree grown on Tra My land - Tien Phuoc - Quang Nam has high oil content, sweet spicy taste, thick shell.\" \/>\n<meta property=\"og:url\" content=\"https:\/\/huongque.com.vn\/en\/que-thanh-cao-vo\/\" \/>\n<meta property=\"og:site_name\" content=\"H\u01b0\u01a1ng Qu\u1ebf\" \/>\n<meta property=\"article:publisher\" content=\"https:\/\/www.facebook.com\/HuongQueDanang\" \/>\n<meta property=\"article:modified_time\" content=\"2019-07-05T02:06:13+00:00\" \/>\n<meta property=\"og:image\" content=\"https:\/\/huongque.com.vn\/wp-content\/uploads\/2019\/03\/l-025243-qtcvok-1.jpg\" \/>\n\t<meta property=\"og:image:width\" content=\"427\" \/>\n\t<meta property=\"og:image:height\" content=\"447\" \/>\n\t<meta property=\"og:image:type\" content=\"image\/jpeg\" \/>\n<meta name=\"twitter:card\" content=\"summary_large_image\" \/>\n<meta name=\"twitter:label1\" content=\"Price\" \/>\n\t<meta name=\"twitter:data1\" content=\"350,000 vnd\" \/>\n\t<meta name=\"twitter:label2\" content=\"Availability\" \/>\n\t<meta name=\"twitter:data2\" content=\"In stock\" \/>\n<script type=\"application\/ld+json\" class=\"yoast-schema-graph\">{\"@context\":\"https:\/\/schema.org\",\"@graph\":[{\"@type\":\"WebPage\",\"@id\":\"https:\/\/huongque.com.vn\/en\/que-thanh-cao-vo\/\",\"url\":\"https:\/\/huongque.com.vn\/en\/que-thanh-cao-vo\/\",\"name\":\"Shaved cinnamon stick - H\u01b0\u01a1ng Qu\u1ebf\",\"isPartOf\":{\"@id\":\"https:\/\/huongque.com.vn\/en\/#website\"},\"primaryImageOfPage\":{\"@id\":\"https:\/\/huongque.com.vn\/en\/que-thanh-cao-vo\/#primaryimage\"},\"image\":{\"@id\":\"https:\/\/huongque.com.vn\/en\/que-thanh-cao-vo\/#primaryimage\"},\"thumbnailUrl\":\"https:\/\/huongque.com.vn\/wp-content\/uploads\/2019\/03\/l-025243-qtcvok-1.jpg\",\"datePublished\":\"2019-03-12T09:31:34+00:00\",\"dateModified\":\"2019-07-05T02:06:13+00:00\",\"breadcrumb\":{\"@id\":\"https:\/\/huongque.com.vn\/en\/que-thanh-cao-vo\/#breadcrumb\"},\"inLanguage\":\"en-US\",\"potentialAction\":[{\"@type\":\"ReadAction\",\"target\":[\"https:\/\/huongque.com.vn\/en\/que-thanh-cao-vo\/\"]}]},{\"@type\":\"ImageObject\",\"inLanguage\":\"en-US\",\"@id\":\"https:\/\/huongque.com.vn\/en\/que-thanh-cao-vo\/#primaryimage\",\"url\":\"https:\/\/huongque.com.vn\/wp-content\/uploads\/2019\/03\/l-025243-qtcvok-1.jpg\",\"contentUrl\":\"https:\/\/huongque.com.vn\/wp-content\/uploads\/2019\/03\/l-025243-qtcvok-1.jpg\",\"width\":427,\"height\":447},{\"@type\":\"BreadcrumbList\",\"@id\":\"https:\/\/huongque.com.vn\/en\/que-thanh-cao-vo\/#breadcrumb\",\"itemListElement\":[{\"@type\":\"ListItem\",\"position\":1,\"name\":\"Trang ch\u1ee7\",\"item\":\"https:\/\/huongque.com.vn\/en\/\"},{\"@type\":\"ListItem\",\"position\":2,\"name\":\"Shop\",\"item\":\"https:\/\/huongque.com.vn\/shop\/\"},{\"@type\":\"ListItem\",\"position\":3,\"name\":\"Shaved cinnamon stick\"}]},{\"@type\":\"WebSite\",\"@id\":\"https:\/\/huongque.com.vn\/en\/#website\",\"url\":\"https:\/\/huongque.com.vn\/en\/\",\"name\":\"H\u01b0\u01a1ng Qu\u1ebf\",\"description\":\"l\u00f3t gi\u00e0y qu\u1ebf, l\u00f3t gi\u00e0y h\u01b0\u01a1ng qu\u1ebf, d\u00e9p chi\u1ebfu, d\u00e9p tre, d\u00e9p c\u00f3i, b\u1ed9t qu\u1ebf, n\u1ecbt cao c\u1ea5p h\u01b0\u01a1ng qu\u1ebf, t\u00fai th\u01a1m h\u01b0\u01a1ng qu\u1ebf, th\u1ea3m cao c\u1ea5p h\u01b0\u01a1ng qu\u1ebf\",\"publisher\":{\"@id\":\"https:\/\/huongque.com.vn\/en\/#organization\"},\"potentialAction\":[{\"@type\":\"SearchAction\",\"target\":{\"@type\":\"EntryPoint\",\"urlTemplate\":\"https:\/\/huongque.com.vn\/en\/?s={search_term_string}\"},\"query-input\":{\"@type\":\"PropertyValueSpecification\",\"valueRequired\":true,\"valueName\":\"search_term_string\"}}],\"inLanguage\":\"en-US\"},{\"@type\":\"Organization\",\"@id\":\"https:\/\/huongque.com.vn\/en\/#organization\",\"name\":\"C\u00f4ng ty TNHH SX CB KD XNK H\u01b0\u01a1ng Qu\u1ebf\",\"url\":\"https:\/\/huongque.com.vn\/en\/\",\"logo\":{\"@type\":\"ImageObject\",\"inLanguage\":\"en-US\",\"@id\":\"https:\/\/huongque.com.vn\/en\/#\/schema\/logo\/image\/\",\"url\":\"https:\/\/huongque.com.vn\/wp-content\/uploads\/2019\/03\/logosf.png\",\"contentUrl\":\"https:\/\/huongque.com.vn\/wp-content\/uploads\/2019\/03\/logosf.png\",\"width\":501,\"height\":160,\"caption\":\"C\u00f4ng ty TNHH SX CB KD XNK H\u01b0\u01a1ng Qu\u1ebf\"},\"image\":{\"@id\":\"https:\/\/huongque.com.vn\/en\/#\/schema\/logo\/image\/\"},\"sameAs\":[\"https:\/\/www.facebook.com\/HuongQueDanang\"]}]}<\/script>\n<meta property=\"product:price:amount\" content=\"350000\" \/>\n<meta property=\"product:price:currency\" content=\"VND\" \/>\n<meta property=\"og:availability\" content=\"instock\" \/>\n<meta property=\"product:availability\" content=\"instock\" \/>\n<meta property=\"product:retailer_item_id\" content=\"QUETHANH\" \/>\n<meta property=\"product:condition\" content=\"new\" \/>\n<!-- \/ Yoast SEO Premium plugin. -->","yoast_head_json":{"title":"Shaved cinnamon stick - H\u01b0\u01a1ng Qu\u1ebf","robots":{"index":"index","follow":"follow","max-snippet":"max-snippet:-1","max-image-preview":"max-image-preview:large","max-video-preview":"max-video-preview:-1"},"canonical":"https:\/\/huongque.com.vn\/en\/que-thanh-cao-vo\/","og_locale":"en_US","og_type":"article","og_title":"Shaved cinnamon stick","og_description":"Cinnamon trees are 12-20m tall, with very fragrant bark, usually grows in Truong Son forest and grown from Thanh Hoa, Nghe An onwards. Particularly cinnamon tree grown on Tra My land - Tien Phuoc - Quang Nam has high oil content, sweet spicy taste, thick shell.","og_url":"https:\/\/huongque.com.vn\/en\/que-thanh-cao-vo\/","og_site_name":"H\u01b0\u01a1ng Qu\u1ebf","article_publisher":"https:\/\/www.facebook.com\/HuongQueDanang","article_modified_time":"2019-07-05T02:06:13+00:00","og_image":[{"width":427,"height":447,"url":"https:\/\/huongque.com.vn\/wp-content\/uploads\/2019\/03\/l-025243-qtcvok-1.jpg","type":"image\/jpeg"}],"twitter_card":"summary_large_image","twitter_misc":{"Price":"350,000 vnd","Availability":"In stock"},"schema":{"@context":"https:\/\/schema.org","@graph":[{"@type":"WebPage","@id":"https:\/\/huongque.com.vn\/en\/que-thanh-cao-vo\/","url":"https:\/\/huongque.com.vn\/en\/que-thanh-cao-vo\/","name":"Shaved cinnamon stick - H\u01b0\u01a1ng Qu\u1ebf","isPartOf":{"@id":"https:\/\/huongque.com.vn\/en\/#website"},"primaryImageOfPage":{"@id":"https:\/\/huongque.com.vn\/en\/que-thanh-cao-vo\/#primaryimage"},"image":{"@id":"https:\/\/huongque.com.vn\/en\/que-thanh-cao-vo\/#primaryimage"},"thumbnailUrl":"https:\/\/huongque.com.vn\/wp-content\/uploads\/2019\/03\/l-025243-qtcvok-1.jpg","datePublished":"2019-03-12T09:31:34+00:00","dateModified":"2019-07-05T02:06:13+00:00","breadcrumb":{"@id":"https:\/\/huongque.com.vn\/en\/que-thanh-cao-vo\/#breadcrumb"},"inLanguage":"en-US","potentialAction":[{"@type":"ReadAction","target":["https:\/\/huongque.com.vn\/en\/que-thanh-cao-vo\/"]}]},{"@type":"ImageObject","inLanguage":"en-US","@id":"https:\/\/huongque.com.vn\/en\/que-thanh-cao-vo\/#primaryimage","url":"https:\/\/huongque.com.vn\/wp-content\/uploads\/2019\/03\/l-025243-qtcvok-1.jpg","contentUrl":"https:\/\/huongque.com.vn\/wp-content\/uploads\/2019\/03\/l-025243-qtcvok-1.jpg","width":427,"height":447},{"@type":"BreadcrumbList","@id":"https:\/\/huongque.com.vn\/en\/que-thanh-cao-vo\/#breadcrumb","itemListElement":[{"@type":"ListItem","position":1,"name":"Trang ch\u1ee7","item":"https:\/\/huongque.com.vn\/en\/"},{"@type":"ListItem","position":2,"name":"Shop","item":"https:\/\/huongque.com.vn\/shop\/"},{"@type":"ListItem","position":3,"name":"Shaved cinnamon stick"}]},{"@type":"WebSite","@id":"https:\/\/huongque.com.vn\/en\/#website","url":"https:\/\/huongque.com.vn\/en\/","name":"H\u01b0\u01a1ng Qu\u1ebf","description":"l\u00f3t gi\u00e0y qu\u1ebf, l\u00f3t gi\u00e0y h\u01b0\u01a1ng qu\u1ebf, d\u00e9p chi\u1ebfu, d\u00e9p tre, d\u00e9p c\u00f3i, b\u1ed9t qu\u1ebf, n\u1ecbt cao c\u1ea5p h\u01b0\u01a1ng qu\u1ebf, t\u00fai th\u01a1m h\u01b0\u01a1ng qu\u1ebf, th\u1ea3m cao c\u1ea5p h\u01b0\u01a1ng qu\u1ebf","publisher":{"@id":"https:\/\/huongque.com.vn\/en\/#organization"},"potentialAction":[{"@type":"SearchAction","target":{"@type":"EntryPoint","urlTemplate":"https:\/\/huongque.com.vn\/en\/?s={search_term_string}"},"query-input":{"@type":"PropertyValueSpecification","valueRequired":true,"valueName":"search_term_string"}}],"inLanguage":"en-US"},{"@type":"Organization","@id":"https:\/\/huongque.com.vn\/en\/#organization","name":"C\u00f4ng ty TNHH SX CB KD XNK H\u01b0\u01a1ng Qu\u1ebf","url":"https:\/\/huongque.com.vn\/en\/","logo":{"@type":"ImageObject","inLanguage":"en-US","@id":"https:\/\/huongque.com.vn\/en\/#\/schema\/logo\/image\/","url":"https:\/\/huongque.com.vn\/wp-content\/uploads\/2019\/03\/logosf.png","contentUrl":"https:\/\/huongque.com.vn\/wp-content\/uploads\/2019\/03\/logosf.png","width":501,"height":160,"caption":"C\u00f4ng ty TNHH SX CB KD XNK H\u01b0\u01a1ng Qu\u1ebf"},"image":{"@id":"https:\/\/huongque.com.vn\/en\/#\/schema\/logo\/image\/"},"sameAs":["https:\/\/www.facebook.com\/HuongQueDanang"]}]},"product_price_amount":"350000","product_price_currency":"VND","og_availability":"instock","product_availability":"instock","product_retailer_item_id":"QUETHANH","product_condition":"new"},"_links":{"self":[{"href":"https:\/\/huongque.com.vn\/en\/wp-json\/wp\/v2\/product\/1802","targetHints":{"allow":["GET"]}}],"collection":[{"href":"https:\/\/huongque.com.vn\/en\/wp-json\/wp\/v2\/product"}],"about":[{"href":"https:\/\/huongque.com.vn\/en\/wp-json\/wp\/v2\/types\/product"}],"replies":[{"embeddable":true,"href":"https:\/\/huongque.com.vn\/en\/wp-json\/wp\/v2\/comments?post=1802"}],"version-history":[{"count":0,"href":"https:\/\/huongque.com.vn\/en\/wp-json\/wp\/v2\/product\/1802\/revisions"}],"wp:featuredmedia":[{"embeddable":true,"href":"https:\/\/huongque.com.vn\/en\/wp-json\/wp\/v2\/media\/1347"}],"wp:attachment":[{"href":"https:\/\/huongque.com.vn\/en\/wp-json\/wp\/v2\/media?parent=1802"}],"wp:term":[{"taxonomy":"product_brand","embeddable":true,"href":"https:\/\/huongque.com.vn\/en\/wp-json\/wp\/v2\/product_brand?post=1802"},{"taxonomy":"product_cat","embeddable":true,"href":"https:\/\/huongque.com.vn\/en\/wp-json\/wp\/v2\/product_cat?post=1802"},{"taxonomy":"product_tag","embeddable":true,"href":"https:\/\/huongque.com.vn\/en\/wp-json\/wp\/v2\/product_tag?post=1802"}],"curies":[{"name":"wp","href":"https:\/\/api.w.org\/{rel}","templated":true}]}}