{"id":1812,"date":"2019-03-12T16:06:19","date_gmt":"2019-03-12T09:06:19","guid":{"rendered":"https:\/\/huongque.com.vn\/product\/tam-thao-duoc-nit-bung\/"},"modified":"2019-08-23T17:28:16","modified_gmt":"2019-08-23T10:28:16","slug":"tam-thao-duoc-nit-bung-pc24","status":"publish","type":"product","link":"https:\/\/huongque.com.vn\/en\/tam-thao-duoc-nit-bung-pc24\/","title":{"rendered":"Herbal pad for belly belt"},"content":{"rendered":"<div><b><i>Herbal pad belly belt is very convenient and economical<\/i><\/b><i>, produced 100% from natural herbs, mainly pure cinnamon powder mixed with small proportions of ginger powder.<\/i><\/div>\n<div><\/div>\n<div><img fetchpriority=\"high\" decoding=\"async\" class=\"aligncenter size-full wp-image-3727\" src=\"https:\/\/huongque.com.vn\/wp-content\/uploads\/2019\/03\/nb-1.png\" alt=\"\" width=\"968\" height=\"350\" srcset=\"https:\/\/huongque.com.vn\/wp-content\/uploads\/2019\/03\/nb-1.png 968w, https:\/\/huongque.com.vn\/wp-content\/uploads\/2019\/03\/nb-1-300x108.png 300w, https:\/\/huongque.com.vn\/wp-content\/uploads\/2019\/03\/nb-1-768x278.png 768w\" sizes=\"(max-width: 968px) 100vw, 968px\" \/><\/div>\n<div><\/div>\n<div>From skillful and diligent hands of Huong Que female workers, herbal powder is put into cloth bags in equal rhombuses.<\/div>\n<div><\/div>\n<div><img decoding=\"async\" class=\"aligncenter wp-image-7562 size-full\" src=\"https:\/\/huongque.com.vn\/wp-content\/uploads\/2019\/03\/nit-bung-huong-que-1-9.jpg\" alt=\"Nit bung huong que 19\" width=\"1143\" height=\"441\" srcset=\"https:\/\/huongque.com.vn\/wp-content\/uploads\/2019\/03\/nit-bung-huong-que-1-9.jpg 1143w, https:\/\/huongque.com.vn\/wp-content\/uploads\/2019\/03\/nit-bung-huong-que-1-9-300x116.jpg 300w, https:\/\/huongque.com.vn\/wp-content\/uploads\/2019\/03\/nit-bung-huong-que-1-9-768x296.jpg 768w, https:\/\/huongque.com.vn\/wp-content\/uploads\/2019\/03\/nit-bung-huong-que-1-9-1024x395.jpg 1024w\" sizes=\"(max-width: 1143px) 100vw, 1143px\" \/><\/div>\n<div><strong><b>How to use:<\/b><\/strong><\/div>\n<div><\/div>\n<div>&#8211; Avoid direct contact with water.<\/div>\n<div><\/div>\n<div>&#8211; After using for about 4-5 days, take herbal pad out of the belly belt and expose it to the sun or use a dryer to remove the sweat and excess fat absorbed in the herbal pad. After 3 months of use, replace the current herbal pad with a new one, then you will have a like-new premium Huong Que belly belt with full features and effects.<\/div>\n<div><\/div>\n<div>&#8211; Shelf life of Herbal pad: 03 months after opening.<\/div>\n<div><\/div>\n<div><img decoding=\"async\" class=\"aligncenter size-full wp-image-3725\" src=\"https:\/\/huongque.com.vn\/wp-content\/uploads\/2019\/03\/nb-1.jpg\" alt=\"\" width=\"1024\" height=\"768\" srcset=\"https:\/\/huongque.com.vn\/wp-content\/uploads\/2019\/03\/nb-1.jpg 1024w, https:\/\/huongque.com.vn\/wp-content\/uploads\/2019\/03\/nb-1-300x225.jpg 300w, https:\/\/huongque.com.vn\/wp-content\/uploads\/2019\/03\/nb-1-768x576.jpg 768w\" sizes=\"(max-width: 1024px) 100vw, 1024px\" \/><\/div>\n","protected":false},"excerpt":{"rendered":"<p>From skillful and diligent hands of Huong Que female workers, herbal powder is put into cloth bags in equal rhombuses.<\/p>\n","protected":false},"featured_media":8588,"comment_status":"open","ping_status":"closed","template":"","meta":{"_acf_changed":false},"product_brand":[],"product_cat":[96,104],"product_tag":[],"class_list":{"0":"post-1812","1":"product","2":"type-product","3":"status-publish","4":"has-post-thumbnail","6":"cong_dung-back-pain-arthritis","7":"cong_dung-for-men","8":"cong_dung-for-women","9":"cong_dung-therapy-massage","10":"product_cat-herbal-pad-belly-belt","11":"product_cat-huong-que-herbal-pad","13":"first","14":"instock","15":"shipping-taxable","16":"purchasable","17":"product-type-variable"},"acf":[],"yoast_head":"<!-- This site is optimized with the Yoast SEO Premium plugin v27.2 (Yoast SEO v27.2) - https:\/\/yoast.com\/product\/yoast-seo-premium-wordpress\/ -->\n<title>Herbal pad for belly belt - H\u01b0\u01a1ng Qu\u1ebf<\/title>\n<meta name=\"robots\" content=\"index, follow, max-snippet:-1, max-image-preview:large, max-video-preview:-1\" \/>\n<link rel=\"canonical\" href=\"https:\/\/huongque.com.vn\/en\/tam-thao-duoc-nit-bung-pc24\/\" \/>\n<meta property=\"og:locale\" content=\"en_US\" \/>\n<meta property=\"og:type\" content=\"article\" \/>\n<meta property=\"og:title\" content=\"Herbal pad for belly belt\" \/>\n<meta property=\"og:description\" content=\"From skillful and diligent hands of Huong Que female workers, herbal powder is put into cloth bags in equal rhombuses.\" \/>\n<meta property=\"og:url\" content=\"https:\/\/huongque.com.vn\/en\/tam-thao-duoc-nit-bung-pc24\/\" \/>\n<meta property=\"og:site_name\" content=\"H\u01b0\u01a1ng Qu\u1ebf\" \/>\n<meta property=\"article:publisher\" content=\"https:\/\/www.facebook.com\/HuongQueDanang\" \/>\n<meta property=\"article:modified_time\" content=\"2019-08-23T10:28:16+00:00\" \/>\n<meta property=\"og:image\" content=\"https:\/\/huongque.com.vn\/wp-content\/uploads\/2019\/03\/tam-thao-duoc-nit-bung-2.jpg\" \/>\n\t<meta property=\"og:image:width\" content=\"1200\" \/>\n\t<meta property=\"og:image:height\" content=\"800\" \/>\n\t<meta property=\"og:image:type\" content=\"image\/jpeg\" \/>\n<meta name=\"twitter:card\" content=\"summary_large_image\" \/>\n<meta name=\"twitter:label1\" content=\"Availability\" \/>\n\t<meta name=\"twitter:data1\" content=\"In stock\" \/>\n<script type=\"application\/ld+json\" class=\"yoast-schema-graph\">{\"@context\":\"https:\/\/schema.org\",\"@graph\":[{\"@type\":\"WebPage\",\"@id\":\"https:\/\/huongque.com.vn\/en\/tam-thao-duoc-nit-bung-pc24\/\",\"url\":\"https:\/\/huongque.com.vn\/en\/tam-thao-duoc-nit-bung-pc24\/\",\"name\":\"Herbal pad for belly belt - H\u01b0\u01a1ng Qu\u1ebf\",\"isPartOf\":{\"@id\":\"https:\/\/huongque.com.vn\/en\/#website\"},\"primaryImageOfPage\":{\"@id\":\"https:\/\/huongque.com.vn\/en\/tam-thao-duoc-nit-bung-pc24\/#primaryimage\"},\"image\":{\"@id\":\"https:\/\/huongque.com.vn\/en\/tam-thao-duoc-nit-bung-pc24\/#primaryimage\"},\"thumbnailUrl\":\"https:\/\/huongque.com.vn\/wp-content\/uploads\/2019\/03\/tam-thao-duoc-nit-bung-2.jpg\",\"datePublished\":\"2019-03-12T09:06:19+00:00\",\"dateModified\":\"2019-08-23T10:28:16+00:00\",\"breadcrumb\":{\"@id\":\"https:\/\/huongque.com.vn\/en\/tam-thao-duoc-nit-bung-pc24\/#breadcrumb\"},\"inLanguage\":\"en-US\",\"potentialAction\":[{\"@type\":\"ReadAction\",\"target\":[\"https:\/\/huongque.com.vn\/en\/tam-thao-duoc-nit-bung-pc24\/\"]}]},{\"@type\":\"ImageObject\",\"inLanguage\":\"en-US\",\"@id\":\"https:\/\/huongque.com.vn\/en\/tam-thao-duoc-nit-bung-pc24\/#primaryimage\",\"url\":\"https:\/\/huongque.com.vn\/wp-content\/uploads\/2019\/03\/tam-thao-duoc-nit-bung-2.jpg\",\"contentUrl\":\"https:\/\/huongque.com.vn\/wp-content\/uploads\/2019\/03\/tam-thao-duoc-nit-bung-2.jpg\",\"width\":1200,\"height\":800,\"caption\":\"tam thao duoc nit bung\"},{\"@type\":\"BreadcrumbList\",\"@id\":\"https:\/\/huongque.com.vn\/en\/tam-thao-duoc-nit-bung-pc24\/#breadcrumb\",\"itemListElement\":[{\"@type\":\"ListItem\",\"position\":1,\"name\":\"Trang ch\u1ee7\",\"item\":\"https:\/\/huongque.com.vn\/en\/\"},{\"@type\":\"ListItem\",\"position\":2,\"name\":\"Shop\",\"item\":\"https:\/\/huongque.com.vn\/shop\/\"},{\"@type\":\"ListItem\",\"position\":3,\"name\":\"Herbal pad for belly belt\"}]},{\"@type\":\"WebSite\",\"@id\":\"https:\/\/huongque.com.vn\/en\/#website\",\"url\":\"https:\/\/huongque.com.vn\/en\/\",\"name\":\"H\u01b0\u01a1ng Qu\u1ebf\",\"description\":\"l\u00f3t gi\u00e0y qu\u1ebf, l\u00f3t gi\u00e0y h\u01b0\u01a1ng qu\u1ebf, d\u00e9p chi\u1ebfu, d\u00e9p tre, d\u00e9p c\u00f3i, b\u1ed9t qu\u1ebf, n\u1ecbt cao c\u1ea5p h\u01b0\u01a1ng qu\u1ebf, t\u00fai th\u01a1m h\u01b0\u01a1ng qu\u1ebf, th\u1ea3m cao c\u1ea5p h\u01b0\u01a1ng qu\u1ebf\",\"publisher\":{\"@id\":\"https:\/\/huongque.com.vn\/en\/#organization\"},\"potentialAction\":[{\"@type\":\"SearchAction\",\"target\":{\"@type\":\"EntryPoint\",\"urlTemplate\":\"https:\/\/huongque.com.vn\/en\/?s={search_term_string}\"},\"query-input\":{\"@type\":\"PropertyValueSpecification\",\"valueRequired\":true,\"valueName\":\"search_term_string\"}}],\"inLanguage\":\"en-US\"},{\"@type\":\"Organization\",\"@id\":\"https:\/\/huongque.com.vn\/en\/#organization\",\"name\":\"C\u00f4ng ty TNHH SX CB KD XNK H\u01b0\u01a1ng Qu\u1ebf\",\"url\":\"https:\/\/huongque.com.vn\/en\/\",\"logo\":{\"@type\":\"ImageObject\",\"inLanguage\":\"en-US\",\"@id\":\"https:\/\/huongque.com.vn\/en\/#\/schema\/logo\/image\/\",\"url\":\"https:\/\/huongque.com.vn\/wp-content\/uploads\/2019\/03\/logosf.png\",\"contentUrl\":\"https:\/\/huongque.com.vn\/wp-content\/uploads\/2019\/03\/logosf.png\",\"width\":501,\"height\":160,\"caption\":\"C\u00f4ng ty TNHH SX CB KD XNK H\u01b0\u01a1ng Qu\u1ebf\"},\"image\":{\"@id\":\"https:\/\/huongque.com.vn\/en\/#\/schema\/logo\/image\/\"},\"sameAs\":[\"https:\/\/www.facebook.com\/HuongQueDanang\"]}]}<\/script>\n<meta property=\"og:availability\" content=\"instock\" \/>\n<meta property=\"product:availability\" content=\"instock\" \/>\n<meta property=\"product:retailer_item_id\" content=\"TLB-354786\" \/>\n<meta property=\"product:condition\" content=\"new\" \/>\n<!-- \/ Yoast SEO Premium plugin. -->","yoast_head_json":{"title":"Herbal pad for belly belt - H\u01b0\u01a1ng Qu\u1ebf","robots":{"index":"index","follow":"follow","max-snippet":"max-snippet:-1","max-image-preview":"max-image-preview:large","max-video-preview":"max-video-preview:-1"},"canonical":"https:\/\/huongque.com.vn\/en\/tam-thao-duoc-nit-bung-pc24\/","og_locale":"en_US","og_type":"article","og_title":"Herbal pad for belly belt","og_description":"From skillful and diligent hands of Huong Que female workers, herbal powder is put into cloth bags in equal rhombuses.","og_url":"https:\/\/huongque.com.vn\/en\/tam-thao-duoc-nit-bung-pc24\/","og_site_name":"H\u01b0\u01a1ng Qu\u1ebf","article_publisher":"https:\/\/www.facebook.com\/HuongQueDanang","article_modified_time":"2019-08-23T10:28:16+00:00","og_image":[{"width":1200,"height":800,"url":"https:\/\/huongque.com.vn\/wp-content\/uploads\/2019\/03\/tam-thao-duoc-nit-bung-2.jpg","type":"image\/jpeg"}],"twitter_card":"summary_large_image","twitter_misc":{"Availability":"In stock"},"schema":{"@context":"https:\/\/schema.org","@graph":[{"@type":"WebPage","@id":"https:\/\/huongque.com.vn\/en\/tam-thao-duoc-nit-bung-pc24\/","url":"https:\/\/huongque.com.vn\/en\/tam-thao-duoc-nit-bung-pc24\/","name":"Herbal pad for belly belt - H\u01b0\u01a1ng Qu\u1ebf","isPartOf":{"@id":"https:\/\/huongque.com.vn\/en\/#website"},"primaryImageOfPage":{"@id":"https:\/\/huongque.com.vn\/en\/tam-thao-duoc-nit-bung-pc24\/#primaryimage"},"image":{"@id":"https:\/\/huongque.com.vn\/en\/tam-thao-duoc-nit-bung-pc24\/#primaryimage"},"thumbnailUrl":"https:\/\/huongque.com.vn\/wp-content\/uploads\/2019\/03\/tam-thao-duoc-nit-bung-2.jpg","datePublished":"2019-03-12T09:06:19+00:00","dateModified":"2019-08-23T10:28:16+00:00","breadcrumb":{"@id":"https:\/\/huongque.com.vn\/en\/tam-thao-duoc-nit-bung-pc24\/#breadcrumb"},"inLanguage":"en-US","potentialAction":[{"@type":"ReadAction","target":["https:\/\/huongque.com.vn\/en\/tam-thao-duoc-nit-bung-pc24\/"]}]},{"@type":"ImageObject","inLanguage":"en-US","@id":"https:\/\/huongque.com.vn\/en\/tam-thao-duoc-nit-bung-pc24\/#primaryimage","url":"https:\/\/huongque.com.vn\/wp-content\/uploads\/2019\/03\/tam-thao-duoc-nit-bung-2.jpg","contentUrl":"https:\/\/huongque.com.vn\/wp-content\/uploads\/2019\/03\/tam-thao-duoc-nit-bung-2.jpg","width":1200,"height":800,"caption":"tam thao duoc nit bung"},{"@type":"BreadcrumbList","@id":"https:\/\/huongque.com.vn\/en\/tam-thao-duoc-nit-bung-pc24\/#breadcrumb","itemListElement":[{"@type":"ListItem","position":1,"name":"Trang ch\u1ee7","item":"https:\/\/huongque.com.vn\/en\/"},{"@type":"ListItem","position":2,"name":"Shop","item":"https:\/\/huongque.com.vn\/shop\/"},{"@type":"ListItem","position":3,"name":"Herbal pad for belly belt"}]},{"@type":"WebSite","@id":"https:\/\/huongque.com.vn\/en\/#website","url":"https:\/\/huongque.com.vn\/en\/","name":"H\u01b0\u01a1ng Qu\u1ebf","description":"l\u00f3t gi\u00e0y qu\u1ebf, l\u00f3t gi\u00e0y h\u01b0\u01a1ng qu\u1ebf, d\u00e9p chi\u1ebfu, d\u00e9p tre, d\u00e9p c\u00f3i, b\u1ed9t qu\u1ebf, n\u1ecbt cao c\u1ea5p h\u01b0\u01a1ng qu\u1ebf, t\u00fai th\u01a1m h\u01b0\u01a1ng qu\u1ebf, th\u1ea3m cao c\u1ea5p h\u01b0\u01a1ng qu\u1ebf","publisher":{"@id":"https:\/\/huongque.com.vn\/en\/#organization"},"potentialAction":[{"@type":"SearchAction","target":{"@type":"EntryPoint","urlTemplate":"https:\/\/huongque.com.vn\/en\/?s={search_term_string}"},"query-input":{"@type":"PropertyValueSpecification","valueRequired":true,"valueName":"search_term_string"}}],"inLanguage":"en-US"},{"@type":"Organization","@id":"https:\/\/huongque.com.vn\/en\/#organization","name":"C\u00f4ng ty TNHH SX CB KD XNK H\u01b0\u01a1ng Qu\u1ebf","url":"https:\/\/huongque.com.vn\/en\/","logo":{"@type":"ImageObject","inLanguage":"en-US","@id":"https:\/\/huongque.com.vn\/en\/#\/schema\/logo\/image\/","url":"https:\/\/huongque.com.vn\/wp-content\/uploads\/2019\/03\/logosf.png","contentUrl":"https:\/\/huongque.com.vn\/wp-content\/uploads\/2019\/03\/logosf.png","width":501,"height":160,"caption":"C\u00f4ng ty TNHH SX CB KD XNK H\u01b0\u01a1ng Qu\u1ebf"},"image":{"@id":"https:\/\/huongque.com.vn\/en\/#\/schema\/logo\/image\/"},"sameAs":["https:\/\/www.facebook.com\/HuongQueDanang"]}]},"og_availability":"instock","product_availability":"instock","product_retailer_item_id":"TLB-354786","product_condition":"new"},"_links":{"self":[{"href":"https:\/\/huongque.com.vn\/en\/wp-json\/wp\/v2\/product\/1812","targetHints":{"allow":["GET"]}}],"collection":[{"href":"https:\/\/huongque.com.vn\/en\/wp-json\/wp\/v2\/product"}],"about":[{"href":"https:\/\/huongque.com.vn\/en\/wp-json\/wp\/v2\/types\/product"}],"replies":[{"embeddable":true,"href":"https:\/\/huongque.com.vn\/en\/wp-json\/wp\/v2\/comments?post=1812"}],"version-history":[{"count":1,"href":"https:\/\/huongque.com.vn\/en\/wp-json\/wp\/v2\/product\/1812\/revisions"}],"predecessor-version":[{"id":8586,"href":"https:\/\/huongque.com.vn\/en\/wp-json\/wp\/v2\/product\/1812\/revisions\/8586"}],"wp:featuredmedia":[{"embeddable":true,"href":"https:\/\/huongque.com.vn\/en\/wp-json\/wp\/v2\/media\/8588"}],"wp:attachment":[{"href":"https:\/\/huongque.com.vn\/en\/wp-json\/wp\/v2\/media?parent=1812"}],"wp:term":[{"taxonomy":"product_brand","embeddable":true,"href":"https:\/\/huongque.com.vn\/en\/wp-json\/wp\/v2\/product_brand?post=1812"},{"taxonomy":"product_cat","embeddable":true,"href":"https:\/\/huongque.com.vn\/en\/wp-json\/wp\/v2\/product_cat?post=1812"},{"taxonomy":"product_tag","embeddable":true,"href":"https:\/\/huongque.com.vn\/en\/wp-json\/wp\/v2\/product_tag?post=1812"}],"curies":[{"name":"wp","href":"https:\/\/api.w.org\/{rel}","templated":true}]}}