{"id":1813,"date":"2019-03-12T16:01:37","date_gmt":"2019-03-12T09:01:37","guid":{"rendered":"https:\/\/huongque.com.vn\/product\/tam-thao-duoc-gen-sline\/"},"modified":"2019-08-23T17:30:38","modified_gmt":"2019-08-23T10:30:38","slug":"tam-thao-duoc-gen-sline-pc69","status":"publish","type":"product","link":"https:\/\/huongque.com.vn\/en\/tam-thao-duoc-gen-sline-pc69\/","title":{"rendered":"Herbal pads for S-line Slimming Belt"},"content":{"rendered":"<p>The herbal pad of S-line Slimming Belt is a major part of S-line Slimming Belt&#8217;s value and usage.<\/p>\n<p><b>S-line Slimming Belt <\/b>cover can be used for up to 2-3 years before replacement, but the herbal pad can only be used up to 4 months because the essential oils of cinnamon, ginger and other herbs have been used up. You need to change the herbal pad every 3 months for highest effects of S-line Slimming Belt.<\/p>\n<p>&nbsp;<\/p>\n<p><img fetchpriority=\"high\" decoding=\"async\" class=\"aligncenter wp-image-697 size-full\" src=\"https:\/\/huongque.com.vn\/wp-content\/uploads\/2019\/03\/RUOT-SLINE.jpg\" alt=\"\" width=\"1000\" height=\"750\" srcset=\"https:\/\/huongque.com.vn\/wp-content\/uploads\/2019\/03\/RUOT-SLINE.jpg 1000w, https:\/\/huongque.com.vn\/wp-content\/uploads\/2019\/03\/RUOT-SLINE-300x225.jpg 300w, https:\/\/huongque.com.vn\/wp-content\/uploads\/2019\/03\/RUOT-SLINE-768x576.jpg 768w\" sizes=\"(max-width: 1000px) 100vw, 1000px\" \/><\/p>\n<p><img decoding=\"async\" class=\"aligncenter size-full wp-image-2067\" src=\"https:\/\/huongque.com.vn\/wp-content\/uploads\/2019\/03\/SP-MOI_SLINE.png\" alt=\"\" width=\"1737\" height=\"2457\" srcset=\"https:\/\/huongque.com.vn\/wp-content\/uploads\/2019\/03\/SP-MOI_SLINE.png 1737w, https:\/\/huongque.com.vn\/wp-content\/uploads\/2019\/03\/SP-MOI_SLINE-212x300.png 212w, https:\/\/huongque.com.vn\/wp-content\/uploads\/2019\/03\/SP-MOI_SLINE-768x1086.png 768w, https:\/\/huongque.com.vn\/wp-content\/uploads\/2019\/03\/SP-MOI_SLINE-724x1024.png 724w\" sizes=\"(max-width: 1737px) 100vw, 1737px\" \/><\/p>\n<p><strong><b>Ingredient :<\/b><\/strong><\/p>\n<p>&#8211; 100% cotton yarn fabric<\/p>\n<p>&#8211; Cinnamon and ginger powder with other herbs<\/p>\n<p><strong><b>How to use :<\/b><\/strong><\/p>\n<p>&#8211; After every 3-4-days of using S-line Slimming Belt, bring the herbal pad to the sun or dry with a dryer and use your hands to crinkle the herbal pad to maximize the sublimation of essential oils to bring higher effects when using.<\/p>\n<p>&#8211; When not wearing the S-line Slimming Belt, remove the herbal pad and put it in a PP bag carefully to avoid essential oil leaking out.<\/p>\n<p>&#8211; When you need to use the S-line Slimming Belt, insert herbal pad into the S-line Slimming Belt.<\/p>\n<p><img decoding=\"async\" class=\"aligncenter size-full wp-image-701\" src=\"https:\/\/huongque.com.vn\/wp-content\/uploads\/2019\/03\/DONG-GOI-SLINE-1.jpg\" alt=\"\" width=\"1000\" height=\"1103\" srcset=\"https:\/\/huongque.com.vn\/wp-content\/uploads\/2019\/03\/DONG-GOI-SLINE-1.jpg 1000w, https:\/\/huongque.com.vn\/wp-content\/uploads\/2019\/03\/DONG-GOI-SLINE-1-272x300.jpg 272w, https:\/\/huongque.com.vn\/wp-content\/uploads\/2019\/03\/DONG-GOI-SLINE-1-768x847.jpg 768w, https:\/\/huongque.com.vn\/wp-content\/uploads\/2019\/03\/DONG-GOI-SLINE-1-928x1024.jpg 928w\" sizes=\"(max-width: 1000px) 100vw, 1000px\" \/><\/p>\n<p><strong><b>Uses:<\/b><\/strong><\/p>\n<p>&#8211; Gradually reduce excess fat, shrink waistline<\/p>\n<p>&#8211; Smooth and reduce sagging skin<\/p>\n<p>&#8211; Warm and fragrant, very good for postpartum women<\/p>\n<p><strong><b>Recommendation :<\/b><\/strong><\/p>\n<p>&#8211; If you use S-line Slimming Belt for the first time without knowing whether you are allergic to cinnamon or not, you should not apply it directly to the belly skin but cover it with a thin cloth.<\/p>\n<p>&#8211; Use after 2-3 days without allergy to cinnamon, no need to cover it with a thin cloth.<\/p>\n","protected":false},"excerpt":{"rendered":"<p dir=\"ltr\">The herbal pad is a major part that contributes to S-line Slimming Belt&#8217;s value and use. The S-line Slimming Belt cover can be used for up to 2-3 years before replacement, but the herbal pad can only be used up to 4 months because cinnamon\u2026<\/p>\n","protected":false},"featured_media":7668,"comment_status":"open","ping_status":"closed","template":"","meta":{"_acf_changed":false},"product_brand":[],"product_cat":[97,104],"product_tag":[],"class_list":{"0":"post-1813","1":"product","2":"type-product","3":"status-publish","4":"has-post-thumbnail","6":"cong_dung-for-men","7":"cong_dung-for-women","8":"cong_dung-therapy-massage","9":"product_cat-herbal-pad","10":"product_cat-huong-que-herbal-pad","12":"first","13":"instock","14":"shipping-taxable","15":"purchasable","16":"product-type-variable"},"acf":[],"yoast_head":"<!-- This site is optimized with the Yoast SEO Premium plugin v27.2 (Yoast SEO v27.2) - https:\/\/yoast.com\/product\/yoast-seo-premium-wordpress\/ -->\n<title>Herbal pads for S-line Slimming Belt - H\u01b0\u01a1ng Qu\u1ebf<\/title>\n<meta name=\"robots\" content=\"index, follow, max-snippet:-1, max-image-preview:large, max-video-preview:-1\" \/>\n<link rel=\"canonical\" href=\"https:\/\/huongque.com.vn\/en\/tam-thao-duoc-gen-sline-pc69\/\" \/>\n<meta property=\"og:locale\" content=\"en_US\" \/>\n<meta property=\"og:type\" content=\"article\" \/>\n<meta property=\"og:title\" content=\"Herbal pads for S-line Slimming Belt\" \/>\n<meta property=\"og:description\" content=\"The herbal pad is a major part that contributes to S-line Slimming Belt&#039;s value and use. The S-line Slimming Belt cover can be used for up to 2-3 years before replacement, but the herbal pad can only be used up to 4 months because cinnamon\u2026\" \/>\n<meta property=\"og:url\" content=\"https:\/\/huongque.com.vn\/en\/tam-thao-duoc-gen-sline-pc69\/\" \/>\n<meta property=\"og:site_name\" content=\"H\u01b0\u01a1ng Qu\u1ebf\" \/>\n<meta property=\"article:publisher\" content=\"https:\/\/www.facebook.com\/HuongQueDanang\" \/>\n<meta property=\"article:modified_time\" content=\"2019-08-23T10:30:38+00:00\" \/>\n<meta property=\"og:image\" content=\"https:\/\/huongque.com.vn\/wp-content\/uploads\/2019\/03\/tam-thao-duoc-gen-sline.jpg\" \/>\n\t<meta property=\"og:image:width\" content=\"1109\" \/>\n\t<meta property=\"og:image:height\" content=\"800\" \/>\n\t<meta property=\"og:image:type\" content=\"image\/jpeg\" \/>\n<meta name=\"twitter:card\" content=\"summary_large_image\" \/>\n<meta name=\"twitter:label1\" content=\"Availability\" \/>\n\t<meta name=\"twitter:data1\" content=\"In stock\" \/>\n<script type=\"application\/ld+json\" class=\"yoast-schema-graph\">{\"@context\":\"https:\/\/schema.org\",\"@graph\":[{\"@type\":\"WebPage\",\"@id\":\"https:\/\/huongque.com.vn\/en\/tam-thao-duoc-gen-sline-pc69\/\",\"url\":\"https:\/\/huongque.com.vn\/en\/tam-thao-duoc-gen-sline-pc69\/\",\"name\":\"Herbal pads for S-line Slimming Belt - H\u01b0\u01a1ng Qu\u1ebf\",\"isPartOf\":{\"@id\":\"https:\/\/huongque.com.vn\/en\/#website\"},\"primaryImageOfPage\":{\"@id\":\"https:\/\/huongque.com.vn\/en\/tam-thao-duoc-gen-sline-pc69\/#primaryimage\"},\"image\":{\"@id\":\"https:\/\/huongque.com.vn\/en\/tam-thao-duoc-gen-sline-pc69\/#primaryimage\"},\"thumbnailUrl\":\"https:\/\/huongque.com.vn\/wp-content\/uploads\/2019\/03\/tam-thao-duoc-gen-sline.jpg\",\"datePublished\":\"2019-03-12T09:01:37+00:00\",\"dateModified\":\"2019-08-23T10:30:38+00:00\",\"breadcrumb\":{\"@id\":\"https:\/\/huongque.com.vn\/en\/tam-thao-duoc-gen-sline-pc69\/#breadcrumb\"},\"inLanguage\":\"en-US\",\"potentialAction\":[{\"@type\":\"ReadAction\",\"target\":[\"https:\/\/huongque.com.vn\/en\/tam-thao-duoc-gen-sline-pc69\/\"]}]},{\"@type\":\"ImageObject\",\"inLanguage\":\"en-US\",\"@id\":\"https:\/\/huongque.com.vn\/en\/tam-thao-duoc-gen-sline-pc69\/#primaryimage\",\"url\":\"https:\/\/huongque.com.vn\/wp-content\/uploads\/2019\/03\/tam-thao-duoc-gen-sline.jpg\",\"contentUrl\":\"https:\/\/huongque.com.vn\/wp-content\/uploads\/2019\/03\/tam-thao-duoc-gen-sline.jpg\",\"width\":1109,\"height\":800,\"caption\":\"tam thao duoc gen sline\"},{\"@type\":\"BreadcrumbList\",\"@id\":\"https:\/\/huongque.com.vn\/en\/tam-thao-duoc-gen-sline-pc69\/#breadcrumb\",\"itemListElement\":[{\"@type\":\"ListItem\",\"position\":1,\"name\":\"Trang ch\u1ee7\",\"item\":\"https:\/\/huongque.com.vn\/en\/\"},{\"@type\":\"ListItem\",\"position\":2,\"name\":\"Shop\",\"item\":\"https:\/\/huongque.com.vn\/shop\/\"},{\"@type\":\"ListItem\",\"position\":3,\"name\":\"Herbal pads for S-line Slimming Belt\"}]},{\"@type\":\"WebSite\",\"@id\":\"https:\/\/huongque.com.vn\/en\/#website\",\"url\":\"https:\/\/huongque.com.vn\/en\/\",\"name\":\"H\u01b0\u01a1ng Qu\u1ebf\",\"description\":\"l\u00f3t gi\u00e0y qu\u1ebf, l\u00f3t gi\u00e0y h\u01b0\u01a1ng qu\u1ebf, d\u00e9p chi\u1ebfu, d\u00e9p tre, d\u00e9p c\u00f3i, b\u1ed9t qu\u1ebf, n\u1ecbt cao c\u1ea5p h\u01b0\u01a1ng qu\u1ebf, t\u00fai th\u01a1m h\u01b0\u01a1ng qu\u1ebf, th\u1ea3m cao c\u1ea5p h\u01b0\u01a1ng qu\u1ebf\",\"publisher\":{\"@id\":\"https:\/\/huongque.com.vn\/en\/#organization\"},\"potentialAction\":[{\"@type\":\"SearchAction\",\"target\":{\"@type\":\"EntryPoint\",\"urlTemplate\":\"https:\/\/huongque.com.vn\/en\/?s={search_term_string}\"},\"query-input\":{\"@type\":\"PropertyValueSpecification\",\"valueRequired\":true,\"valueName\":\"search_term_string\"}}],\"inLanguage\":\"en-US\"},{\"@type\":\"Organization\",\"@id\":\"https:\/\/huongque.com.vn\/en\/#organization\",\"name\":\"C\u00f4ng ty TNHH SX CB KD XNK H\u01b0\u01a1ng Qu\u1ebf\",\"url\":\"https:\/\/huongque.com.vn\/en\/\",\"logo\":{\"@type\":\"ImageObject\",\"inLanguage\":\"en-US\",\"@id\":\"https:\/\/huongque.com.vn\/en\/#\/schema\/logo\/image\/\",\"url\":\"https:\/\/huongque.com.vn\/wp-content\/uploads\/2019\/03\/logosf.png\",\"contentUrl\":\"https:\/\/huongque.com.vn\/wp-content\/uploads\/2019\/03\/logosf.png\",\"width\":501,\"height\":160,\"caption\":\"C\u00f4ng ty TNHH SX CB KD XNK H\u01b0\u01a1ng Qu\u1ebf\"},\"image\":{\"@id\":\"https:\/\/huongque.com.vn\/en\/#\/schema\/logo\/image\/\"},\"sameAs\":[\"https:\/\/www.facebook.com\/HuongQueDanang\"]}]}<\/script>\n<meta property=\"og:availability\" content=\"instock\" \/>\n<meta property=\"product:availability\" content=\"instock\" \/>\n<meta property=\"product:retailer_item_id\" content=\"TDGS-01\" \/>\n<meta property=\"product:condition\" content=\"new\" \/>\n<!-- \/ Yoast SEO Premium plugin. -->","yoast_head_json":{"title":"Herbal pads for S-line Slimming Belt - H\u01b0\u01a1ng Qu\u1ebf","robots":{"index":"index","follow":"follow","max-snippet":"max-snippet:-1","max-image-preview":"max-image-preview:large","max-video-preview":"max-video-preview:-1"},"canonical":"https:\/\/huongque.com.vn\/en\/tam-thao-duoc-gen-sline-pc69\/","og_locale":"en_US","og_type":"article","og_title":"Herbal pads for S-line Slimming Belt","og_description":"The herbal pad is a major part that contributes to S-line Slimming Belt's value and use. The S-line Slimming Belt cover can be used for up to 2-3 years before replacement, but the herbal pad can only be used up to 4 months because cinnamon\u2026","og_url":"https:\/\/huongque.com.vn\/en\/tam-thao-duoc-gen-sline-pc69\/","og_site_name":"H\u01b0\u01a1ng Qu\u1ebf","article_publisher":"https:\/\/www.facebook.com\/HuongQueDanang","article_modified_time":"2019-08-23T10:30:38+00:00","og_image":[{"width":1109,"height":800,"url":"https:\/\/huongque.com.vn\/wp-content\/uploads\/2019\/03\/tam-thao-duoc-gen-sline.jpg","type":"image\/jpeg"}],"twitter_card":"summary_large_image","twitter_misc":{"Availability":"In stock"},"schema":{"@context":"https:\/\/schema.org","@graph":[{"@type":"WebPage","@id":"https:\/\/huongque.com.vn\/en\/tam-thao-duoc-gen-sline-pc69\/","url":"https:\/\/huongque.com.vn\/en\/tam-thao-duoc-gen-sline-pc69\/","name":"Herbal pads for S-line Slimming Belt - H\u01b0\u01a1ng Qu\u1ebf","isPartOf":{"@id":"https:\/\/huongque.com.vn\/en\/#website"},"primaryImageOfPage":{"@id":"https:\/\/huongque.com.vn\/en\/tam-thao-duoc-gen-sline-pc69\/#primaryimage"},"image":{"@id":"https:\/\/huongque.com.vn\/en\/tam-thao-duoc-gen-sline-pc69\/#primaryimage"},"thumbnailUrl":"https:\/\/huongque.com.vn\/wp-content\/uploads\/2019\/03\/tam-thao-duoc-gen-sline.jpg","datePublished":"2019-03-12T09:01:37+00:00","dateModified":"2019-08-23T10:30:38+00:00","breadcrumb":{"@id":"https:\/\/huongque.com.vn\/en\/tam-thao-duoc-gen-sline-pc69\/#breadcrumb"},"inLanguage":"en-US","potentialAction":[{"@type":"ReadAction","target":["https:\/\/huongque.com.vn\/en\/tam-thao-duoc-gen-sline-pc69\/"]}]},{"@type":"ImageObject","inLanguage":"en-US","@id":"https:\/\/huongque.com.vn\/en\/tam-thao-duoc-gen-sline-pc69\/#primaryimage","url":"https:\/\/huongque.com.vn\/wp-content\/uploads\/2019\/03\/tam-thao-duoc-gen-sline.jpg","contentUrl":"https:\/\/huongque.com.vn\/wp-content\/uploads\/2019\/03\/tam-thao-duoc-gen-sline.jpg","width":1109,"height":800,"caption":"tam thao duoc gen sline"},{"@type":"BreadcrumbList","@id":"https:\/\/huongque.com.vn\/en\/tam-thao-duoc-gen-sline-pc69\/#breadcrumb","itemListElement":[{"@type":"ListItem","position":1,"name":"Trang ch\u1ee7","item":"https:\/\/huongque.com.vn\/en\/"},{"@type":"ListItem","position":2,"name":"Shop","item":"https:\/\/huongque.com.vn\/shop\/"},{"@type":"ListItem","position":3,"name":"Herbal pads for S-line Slimming Belt"}]},{"@type":"WebSite","@id":"https:\/\/huongque.com.vn\/en\/#website","url":"https:\/\/huongque.com.vn\/en\/","name":"H\u01b0\u01a1ng Qu\u1ebf","description":"l\u00f3t gi\u00e0y qu\u1ebf, l\u00f3t gi\u00e0y h\u01b0\u01a1ng qu\u1ebf, d\u00e9p chi\u1ebfu, d\u00e9p tre, d\u00e9p c\u00f3i, b\u1ed9t qu\u1ebf, n\u1ecbt cao c\u1ea5p h\u01b0\u01a1ng qu\u1ebf, t\u00fai th\u01a1m h\u01b0\u01a1ng qu\u1ebf, th\u1ea3m cao c\u1ea5p h\u01b0\u01a1ng qu\u1ebf","publisher":{"@id":"https:\/\/huongque.com.vn\/en\/#organization"},"potentialAction":[{"@type":"SearchAction","target":{"@type":"EntryPoint","urlTemplate":"https:\/\/huongque.com.vn\/en\/?s={search_term_string}"},"query-input":{"@type":"PropertyValueSpecification","valueRequired":true,"valueName":"search_term_string"}}],"inLanguage":"en-US"},{"@type":"Organization","@id":"https:\/\/huongque.com.vn\/en\/#organization","name":"C\u00f4ng ty TNHH SX CB KD XNK H\u01b0\u01a1ng Qu\u1ebf","url":"https:\/\/huongque.com.vn\/en\/","logo":{"@type":"ImageObject","inLanguage":"en-US","@id":"https:\/\/huongque.com.vn\/en\/#\/schema\/logo\/image\/","url":"https:\/\/huongque.com.vn\/wp-content\/uploads\/2019\/03\/logosf.png","contentUrl":"https:\/\/huongque.com.vn\/wp-content\/uploads\/2019\/03\/logosf.png","width":501,"height":160,"caption":"C\u00f4ng ty TNHH SX CB KD XNK H\u01b0\u01a1ng Qu\u1ebf"},"image":{"@id":"https:\/\/huongque.com.vn\/en\/#\/schema\/logo\/image\/"},"sameAs":["https:\/\/www.facebook.com\/HuongQueDanang"]}]},"og_availability":"instock","product_availability":"instock","product_retailer_item_id":"TDGS-01","product_condition":"new"},"_links":{"self":[{"href":"https:\/\/huongque.com.vn\/en\/wp-json\/wp\/v2\/product\/1813","targetHints":{"allow":["GET"]}}],"collection":[{"href":"https:\/\/huongque.com.vn\/en\/wp-json\/wp\/v2\/product"}],"about":[{"href":"https:\/\/huongque.com.vn\/en\/wp-json\/wp\/v2\/types\/product"}],"replies":[{"embeddable":true,"href":"https:\/\/huongque.com.vn\/en\/wp-json\/wp\/v2\/comments?post=1813"}],"version-history":[{"count":1,"href":"https:\/\/huongque.com.vn\/en\/wp-json\/wp\/v2\/product\/1813\/revisions"}],"predecessor-version":[{"id":9667,"href":"https:\/\/huongque.com.vn\/en\/wp-json\/wp\/v2\/product\/1813\/revisions\/9667"}],"wp:featuredmedia":[{"embeddable":true,"href":"https:\/\/huongque.com.vn\/en\/wp-json\/wp\/v2\/media\/7668"}],"wp:attachment":[{"href":"https:\/\/huongque.com.vn\/en\/wp-json\/wp\/v2\/media?parent=1813"}],"wp:term":[{"taxonomy":"product_brand","embeddable":true,"href":"https:\/\/huongque.com.vn\/en\/wp-json\/wp\/v2\/product_brand?post=1813"},{"taxonomy":"product_cat","embeddable":true,"href":"https:\/\/huongque.com.vn\/en\/wp-json\/wp\/v2\/product_cat?post=1813"},{"taxonomy":"product_tag","embeddable":true,"href":"https:\/\/huongque.com.vn\/en\/wp-json\/wp\/v2\/product_tag?post=1813"}],"curies":[{"name":"wp","href":"https:\/\/api.w.org\/{rel}","templated":true}]}}