{"id":1830,"date":"2019-03-12T15:13:59","date_gmt":"2019-03-12T08:13:59","guid":{"rendered":"https:\/\/huongque.com.vn\/product\/nit-lung-cao-cap-huong-que\/"},"modified":"2019-08-23T17:00:59","modified_gmt":"2019-08-23T10:00:59","slug":"nit-lung-cao-cap-huong-que-pc21","status":"publish","type":"product","link":"https:\/\/huongque.com.vn\/en\/nit-lung-cao-cap-huong-que-pc21\/","title":{"rendered":"Huong Que premium back belt"},"content":{"rendered":"<div class=\"tab-content\">\n<div id=\"u-1\" class=\"tab-pane fade in active\" role=\"tabpanel\">\n<p><strong><em><b><i>Natural therapy is recommended<\/i><\/b><\/em><\/strong><\/p>\n<p>From traditional medicine to daily life, it is confirmed that cinnamon has many effects in health care and beauty. Therefore, cinnamon is ranked third in four precious medicinal herbs: Ginseng, Deer Antler, Cinnamon and Aconitum Root. But how do people benefit from the precious produce of nature?<\/p>\n<p>With the participation of a number of medical professionals, experienced in health care and beauty. Huong Que premium belly belt has met the above criteria and become trusted by customers. The product does not contain any chemical or flavoring ingredients. Products are produced from green materials from skillful hands of Huong Que workers.<\/p>\n<p><img fetchpriority=\"high\" decoding=\"async\" class=\"aligncenter size-full wp-image-2088\" src=\"https:\/\/huongque.com.vn\/wp-content\/uploads\/2019\/03\/ok11-1-1.jpg\" alt=\"\" width=\"700\" height=\"601\" srcset=\"https:\/\/huongque.com.vn\/wp-content\/uploads\/2019\/03\/ok11-1-1.jpg 700w, https:\/\/huongque.com.vn\/wp-content\/uploads\/2019\/03\/ok11-1-1-300x258.jpg 300w\" sizes=\"(max-width: 700px) 100vw, 700px\" \/><\/p>\n<p><strong><b>Product structure:<\/b><\/strong><\/p>\n<p>&#8211; 100% raw material is herbal powder. Tra My forest &#8211; Quang Nam cinnamon is over 30 years old. This type of cinnamon has the best essential oil quality, was known as &#8220;Premium cinnamon pearl&#8221; and the highland old ginger powder. This effective combination is a professional secret of Huong Que to create product effectiveness.<\/p>\n<p>&#8211; 100% elastic cotton spandex with good elasticity, bringing soft and comfortable feeling.<\/p>\n<p>&#8211; 100% cotton cloth hygroscopic is cross into a shuttle shape<\/p>\n<p>&#8211; Only durable sewing, seams are beautiful.<\/p>\n<p>&#8211; Sturdy belt, not folded and torn during uses.<\/p>\n<p>&#8211; On the spun yarn, there are flaky fibers &#8211; spikes so that customers can adjust the corsets to match their waist.<\/p>\n<p>&#8211; The back belt has the size for customers to choose according to their waistline:<\/p>\n<p><strong>Size S: \u00a0 \u00a0 \u00a0\u00a0<\/strong>70 cm &#8211; 82 cm;<\/p>\n<p><strong>Size M: \u00a0 \u00a0 \u00a0<\/strong>83 cm &#8211; 86 cm;<\/p>\n<p><strong>Size L: \u00a0 \u00a0 \u00a0\u00a0<\/strong>87 cm &#8211; 92 cm;<\/p>\n<p><strong>Size<\/strong>\u00a0<strong>XL: \u00a0 \u00a0<\/strong>93 cm &#8211; 100 cm;<\/p>\n<p>&nbsp;<\/p>\n<p><em><strong>&#8211; <b><i>The difference in the structure between Huong Que premium back belt and premium belly belt is Huong Que premium back belt has a herbal pad on the back that directly impacts the back of the user.<\/i><\/b><br \/>\n<\/strong><\/em><\/p>\n<div><img decoding=\"async\" class=\"aligncenter size-full wp-image-3769\" src=\"https:\/\/huongque.com.vn\/wp-content\/uploads\/2019\/03\/ok11-1.jpg.png\" alt=\"\" width=\"800\" height=\"252\" srcset=\"https:\/\/huongque.com.vn\/wp-content\/uploads\/2019\/03\/ok11-1.jpg.png 800w, https:\/\/huongque.com.vn\/wp-content\/uploads\/2019\/03\/ok11-1.jpg-300x95.png 300w, https:\/\/huongque.com.vn\/wp-content\/uploads\/2019\/03\/ok11-1.jpg-768x242.png 768w\" sizes=\"(max-width: 800px) 100vw, 800px\" \/><\/div>\n<div><\/div>\n<div><strong><b>Uses:<\/b><\/strong><\/div>\n<div><\/div>\n<p>&#8211; Gradually remove excess fat, stop excess fat from regenerating, shrink waistline, firm abdomen, make beautiful body shape.<\/p>\n<p>&#8211; Stretch and smooth the belly skin for a slender, slimmer body<\/p>\n<p>&#8211; Keep warm and create a mild fragrance for the body.<\/p>\n<p>&#8211;\u00a0<b><i>Prevention of gastrointestinal disorders, very effective for obese people and postpartum women<\/i><\/b><\/p>\n<p><em><strong>&#8211; <b><i>In addition to the above effects, Huong Que premium back belt helps prevent back pain. Especially effective in preventing and curing winter diseases as well as back and joint bone diseases. A precious gift for you to drive, office, work standing or sitting a lot.<\/i><\/b><br \/>\n<\/strong><\/em><\/p>\n<p>&nbsp;<\/p>\n<p><img decoding=\"async\" class=\"aligncenter size-full wp-image-2084\" src=\"https:\/\/huongque.com.vn\/wp-content\/uploads\/2019\/03\/ok11-3.jpg\" alt=\"\" width=\"700\" height=\"469\" srcset=\"https:\/\/huongque.com.vn\/wp-content\/uploads\/2019\/03\/ok11-3.jpg 700w, https:\/\/huongque.com.vn\/wp-content\/uploads\/2019\/03\/ok11-3-300x201.jpg 300w\" sizes=\"(max-width: 700px) 100vw, 700px\" \/><\/p>\n<p>&nbsp;<\/p>\n<p><strong><b>Instructions for using Huong Que premium back belt from the manufacturer:<\/b><\/strong><\/p>\n<p><strong><em>1.<\/em>\u00a0<\/strong><b><i>Before wearing the back belt, <\/i><\/b>the belly skin of the back must be clean and without sweat.<\/p>\n<p><strong><em>2. <\/em><\/strong><b><i>First time use:<\/i><\/b> do not apply directly on the belly skin but wear it through a layer of underwear or a cloth, a thin towel. Use about 15 minutes\/1 time and twice a day, each time 6 hours apart, for 8-10 days. When the body is not allergic to any component of cinnamon, <b>use as the following instructions<\/b>:<\/p>\n<p>&#8211; Wear 4-6 hours a day at the appropriate time, preferably at cool temperature. Postpartum women should use the belt 2 hours\/day, after 2 months of using, start using the belt 3 hours\/day, and avoid wearing the belt too tight. Remove the belt while breastfeeding.<\/p>\n<p>&#8211; After using for 3-4 days, wash the cover of the belt and dry it under the sun or iron it.<\/p>\n<p>&#8211; After using for about 4-5 days, take herbal pad out of the back belt and dry it under the sun or use a dryer to remove the sweat and excess fat absorbed in the herbal pad. After 3 months of use, replace the current herbal pad with a new one, then you will have a like-new premium Huong Que back belt with full features and effects.<\/p>\n<p>&#8211; Customers can wear Huong Que back belt at home, while playing sports and at workplaces.<\/p>\n<p>&nbsp;<\/p>\n<p><img loading=\"lazy\" decoding=\"async\" class=\"aligncenter size-full wp-image-3773\" src=\"https:\/\/huongque.com.vn\/wp-content\/uploads\/2019\/03\/ok11-2.png\" alt=\"\" width=\"796\" height=\"465\" srcset=\"https:\/\/huongque.com.vn\/wp-content\/uploads\/2019\/03\/ok11-2.png 796w, https:\/\/huongque.com.vn\/wp-content\/uploads\/2019\/03\/ok11-2-300x175.png 300w, https:\/\/huongque.com.vn\/wp-content\/uploads\/2019\/03\/ok11-2-768x449.png 768w\" sizes=\"(max-width: 796px) 100vw, 796px\" \/><\/p>\n<p><strong><b>Careful:<\/b><\/strong><\/p>\n<p>&#8211; \u00a0<b>Pregnant women must not use.<\/b><\/p>\n<p>&#8211;\u00a0\u00a0<b> Women who give normal births should only use after 1 month and give caesarean birth should use after 1.5 months.<\/b><\/p>\n<p>&nbsp;<\/p>\n<p><strong><b>Packaging:<\/b><\/strong><\/p>\n<p>&#8211;\u00a0 Each of Huong Que premium back belt is packed in a printed box full of information about the product.<\/p>\n<p>&#8211;\u00a0 Enclosed with the packaging is the convenient instruction manual for customers.<\/p>\n<p><img loading=\"lazy\" decoding=\"async\" class=\"aligncenter size-full wp-image-3777\" src=\"https:\/\/huongque.com.vn\/wp-content\/uploads\/2019\/03\/ok11-4.png\" alt=\"\" width=\"700\" height=\"669\" srcset=\"https:\/\/huongque.com.vn\/wp-content\/uploads\/2019\/03\/ok11-4.png 700w, https:\/\/huongque.com.vn\/wp-content\/uploads\/2019\/03\/ok11-4-300x287.png 300w\" sizes=\"(max-width: 700px) 100vw, 700px\" \/><\/p>\n<p><strong><b>Advice to customers:<\/b><\/strong><\/p>\n<p>Currently, the market has appeared fake products with the same product design of Huong Que packaging.<\/p>\n<p>There are some identification points of Huong Que authentic products as follows:<\/p>\n<p>&#8211;\u00a0 The manufacturer&#8217;s information is printed on product label:<\/p>\n<p><img decoding=\"async\" src=\"http:\/\/huongque.oneoffice.com.vn\/Content\/UserFiles\/Images\/Product\/Content\/4.png\" alt=\"\" \/><\/p>\n<p>MANUFACTURER: HUONG QUOC CO., LTD<br \/>\nGroup 11, Da Son Block, Hoa Khanh Ward, Lien Chieu District, Da Nang City<br \/>\nTel :\u00a0(0511) 3737 078 &#8211; Fax: (0511) 3737 088<br \/>\nEmail:\u00a0info@huongque.com.vn<\/p>\n<p>&#8211; <strong>Product bar code number: <b>8936018450402<\/b><\/strong><\/p>\n<p>&#8211;\u00a0 Huong Que Premium belly belt made by Huong Que Company does not sell with cinnamon essential oil or any other products attached. For more information, please contact Huong Que.<\/p>\n<\/div>\n<\/div>\n","protected":false},"excerpt":{"rendered":"<p>Therefore, cinnamon is ranked third in four precious medicinal herbs: Ginseng, Deer Antler, Cinnamon and Aconitum Root. But how do people benefit from this precious nature produces?<\/p>\n","protected":false},"featured_media":7466,"comment_status":"open","ping_status":"closed","template":"","meta":{"_acf_changed":false},"product_brand":[],"product_cat":[87,86],"product_tag":[],"class_list":{"0":"post-1830","1":"product","2":"type-product","3":"status-publish","4":"has-post-thumbnail","6":"cong_dung-back-pain-arthritis","7":"cong_dung-for-men","8":"cong_dung-for-women","9":"product_cat-huong-que-back-belt","10":"product_cat-huong-que-premium-belt","12":"first","13":"instock","14":"shipping-taxable","15":"purchasable","16":"product-type-variable"},"acf":[],"yoast_head":"<!-- This site is optimized with the Yoast SEO Premium plugin v27.2 (Yoast SEO v27.2) - https:\/\/yoast.com\/product\/yoast-seo-premium-wordpress\/ -->\n<title>Huong Que premium back belt - H\u01b0\u01a1ng Qu\u1ebf<\/title>\n<meta name=\"robots\" content=\"index, follow, max-snippet:-1, max-image-preview:large, max-video-preview:-1\" \/>\n<link rel=\"canonical\" href=\"https:\/\/huongque.com.vn\/en\/nit-lung-cao-cap-huong-que-pc21\/\" \/>\n<meta property=\"og:locale\" content=\"en_US\" \/>\n<meta property=\"og:type\" content=\"article\" \/>\n<meta property=\"og:title\" content=\"Huong Que premium back belt\" \/>\n<meta property=\"og:description\" content=\"Therefore, cinnamon is ranked third in four precious medicinal herbs: Ginseng, Deer Antler, Cinnamon and Aconitum Root. But how do people benefit from this precious nature produces?\" \/>\n<meta property=\"og:url\" content=\"https:\/\/huongque.com.vn\/en\/nit-lung-cao-cap-huong-que-pc21\/\" \/>\n<meta property=\"og:site_name\" content=\"H\u01b0\u01a1ng Qu\u1ebf\" \/>\n<meta property=\"article:publisher\" content=\"https:\/\/www.facebook.com\/HuongQueDanang\" \/>\n<meta property=\"article:modified_time\" content=\"2019-08-23T10:00:59+00:00\" \/>\n<meta property=\"og:image\" content=\"https:\/\/huongque.com.vn\/wp-content\/uploads\/2019\/03\/nit-lung-cao-cap-huong-que.jpg\" \/>\n\t<meta property=\"og:image:width\" content=\"846\" \/>\n\t<meta property=\"og:image:height\" content=\"800\" \/>\n\t<meta property=\"og:image:type\" content=\"image\/jpeg\" \/>\n<meta name=\"twitter:card\" content=\"summary_large_image\" \/>\n<meta name=\"twitter:label1\" content=\"Availability\" \/>\n\t<meta name=\"twitter:data1\" content=\"In stock\" \/>\n<script type=\"application\/ld+json\" class=\"yoast-schema-graph\">{\"@context\":\"https:\/\/schema.org\",\"@graph\":[{\"@type\":\"WebPage\",\"@id\":\"https:\/\/huongque.com.vn\/en\/nit-lung-cao-cap-huong-que-pc21\/\",\"url\":\"https:\/\/huongque.com.vn\/en\/nit-lung-cao-cap-huong-que-pc21\/\",\"name\":\"Huong Que premium back belt - H\u01b0\u01a1ng Qu\u1ebf\",\"isPartOf\":{\"@id\":\"https:\/\/huongque.com.vn\/en\/#website\"},\"primaryImageOfPage\":{\"@id\":\"https:\/\/huongque.com.vn\/en\/nit-lung-cao-cap-huong-que-pc21\/#primaryimage\"},\"image\":{\"@id\":\"https:\/\/huongque.com.vn\/en\/nit-lung-cao-cap-huong-que-pc21\/#primaryimage\"},\"thumbnailUrl\":\"https:\/\/huongque.com.vn\/wp-content\/uploads\/2019\/03\/nit-lung-cao-cap-huong-que.jpg\",\"datePublished\":\"2019-03-12T08:13:59+00:00\",\"dateModified\":\"2019-08-23T10:00:59+00:00\",\"breadcrumb\":{\"@id\":\"https:\/\/huongque.com.vn\/en\/nit-lung-cao-cap-huong-que-pc21\/#breadcrumb\"},\"inLanguage\":\"en-US\",\"potentialAction\":[{\"@type\":\"ReadAction\",\"target\":[\"https:\/\/huongque.com.vn\/en\/nit-lung-cao-cap-huong-que-pc21\/\"]}]},{\"@type\":\"ImageObject\",\"inLanguage\":\"en-US\",\"@id\":\"https:\/\/huongque.com.vn\/en\/nit-lung-cao-cap-huong-que-pc21\/#primaryimage\",\"url\":\"https:\/\/huongque.com.vn\/wp-content\/uploads\/2019\/03\/nit-lung-cao-cap-huong-que.jpg\",\"contentUrl\":\"https:\/\/huongque.com.vn\/wp-content\/uploads\/2019\/03\/nit-lung-cao-cap-huong-que.jpg\",\"width\":846,\"height\":800,\"caption\":\"Nit lung cao cap huong que\"},{\"@type\":\"BreadcrumbList\",\"@id\":\"https:\/\/huongque.com.vn\/en\/nit-lung-cao-cap-huong-que-pc21\/#breadcrumb\",\"itemListElement\":[{\"@type\":\"ListItem\",\"position\":1,\"name\":\"Trang ch\u1ee7\",\"item\":\"https:\/\/huongque.com.vn\/en\/\"},{\"@type\":\"ListItem\",\"position\":2,\"name\":\"Shop\",\"item\":\"https:\/\/huongque.com.vn\/shop\/\"},{\"@type\":\"ListItem\",\"position\":3,\"name\":\"Huong Que premium back belt\"}]},{\"@type\":\"WebSite\",\"@id\":\"https:\/\/huongque.com.vn\/en\/#website\",\"url\":\"https:\/\/huongque.com.vn\/en\/\",\"name\":\"H\u01b0\u01a1ng Qu\u1ebf\",\"description\":\"l\u00f3t gi\u00e0y qu\u1ebf, l\u00f3t gi\u00e0y h\u01b0\u01a1ng qu\u1ebf, d\u00e9p chi\u1ebfu, d\u00e9p tre, d\u00e9p c\u00f3i, b\u1ed9t qu\u1ebf, n\u1ecbt cao c\u1ea5p h\u01b0\u01a1ng qu\u1ebf, t\u00fai th\u01a1m h\u01b0\u01a1ng qu\u1ebf, th\u1ea3m cao c\u1ea5p h\u01b0\u01a1ng qu\u1ebf\",\"publisher\":{\"@id\":\"https:\/\/huongque.com.vn\/en\/#organization\"},\"potentialAction\":[{\"@type\":\"SearchAction\",\"target\":{\"@type\":\"EntryPoint\",\"urlTemplate\":\"https:\/\/huongque.com.vn\/en\/?s={search_term_string}\"},\"query-input\":{\"@type\":\"PropertyValueSpecification\",\"valueRequired\":true,\"valueName\":\"search_term_string\"}}],\"inLanguage\":\"en-US\"},{\"@type\":\"Organization\",\"@id\":\"https:\/\/huongque.com.vn\/en\/#organization\",\"name\":\"C\u00f4ng ty TNHH SX CB KD XNK H\u01b0\u01a1ng Qu\u1ebf\",\"url\":\"https:\/\/huongque.com.vn\/en\/\",\"logo\":{\"@type\":\"ImageObject\",\"inLanguage\":\"en-US\",\"@id\":\"https:\/\/huongque.com.vn\/en\/#\/schema\/logo\/image\/\",\"url\":\"https:\/\/huongque.com.vn\/wp-content\/uploads\/2019\/03\/logosf.png\",\"contentUrl\":\"https:\/\/huongque.com.vn\/wp-content\/uploads\/2019\/03\/logosf.png\",\"width\":501,\"height\":160,\"caption\":\"C\u00f4ng ty TNHH SX CB KD XNK H\u01b0\u01a1ng Qu\u1ebf\"},\"image\":{\"@id\":\"https:\/\/huongque.com.vn\/en\/#\/schema\/logo\/image\/\"},\"sameAs\":[\"https:\/\/www.facebook.com\/HuongQueDanang\"]}]}<\/script>\n<meta property=\"og:availability\" content=\"instock\" \/>\n<meta property=\"product:availability\" content=\"instock\" \/>\n<meta property=\"product:retailer_item_id\" content=\"NL-8936018450402\" \/>\n<meta property=\"product:condition\" content=\"new\" \/>\n<!-- \/ Yoast SEO Premium plugin. -->","yoast_head_json":{"title":"Huong Que premium back belt - H\u01b0\u01a1ng Qu\u1ebf","robots":{"index":"index","follow":"follow","max-snippet":"max-snippet:-1","max-image-preview":"max-image-preview:large","max-video-preview":"max-video-preview:-1"},"canonical":"https:\/\/huongque.com.vn\/en\/nit-lung-cao-cap-huong-que-pc21\/","og_locale":"en_US","og_type":"article","og_title":"Huong Que premium back belt","og_description":"Therefore, cinnamon is ranked third in four precious medicinal herbs: Ginseng, Deer Antler, Cinnamon and Aconitum Root. But how do people benefit from this precious nature produces?","og_url":"https:\/\/huongque.com.vn\/en\/nit-lung-cao-cap-huong-que-pc21\/","og_site_name":"H\u01b0\u01a1ng Qu\u1ebf","article_publisher":"https:\/\/www.facebook.com\/HuongQueDanang","article_modified_time":"2019-08-23T10:00:59+00:00","og_image":[{"width":846,"height":800,"url":"https:\/\/huongque.com.vn\/wp-content\/uploads\/2019\/03\/nit-lung-cao-cap-huong-que.jpg","type":"image\/jpeg"}],"twitter_card":"summary_large_image","twitter_misc":{"Availability":"In stock"},"schema":{"@context":"https:\/\/schema.org","@graph":[{"@type":"WebPage","@id":"https:\/\/huongque.com.vn\/en\/nit-lung-cao-cap-huong-que-pc21\/","url":"https:\/\/huongque.com.vn\/en\/nit-lung-cao-cap-huong-que-pc21\/","name":"Huong Que premium back belt - H\u01b0\u01a1ng Qu\u1ebf","isPartOf":{"@id":"https:\/\/huongque.com.vn\/en\/#website"},"primaryImageOfPage":{"@id":"https:\/\/huongque.com.vn\/en\/nit-lung-cao-cap-huong-que-pc21\/#primaryimage"},"image":{"@id":"https:\/\/huongque.com.vn\/en\/nit-lung-cao-cap-huong-que-pc21\/#primaryimage"},"thumbnailUrl":"https:\/\/huongque.com.vn\/wp-content\/uploads\/2019\/03\/nit-lung-cao-cap-huong-que.jpg","datePublished":"2019-03-12T08:13:59+00:00","dateModified":"2019-08-23T10:00:59+00:00","breadcrumb":{"@id":"https:\/\/huongque.com.vn\/en\/nit-lung-cao-cap-huong-que-pc21\/#breadcrumb"},"inLanguage":"en-US","potentialAction":[{"@type":"ReadAction","target":["https:\/\/huongque.com.vn\/en\/nit-lung-cao-cap-huong-que-pc21\/"]}]},{"@type":"ImageObject","inLanguage":"en-US","@id":"https:\/\/huongque.com.vn\/en\/nit-lung-cao-cap-huong-que-pc21\/#primaryimage","url":"https:\/\/huongque.com.vn\/wp-content\/uploads\/2019\/03\/nit-lung-cao-cap-huong-que.jpg","contentUrl":"https:\/\/huongque.com.vn\/wp-content\/uploads\/2019\/03\/nit-lung-cao-cap-huong-que.jpg","width":846,"height":800,"caption":"Nit lung cao cap huong que"},{"@type":"BreadcrumbList","@id":"https:\/\/huongque.com.vn\/en\/nit-lung-cao-cap-huong-que-pc21\/#breadcrumb","itemListElement":[{"@type":"ListItem","position":1,"name":"Trang ch\u1ee7","item":"https:\/\/huongque.com.vn\/en\/"},{"@type":"ListItem","position":2,"name":"Shop","item":"https:\/\/huongque.com.vn\/shop\/"},{"@type":"ListItem","position":3,"name":"Huong Que premium back belt"}]},{"@type":"WebSite","@id":"https:\/\/huongque.com.vn\/en\/#website","url":"https:\/\/huongque.com.vn\/en\/","name":"H\u01b0\u01a1ng Qu\u1ebf","description":"l\u00f3t gi\u00e0y qu\u1ebf, l\u00f3t gi\u00e0y h\u01b0\u01a1ng qu\u1ebf, d\u00e9p chi\u1ebfu, d\u00e9p tre, d\u00e9p c\u00f3i, b\u1ed9t qu\u1ebf, n\u1ecbt cao c\u1ea5p h\u01b0\u01a1ng qu\u1ebf, t\u00fai th\u01a1m h\u01b0\u01a1ng qu\u1ebf, th\u1ea3m cao c\u1ea5p h\u01b0\u01a1ng qu\u1ebf","publisher":{"@id":"https:\/\/huongque.com.vn\/en\/#organization"},"potentialAction":[{"@type":"SearchAction","target":{"@type":"EntryPoint","urlTemplate":"https:\/\/huongque.com.vn\/en\/?s={search_term_string}"},"query-input":{"@type":"PropertyValueSpecification","valueRequired":true,"valueName":"search_term_string"}}],"inLanguage":"en-US"},{"@type":"Organization","@id":"https:\/\/huongque.com.vn\/en\/#organization","name":"C\u00f4ng ty TNHH SX CB KD XNK H\u01b0\u01a1ng Qu\u1ebf","url":"https:\/\/huongque.com.vn\/en\/","logo":{"@type":"ImageObject","inLanguage":"en-US","@id":"https:\/\/huongque.com.vn\/en\/#\/schema\/logo\/image\/","url":"https:\/\/huongque.com.vn\/wp-content\/uploads\/2019\/03\/logosf.png","contentUrl":"https:\/\/huongque.com.vn\/wp-content\/uploads\/2019\/03\/logosf.png","width":501,"height":160,"caption":"C\u00f4ng ty TNHH SX CB KD XNK H\u01b0\u01a1ng Qu\u1ebf"},"image":{"@id":"https:\/\/huongque.com.vn\/en\/#\/schema\/logo\/image\/"},"sameAs":["https:\/\/www.facebook.com\/HuongQueDanang"]}]},"og_availability":"instock","product_availability":"instock","product_retailer_item_id":"NL-8936018450402","product_condition":"new"},"_links":{"self":[{"href":"https:\/\/huongque.com.vn\/en\/wp-json\/wp\/v2\/product\/1830","targetHints":{"allow":["GET"]}}],"collection":[{"href":"https:\/\/huongque.com.vn\/en\/wp-json\/wp\/v2\/product"}],"about":[{"href":"https:\/\/huongque.com.vn\/en\/wp-json\/wp\/v2\/types\/product"}],"replies":[{"embeddable":true,"href":"https:\/\/huongque.com.vn\/en\/wp-json\/wp\/v2\/comments?post=1830"}],"version-history":[{"count":0,"href":"https:\/\/huongque.com.vn\/en\/wp-json\/wp\/v2\/product\/1830\/revisions"}],"wp:featuredmedia":[{"embeddable":true,"href":"https:\/\/huongque.com.vn\/en\/wp-json\/wp\/v2\/media\/7466"}],"wp:attachment":[{"href":"https:\/\/huongque.com.vn\/en\/wp-json\/wp\/v2\/media?parent=1830"}],"wp:term":[{"taxonomy":"product_brand","embeddable":true,"href":"https:\/\/huongque.com.vn\/en\/wp-json\/wp\/v2\/product_brand?post=1830"},{"taxonomy":"product_cat","embeddable":true,"href":"https:\/\/huongque.com.vn\/en\/wp-json\/wp\/v2\/product_cat?post=1830"},{"taxonomy":"product_tag","embeddable":true,"href":"https:\/\/huongque.com.vn\/en\/wp-json\/wp\/v2\/product_tag?post=1830"}],"curies":[{"name":"wp","href":"https:\/\/api.w.org\/{rel}","templated":true}]}}