{"id":1835,"date":"2019-03-12T16:50:29","date_gmt":"2019-03-12T09:50:29","guid":{"rendered":"https:\/\/huongque.com.vn\/product\/mau-dep-moi-decao-dc-09\/"},"modified":"2019-06-25T13:30:39","modified_gmt":"2019-06-25T06:30:39","slug":"edcq-43","status":"publish","type":"product","link":"https:\/\/huongque.com.vn\/en\/edcq-43\/","title":{"rendered":"EDCQ-43"},"content":{"rendered":"<p><b>The latest Huong Que slippers model with arch support DC-09 is more beautiful compared to the current slippers. Its advanced use is to help look taller and boost their self-confidence. <\/b><\/p>\n<p><img fetchpriority=\"high\" decoding=\"async\" class=\"aligncenter size-full wp-image-748\" src=\"https:\/\/huongque.com.vn\/wp-content\/uploads\/2019\/03\/dc091.jpg\" alt=\"\" width=\"1000\" height=\"663\" srcset=\"https:\/\/huongque.com.vn\/wp-content\/uploads\/2019\/03\/dc091.jpg 1000w, https:\/\/huongque.com.vn\/wp-content\/uploads\/2019\/03\/dc091-300x199.jpg 300w, https:\/\/huongque.com.vn\/wp-content\/uploads\/2019\/03\/dc091-768x509.jpg 768w\" sizes=\"(max-width: 1000px) 100vw, 1000px\" \/><\/p>\n<p>Huong Que Slippers is the perfect combination of fashion and natural herbs of daily life. Slipper strap is made from floral printed cotton fabric. High quality rubber arch support, Good durability, non-slip. High arch support is designed suitably for women shopping preferences.<\/p>\n<p>With soft fabric material and colorful flower straps .In addition, Huong Que slippers are committed to bring many effects for your legs.<\/p>\n<p><img decoding=\"async\" class=\"aligncenter size-full wp-image-749\" src=\"https:\/\/huongque.com.vn\/wp-content\/uploads\/2019\/03\/dc093.jpg\" alt=\"\" width=\"1000\" height=\"838\" srcset=\"https:\/\/huongque.com.vn\/wp-content\/uploads\/2019\/03\/dc093.jpg 1000w, https:\/\/huongque.com.vn\/wp-content\/uploads\/2019\/03\/dc093-300x251.jpg 300w, https:\/\/huongque.com.vn\/wp-content\/uploads\/2019\/03\/dc093-768x644.jpg 768w\" sizes=\"(max-width: 1000px) 100vw, 1000px\" \/><\/p>\n<p><strong>1.\u00a0<\/strong>Reducing foot sweat and softening your feet.<\/p>\n<p><strong>2.\u00a0<\/strong>The benefits of each strand of sedge includes massage the soles of your feet and improve blood circulation<\/p>\n<p><strong>3.\u00a0<\/strong>Huong Que mat slippers are our great gift.<\/p>\n<p><img decoding=\"async\" class=\"aligncenter size-full wp-image-750\" src=\"https:\/\/huongque.com.vn\/wp-content\/uploads\/2019\/03\/dc092.jpg\" alt=\"\" width=\"1000\" height=\"750\" srcset=\"https:\/\/huongque.com.vn\/wp-content\/uploads\/2019\/03\/dc092.jpg 1000w, https:\/\/huongque.com.vn\/wp-content\/uploads\/2019\/03\/dc092-300x225.jpg 300w, https:\/\/huongque.com.vn\/wp-content\/uploads\/2019\/03\/dc092-768x576.jpg 768w\" sizes=\"(max-width: 1000px) 100vw, 1000px\" \/><\/p>\n<p><img loading=\"lazy\" decoding=\"async\" class=\"aligncenter wp-image-2069 size-large\" src=\"https:\/\/huongque.com.vn\/wp-content\/uploads\/2019\/03\/nd1-1-767x1024.jpg\" alt=\"\" width=\"640\" height=\"854\" srcset=\"https:\/\/huongque.com.vn\/wp-content\/uploads\/2019\/03\/nd1-1-767x1024.jpg 767w, https:\/\/huongque.com.vn\/wp-content\/uploads\/2019\/03\/nd1-1-225x300.jpg 225w, https:\/\/huongque.com.vn\/wp-content\/uploads\/2019\/03\/nd1-1-768x1025.jpg 768w, https:\/\/huongque.com.vn\/wp-content\/uploads\/2019\/03\/nd1-1.jpg 931w\" sizes=\"(max-width: 640px) 100vw, 640px\" \/><\/p>\n<p><img loading=\"lazy\" decoding=\"async\" class=\"aligncenter wp-image-2052 size-large\" src=\"https:\/\/huongque.com.vn\/wp-content\/uploads\/2019\/06\/nd2-769x1024.jpg\" alt=\"\" width=\"640\" height=\"852\" srcset=\"https:\/\/huongque.com.vn\/wp-content\/uploads\/2019\/06\/nd2-769x1024.jpg 769w, https:\/\/huongque.com.vn\/wp-content\/uploads\/2019\/06\/nd2-225x300.jpg 225w, https:\/\/huongque.com.vn\/wp-content\/uploads\/2019\/06\/nd2-768x1023.jpg 768w, https:\/\/huongque.com.vn\/wp-content\/uploads\/2019\/06\/nd2.jpg 931w\" sizes=\"(max-width: 640px) 100vw, 640px\" \/><\/p>\n<div class=\"col-md-12\">\n<div class=\"row\">\n<div class=\"tabs-style-bottomline\">\n<div class=\"tab-content\">\n<div id=\"u-1\" class=\"tab-pane fade in active\" role=\"tabpanel\"><\/div>\n<\/div>\n<\/div>\n<\/div>\n<\/div>\n<div class=\"clearfix\">\n<p><strong>Packing<\/strong>:<\/p>\n<p>&#8211; Close in white PP bag with full printed information label of Huong Que sandals.<\/p>\n<p>&#8211; Number of product barcodes according to each type of sandals.<\/p>\n<p>&#8211; Or packing by order.<\/p>\n<p><strong>Model<\/strong>: Beautiful, smooth, light, suitable for indoor wear, at office, in hotel rooms and resorts. Make sure more confident when wearing sandals on the street. In addition to the available sandals, Huong Que is ready to respond well to customers&#8217; model sandals.<\/p>\n<\/div>\n","protected":false},"excerpt":{"rendered":"<p>The latest Huong Que slippers model with arch support DC-09 is more beautiful compared to the current slippers. Its advanced use is to help women look taller and boost their self-confidence.<\/p>\n","protected":false},"featured_media":1358,"comment_status":"open","ping_status":"closed","template":"","meta":{"_acf_changed":false},"product_brand":[],"product_cat":[72,73],"product_tag":[],"class_list":{"0":"post-1835","1":"product","2":"type-product","3":"status-publish","4":"has-post-thumbnail","6":"cong_dung-for-women","7":"product_cat-huong-que-mat-slippers","8":"product_cat-huong-que-slippers","10":"first","11":"instock","12":"shipping-taxable","13":"purchasable","14":"product-type-variable"},"acf":[],"yoast_head":"<!-- This site is optimized with the Yoast SEO Premium plugin v27.2 (Yoast SEO v27.2) - https:\/\/yoast.com\/product\/yoast-seo-premium-wordpress\/ -->\n<title>EDCQ-43 - H\u01b0\u01a1ng Qu\u1ebf<\/title>\n<meta name=\"robots\" content=\"index, follow, max-snippet:-1, max-image-preview:large, max-video-preview:-1\" \/>\n<link rel=\"canonical\" href=\"https:\/\/huongque.com.vn\/en\/edcq-43\/\" \/>\n<meta property=\"og:locale\" content=\"en_US\" \/>\n<meta property=\"og:type\" content=\"article\" \/>\n<meta property=\"og:title\" content=\"EDCQ-43\" \/>\n<meta property=\"og:description\" content=\"The latest Huong Que slippers model with arch support DC-09 is more beautiful compared to the current slippers. Its advanced use is to help women look taller and boost their self-confidence.\" \/>\n<meta property=\"og:url\" content=\"https:\/\/huongque.com.vn\/en\/edcq-43\/\" \/>\n<meta property=\"og:site_name\" content=\"H\u01b0\u01a1ng Qu\u1ebf\" \/>\n<meta property=\"article:publisher\" content=\"https:\/\/www.facebook.com\/HuongQueDanang\" \/>\n<meta property=\"article:modified_time\" content=\"2019-06-25T06:30:39+00:00\" \/>\n<meta property=\"og:image\" content=\"https:\/\/huongque.com.vn\/wp-content\/uploads\/2019\/03\/l-135633-dc09.jpg\" \/>\n\t<meta property=\"og:image:width\" content=\"427\" \/>\n\t<meta property=\"og:image:height\" content=\"447\" \/>\n\t<meta property=\"og:image:type\" content=\"image\/jpeg\" \/>\n<meta name=\"twitter:card\" content=\"summary_large_image\" \/>\n<meta name=\"twitter:label1\" content=\"Availability\" \/>\n\t<meta name=\"twitter:data1\" content=\"In stock\" \/>\n<script type=\"application\/ld+json\" class=\"yoast-schema-graph\">{\"@context\":\"https:\/\/schema.org\",\"@graph\":[{\"@type\":\"WebPage\",\"@id\":\"https:\/\/huongque.com.vn\/en\/edcq-43\/\",\"url\":\"https:\/\/huongque.com.vn\/en\/edcq-43\/\",\"name\":\"EDCQ-43 - H\u01b0\u01a1ng Qu\u1ebf\",\"isPartOf\":{\"@id\":\"https:\/\/huongque.com.vn\/en\/#website\"},\"primaryImageOfPage\":{\"@id\":\"https:\/\/huongque.com.vn\/en\/edcq-43\/#primaryimage\"},\"image\":{\"@id\":\"https:\/\/huongque.com.vn\/en\/edcq-43\/#primaryimage\"},\"thumbnailUrl\":\"https:\/\/huongque.com.vn\/wp-content\/uploads\/2019\/03\/l-135633-dc09.jpg\",\"datePublished\":\"2019-03-12T09:50:29+00:00\",\"dateModified\":\"2019-06-25T06:30:39+00:00\",\"breadcrumb\":{\"@id\":\"https:\/\/huongque.com.vn\/en\/edcq-43\/#breadcrumb\"},\"inLanguage\":\"en-US\",\"potentialAction\":[{\"@type\":\"ReadAction\",\"target\":[\"https:\/\/huongque.com.vn\/en\/edcq-43\/\"]}]},{\"@type\":\"ImageObject\",\"inLanguage\":\"en-US\",\"@id\":\"https:\/\/huongque.com.vn\/en\/edcq-43\/#primaryimage\",\"url\":\"https:\/\/huongque.com.vn\/wp-content\/uploads\/2019\/03\/l-135633-dc09.jpg\",\"contentUrl\":\"https:\/\/huongque.com.vn\/wp-content\/uploads\/2019\/03\/l-135633-dc09.jpg\",\"width\":427,\"height\":447},{\"@type\":\"BreadcrumbList\",\"@id\":\"https:\/\/huongque.com.vn\/en\/edcq-43\/#breadcrumb\",\"itemListElement\":[{\"@type\":\"ListItem\",\"position\":1,\"name\":\"Trang ch\u1ee7\",\"item\":\"https:\/\/huongque.com.vn\/en\/\"},{\"@type\":\"ListItem\",\"position\":2,\"name\":\"Shop\",\"item\":\"https:\/\/huongque.com.vn\/shop\/\"},{\"@type\":\"ListItem\",\"position\":3,\"name\":\"EDCQ-43\"}]},{\"@type\":\"WebSite\",\"@id\":\"https:\/\/huongque.com.vn\/en\/#website\",\"url\":\"https:\/\/huongque.com.vn\/en\/\",\"name\":\"H\u01b0\u01a1ng Qu\u1ebf\",\"description\":\"l\u00f3t gi\u00e0y qu\u1ebf, l\u00f3t gi\u00e0y h\u01b0\u01a1ng qu\u1ebf, d\u00e9p chi\u1ebfu, d\u00e9p tre, d\u00e9p c\u00f3i, b\u1ed9t qu\u1ebf, n\u1ecbt cao c\u1ea5p h\u01b0\u01a1ng qu\u1ebf, t\u00fai th\u01a1m h\u01b0\u01a1ng qu\u1ebf, th\u1ea3m cao c\u1ea5p h\u01b0\u01a1ng qu\u1ebf\",\"publisher\":{\"@id\":\"https:\/\/huongque.com.vn\/en\/#organization\"},\"potentialAction\":[{\"@type\":\"SearchAction\",\"target\":{\"@type\":\"EntryPoint\",\"urlTemplate\":\"https:\/\/huongque.com.vn\/en\/?s={search_term_string}\"},\"query-input\":{\"@type\":\"PropertyValueSpecification\",\"valueRequired\":true,\"valueName\":\"search_term_string\"}}],\"inLanguage\":\"en-US\"},{\"@type\":\"Organization\",\"@id\":\"https:\/\/huongque.com.vn\/en\/#organization\",\"name\":\"C\u00f4ng ty TNHH SX CB KD XNK H\u01b0\u01a1ng Qu\u1ebf\",\"url\":\"https:\/\/huongque.com.vn\/en\/\",\"logo\":{\"@type\":\"ImageObject\",\"inLanguage\":\"en-US\",\"@id\":\"https:\/\/huongque.com.vn\/en\/#\/schema\/logo\/image\/\",\"url\":\"https:\/\/huongque.com.vn\/wp-content\/uploads\/2019\/03\/logosf.png\",\"contentUrl\":\"https:\/\/huongque.com.vn\/wp-content\/uploads\/2019\/03\/logosf.png\",\"width\":501,\"height\":160,\"caption\":\"C\u00f4ng ty TNHH SX CB KD XNK H\u01b0\u01a1ng Qu\u1ebf\"},\"image\":{\"@id\":\"https:\/\/huongque.com.vn\/en\/#\/schema\/logo\/image\/\"},\"sameAs\":[\"https:\/\/www.facebook.com\/HuongQueDanang\"]}]}<\/script>\n<meta property=\"og:availability\" content=\"instock\" \/>\n<meta property=\"product:availability\" content=\"instock\" \/>\n<meta property=\"product:retailer_item_id\" content=\"EDCQ-43\" \/>\n<meta property=\"product:condition\" content=\"new\" \/>\n<!-- \/ Yoast SEO Premium plugin. -->","yoast_head_json":{"title":"EDCQ-43 - H\u01b0\u01a1ng Qu\u1ebf","robots":{"index":"index","follow":"follow","max-snippet":"max-snippet:-1","max-image-preview":"max-image-preview:large","max-video-preview":"max-video-preview:-1"},"canonical":"https:\/\/huongque.com.vn\/en\/edcq-43\/","og_locale":"en_US","og_type":"article","og_title":"EDCQ-43","og_description":"The latest Huong Que slippers model with arch support DC-09 is more beautiful compared to the current slippers. Its advanced use is to help women look taller and boost their self-confidence.","og_url":"https:\/\/huongque.com.vn\/en\/edcq-43\/","og_site_name":"H\u01b0\u01a1ng Qu\u1ebf","article_publisher":"https:\/\/www.facebook.com\/HuongQueDanang","article_modified_time":"2019-06-25T06:30:39+00:00","og_image":[{"width":427,"height":447,"url":"https:\/\/huongque.com.vn\/wp-content\/uploads\/2019\/03\/l-135633-dc09.jpg","type":"image\/jpeg"}],"twitter_card":"summary_large_image","twitter_misc":{"Availability":"In stock"},"schema":{"@context":"https:\/\/schema.org","@graph":[{"@type":"WebPage","@id":"https:\/\/huongque.com.vn\/en\/edcq-43\/","url":"https:\/\/huongque.com.vn\/en\/edcq-43\/","name":"EDCQ-43 - H\u01b0\u01a1ng Qu\u1ebf","isPartOf":{"@id":"https:\/\/huongque.com.vn\/en\/#website"},"primaryImageOfPage":{"@id":"https:\/\/huongque.com.vn\/en\/edcq-43\/#primaryimage"},"image":{"@id":"https:\/\/huongque.com.vn\/en\/edcq-43\/#primaryimage"},"thumbnailUrl":"https:\/\/huongque.com.vn\/wp-content\/uploads\/2019\/03\/l-135633-dc09.jpg","datePublished":"2019-03-12T09:50:29+00:00","dateModified":"2019-06-25T06:30:39+00:00","breadcrumb":{"@id":"https:\/\/huongque.com.vn\/en\/edcq-43\/#breadcrumb"},"inLanguage":"en-US","potentialAction":[{"@type":"ReadAction","target":["https:\/\/huongque.com.vn\/en\/edcq-43\/"]}]},{"@type":"ImageObject","inLanguage":"en-US","@id":"https:\/\/huongque.com.vn\/en\/edcq-43\/#primaryimage","url":"https:\/\/huongque.com.vn\/wp-content\/uploads\/2019\/03\/l-135633-dc09.jpg","contentUrl":"https:\/\/huongque.com.vn\/wp-content\/uploads\/2019\/03\/l-135633-dc09.jpg","width":427,"height":447},{"@type":"BreadcrumbList","@id":"https:\/\/huongque.com.vn\/en\/edcq-43\/#breadcrumb","itemListElement":[{"@type":"ListItem","position":1,"name":"Trang ch\u1ee7","item":"https:\/\/huongque.com.vn\/en\/"},{"@type":"ListItem","position":2,"name":"Shop","item":"https:\/\/huongque.com.vn\/shop\/"},{"@type":"ListItem","position":3,"name":"EDCQ-43"}]},{"@type":"WebSite","@id":"https:\/\/huongque.com.vn\/en\/#website","url":"https:\/\/huongque.com.vn\/en\/","name":"H\u01b0\u01a1ng Qu\u1ebf","description":"l\u00f3t gi\u00e0y qu\u1ebf, l\u00f3t gi\u00e0y h\u01b0\u01a1ng qu\u1ebf, d\u00e9p chi\u1ebfu, d\u00e9p tre, d\u00e9p c\u00f3i, b\u1ed9t qu\u1ebf, n\u1ecbt cao c\u1ea5p h\u01b0\u01a1ng qu\u1ebf, t\u00fai th\u01a1m h\u01b0\u01a1ng qu\u1ebf, th\u1ea3m cao c\u1ea5p h\u01b0\u01a1ng qu\u1ebf","publisher":{"@id":"https:\/\/huongque.com.vn\/en\/#organization"},"potentialAction":[{"@type":"SearchAction","target":{"@type":"EntryPoint","urlTemplate":"https:\/\/huongque.com.vn\/en\/?s={search_term_string}"},"query-input":{"@type":"PropertyValueSpecification","valueRequired":true,"valueName":"search_term_string"}}],"inLanguage":"en-US"},{"@type":"Organization","@id":"https:\/\/huongque.com.vn\/en\/#organization","name":"C\u00f4ng ty TNHH SX CB KD XNK H\u01b0\u01a1ng Qu\u1ebf","url":"https:\/\/huongque.com.vn\/en\/","logo":{"@type":"ImageObject","inLanguage":"en-US","@id":"https:\/\/huongque.com.vn\/en\/#\/schema\/logo\/image\/","url":"https:\/\/huongque.com.vn\/wp-content\/uploads\/2019\/03\/logosf.png","contentUrl":"https:\/\/huongque.com.vn\/wp-content\/uploads\/2019\/03\/logosf.png","width":501,"height":160,"caption":"C\u00f4ng ty TNHH SX CB KD XNK H\u01b0\u01a1ng Qu\u1ebf"},"image":{"@id":"https:\/\/huongque.com.vn\/en\/#\/schema\/logo\/image\/"},"sameAs":["https:\/\/www.facebook.com\/HuongQueDanang"]}]},"og_availability":"instock","product_availability":"instock","product_retailer_item_id":"EDCQ-43","product_condition":"new"},"_links":{"self":[{"href":"https:\/\/huongque.com.vn\/en\/wp-json\/wp\/v2\/product\/1835","targetHints":{"allow":["GET"]}}],"collection":[{"href":"https:\/\/huongque.com.vn\/en\/wp-json\/wp\/v2\/product"}],"about":[{"href":"https:\/\/huongque.com.vn\/en\/wp-json\/wp\/v2\/types\/product"}],"replies":[{"embeddable":true,"href":"https:\/\/huongque.com.vn\/en\/wp-json\/wp\/v2\/comments?post=1835"}],"version-history":[{"count":0,"href":"https:\/\/huongque.com.vn\/en\/wp-json\/wp\/v2\/product\/1835\/revisions"}],"wp:featuredmedia":[{"embeddable":true,"href":"https:\/\/huongque.com.vn\/en\/wp-json\/wp\/v2\/media\/1358"}],"wp:attachment":[{"href":"https:\/\/huongque.com.vn\/en\/wp-json\/wp\/v2\/media?parent=1835"}],"wp:term":[{"taxonomy":"product_brand","embeddable":true,"href":"https:\/\/huongque.com.vn\/en\/wp-json\/wp\/v2\/product_brand?post=1835"},{"taxonomy":"product_cat","embeddable":true,"href":"https:\/\/huongque.com.vn\/en\/wp-json\/wp\/v2\/product_cat?post=1835"},{"taxonomy":"product_tag","embeddable":true,"href":"https:\/\/huongque.com.vn\/en\/wp-json\/wp\/v2\/product_tag?post=1835"}],"curies":[{"name":"wp","href":"https:\/\/api.w.org\/{rel}","templated":true}]}}