{"id":1878,"date":"2019-03-12T17:18:39","date_gmt":"2019-03-12T10:18:39","guid":{"rendered":"https:\/\/huongque.com.vn\/product\/dep-go-tre-dgt-02\/"},"modified":"2019-06-25T11:17:23","modified_gmt":"2019-06-25T04:17:23","slug":"edg-02","status":"publish","type":"product","link":"https:\/\/huongque.com.vn\/en\/edg-02\/","title":{"rendered":"EDG-02"},"content":{"rendered":"<p>The slippers made from small bamboo slats make the smoothness such as foot massage and bamboo cinnamon slippers spread the fragrance from cinnamon to scented feet, keep the soles of the feet warm.<\/p>\n<p><b>Wood\/Bamboo Slippers<\/b> aromatic feet, massage the feet to create a pleasant feeling when wearing slippers.<\/p>\n<p>Wood\/Bamboo slippers are suitable for all seasons of the year, keeping feet warm, reducing foot sweat, and helping to heal foot skin diseases such as fungi, eczema, etc.<\/p>\n<p>&nbsp;<\/p>\n<p><img fetchpriority=\"high\" decoding=\"async\" class=\"aligncenter size-full wp-image-763\" src=\"https:\/\/huongque.com.vn\/wp-content\/uploads\/2019\/03\/dep-go22.jpg\" alt=\"\" width=\"1000\" height=\"888\" srcset=\"https:\/\/huongque.com.vn\/wp-content\/uploads\/2019\/03\/dep-go22.jpg 1000w, https:\/\/huongque.com.vn\/wp-content\/uploads\/2019\/03\/dep-go22-300x266.jpg 300w, https:\/\/huongque.com.vn\/wp-content\/uploads\/2019\/03\/dep-go22-768x682.jpg 768w\" sizes=\"(max-width: 1000px) 100vw, 1000px\" \/><\/p>\n<p><b>Wood slippers<\/b> works best when harmonizing and stimulating the acupuncture points of the human body under the soles of the feet, helping to circulate blood well, reducing aches and pains.<\/p>\n<p><b>Slipper insoles <\/b>is smooth and anti-slip, slippers are sewn from floral fabric, striped fabric, brocade, etc. with fashionable and beautiful features, comfortable to use and bring benefits to customers&#8217; health.<\/p>\n<p><img decoding=\"async\" class=\"aligncenter wp-image-2069 size-large\" src=\"https:\/\/huongque.com.vn\/wp-content\/uploads\/2019\/03\/nd1-1-767x1024.jpg\" alt=\"\" width=\"640\" height=\"854\" srcset=\"https:\/\/huongque.com.vn\/wp-content\/uploads\/2019\/03\/nd1-1-767x1024.jpg 767w, https:\/\/huongque.com.vn\/wp-content\/uploads\/2019\/03\/nd1-1-225x300.jpg 225w, https:\/\/huongque.com.vn\/wp-content\/uploads\/2019\/03\/nd1-1-768x1025.jpg 768w, https:\/\/huongque.com.vn\/wp-content\/uploads\/2019\/03\/nd1-1.jpg 931w\" sizes=\"(max-width: 640px) 100vw, 640px\" \/><\/p>\n<p><img decoding=\"async\" class=\"aligncenter wp-image-2052 size-large\" src=\"https:\/\/huongque.com.vn\/wp-content\/uploads\/2019\/06\/nd2-769x1024.jpg\" alt=\"\" width=\"640\" height=\"852\" srcset=\"https:\/\/huongque.com.vn\/wp-content\/uploads\/2019\/06\/nd2-769x1024.jpg 769w, https:\/\/huongque.com.vn\/wp-content\/uploads\/2019\/06\/nd2-225x300.jpg 225w, https:\/\/huongque.com.vn\/wp-content\/uploads\/2019\/06\/nd2-768x1023.jpg 768w, https:\/\/huongque.com.vn\/wp-content\/uploads\/2019\/06\/nd2.jpg 931w\" sizes=\"(max-width: 640px) 100vw, 640px\" \/><\/p>\n<p>&nbsp;<\/p>\n","protected":false},"excerpt":{"rendered":"<p>Wood slippers are suitable for all seasons of the year, keeping warm feet, reducing foot sweat, helping to heal foot skin diseases such as fungi, eczema, etc.<\/p>\n","protected":false},"featured_media":3233,"comment_status":"open","ping_status":"closed","template":"","meta":{"_acf_changed":false},"product_brand":[],"product_cat":[73,76],"product_tag":[],"class_list":{"0":"post-1878","1":"product","2":"type-product","3":"status-publish","4":"has-post-thumbnail","6":"cong_dung-for-men","7":"cong_dung-for-women","8":"product_cat-huong-que-slippers","9":"product_cat-wood-bamboo-slippers","11":"first","12":"outofstock","13":"shipping-taxable","14":"purchasable","15":"product-type-variable"},"acf":[],"yoast_head":"<!-- This site is optimized with the Yoast SEO Premium plugin v27.2 (Yoast SEO v27.2) - https:\/\/yoast.com\/product\/yoast-seo-premium-wordpress\/ -->\n<title>EDG-02 - H\u01b0\u01a1ng Qu\u1ebf<\/title>\n<meta name=\"robots\" content=\"index, follow, max-snippet:-1, max-image-preview:large, max-video-preview:-1\" \/>\n<link rel=\"canonical\" href=\"https:\/\/huongque.com.vn\/en\/edg-02\/\" \/>\n<meta property=\"og:locale\" content=\"en_US\" \/>\n<meta property=\"og:type\" content=\"article\" \/>\n<meta property=\"og:title\" content=\"EDG-02\" \/>\n<meta property=\"og:description\" content=\"Wood slippers are suitable for all seasons of the year, keeping warm feet, reducing foot sweat, helping to heal foot skin diseases such as fungi, eczema, etc.\" \/>\n<meta property=\"og:url\" content=\"https:\/\/huongque.com.vn\/en\/edg-02\/\" \/>\n<meta property=\"og:site_name\" content=\"H\u01b0\u01a1ng Qu\u1ebf\" \/>\n<meta property=\"article:publisher\" content=\"https:\/\/www.facebook.com\/HuongQueDanang\" \/>\n<meta property=\"article:modified_time\" content=\"2019-06-25T04:17:23+00:00\" \/>\n<meta property=\"og:image\" content=\"https:\/\/huongque.com.vn\/wp-content\/uploads\/2019\/03\/l-043453-dep-go2-1.jpg\" \/>\n\t<meta property=\"og:image:width\" content=\"427\" \/>\n\t<meta property=\"og:image:height\" content=\"447\" \/>\n\t<meta property=\"og:image:type\" content=\"image\/jpeg\" \/>\n<meta name=\"twitter:card\" content=\"summary_large_image\" \/>\n<meta name=\"twitter:label1\" content=\"Availability\" \/>\n\t<meta name=\"twitter:data1\" content=\"Out of stock\" \/>\n<script type=\"application\/ld+json\" class=\"yoast-schema-graph\">{\"@context\":\"https:\/\/schema.org\",\"@graph\":[{\"@type\":\"WebPage\",\"@id\":\"https:\/\/huongque.com.vn\/en\/edg-02\/\",\"url\":\"https:\/\/huongque.com.vn\/en\/edg-02\/\",\"name\":\"EDG-02 - H\u01b0\u01a1ng Qu\u1ebf\",\"isPartOf\":{\"@id\":\"https:\/\/huongque.com.vn\/en\/#website\"},\"primaryImageOfPage\":{\"@id\":\"https:\/\/huongque.com.vn\/en\/edg-02\/#primaryimage\"},\"image\":{\"@id\":\"https:\/\/huongque.com.vn\/en\/edg-02\/#primaryimage\"},\"thumbnailUrl\":\"https:\/\/huongque.com.vn\/wp-content\/uploads\/2019\/03\/l-043453-dep-go2-1.jpg\",\"datePublished\":\"2019-03-12T10:18:39+00:00\",\"dateModified\":\"2019-06-25T04:17:23+00:00\",\"breadcrumb\":{\"@id\":\"https:\/\/huongque.com.vn\/en\/edg-02\/#breadcrumb\"},\"inLanguage\":\"en-US\",\"potentialAction\":[{\"@type\":\"ReadAction\",\"target\":[\"https:\/\/huongque.com.vn\/en\/edg-02\/\"]}]},{\"@type\":\"ImageObject\",\"inLanguage\":\"en-US\",\"@id\":\"https:\/\/huongque.com.vn\/en\/edg-02\/#primaryimage\",\"url\":\"https:\/\/huongque.com.vn\/wp-content\/uploads\/2019\/03\/l-043453-dep-go2-1.jpg\",\"contentUrl\":\"https:\/\/huongque.com.vn\/wp-content\/uploads\/2019\/03\/l-043453-dep-go2-1.jpg\",\"width\":427,\"height\":447},{\"@type\":\"BreadcrumbList\",\"@id\":\"https:\/\/huongque.com.vn\/en\/edg-02\/#breadcrumb\",\"itemListElement\":[{\"@type\":\"ListItem\",\"position\":1,\"name\":\"Trang ch\u1ee7\",\"item\":\"https:\/\/huongque.com.vn\/en\/\"},{\"@type\":\"ListItem\",\"position\":2,\"name\":\"Shop\",\"item\":\"https:\/\/huongque.com.vn\/shop\/\"},{\"@type\":\"ListItem\",\"position\":3,\"name\":\"EDG-02\"}]},{\"@type\":\"WebSite\",\"@id\":\"https:\/\/huongque.com.vn\/en\/#website\",\"url\":\"https:\/\/huongque.com.vn\/en\/\",\"name\":\"H\u01b0\u01a1ng Qu\u1ebf\",\"description\":\"l\u00f3t gi\u00e0y qu\u1ebf, l\u00f3t gi\u00e0y h\u01b0\u01a1ng qu\u1ebf, d\u00e9p chi\u1ebfu, d\u00e9p tre, d\u00e9p c\u00f3i, b\u1ed9t qu\u1ebf, n\u1ecbt cao c\u1ea5p h\u01b0\u01a1ng qu\u1ebf, t\u00fai th\u01a1m h\u01b0\u01a1ng qu\u1ebf, th\u1ea3m cao c\u1ea5p h\u01b0\u01a1ng qu\u1ebf\",\"publisher\":{\"@id\":\"https:\/\/huongque.com.vn\/en\/#organization\"},\"potentialAction\":[{\"@type\":\"SearchAction\",\"target\":{\"@type\":\"EntryPoint\",\"urlTemplate\":\"https:\/\/huongque.com.vn\/en\/?s={search_term_string}\"},\"query-input\":{\"@type\":\"PropertyValueSpecification\",\"valueRequired\":true,\"valueName\":\"search_term_string\"}}],\"inLanguage\":\"en-US\"},{\"@type\":\"Organization\",\"@id\":\"https:\/\/huongque.com.vn\/en\/#organization\",\"name\":\"C\u00f4ng ty TNHH SX CB KD XNK H\u01b0\u01a1ng Qu\u1ebf\",\"url\":\"https:\/\/huongque.com.vn\/en\/\",\"logo\":{\"@type\":\"ImageObject\",\"inLanguage\":\"en-US\",\"@id\":\"https:\/\/huongque.com.vn\/en\/#\/schema\/logo\/image\/\",\"url\":\"https:\/\/huongque.com.vn\/wp-content\/uploads\/2019\/03\/logosf.png\",\"contentUrl\":\"https:\/\/huongque.com.vn\/wp-content\/uploads\/2019\/03\/logosf.png\",\"width\":501,\"height\":160,\"caption\":\"C\u00f4ng ty TNHH SX CB KD XNK H\u01b0\u01a1ng Qu\u1ebf\"},\"image\":{\"@id\":\"https:\/\/huongque.com.vn\/en\/#\/schema\/logo\/image\/\"},\"sameAs\":[\"https:\/\/www.facebook.com\/HuongQueDanang\"]}]}<\/script>\n<meta property=\"og:availability\" content=\"out of stock\" \/>\n<meta property=\"product:availability\" content=\"out of stock\" \/>\n<meta property=\"product:retailer_item_id\" content=\"EDG-02\" \/>\n<meta property=\"product:condition\" content=\"new\" \/>\n<!-- \/ Yoast SEO Premium plugin. -->","yoast_head_json":{"title":"EDG-02 - H\u01b0\u01a1ng Qu\u1ebf","robots":{"index":"index","follow":"follow","max-snippet":"max-snippet:-1","max-image-preview":"max-image-preview:large","max-video-preview":"max-video-preview:-1"},"canonical":"https:\/\/huongque.com.vn\/en\/edg-02\/","og_locale":"en_US","og_type":"article","og_title":"EDG-02","og_description":"Wood slippers are suitable for all seasons of the year, keeping warm feet, reducing foot sweat, helping to heal foot skin diseases such as fungi, eczema, etc.","og_url":"https:\/\/huongque.com.vn\/en\/edg-02\/","og_site_name":"H\u01b0\u01a1ng Qu\u1ebf","article_publisher":"https:\/\/www.facebook.com\/HuongQueDanang","article_modified_time":"2019-06-25T04:17:23+00:00","og_image":[{"width":427,"height":447,"url":"https:\/\/huongque.com.vn\/wp-content\/uploads\/2019\/03\/l-043453-dep-go2-1.jpg","type":"image\/jpeg"}],"twitter_card":"summary_large_image","twitter_misc":{"Availability":"Out of stock"},"schema":{"@context":"https:\/\/schema.org","@graph":[{"@type":"WebPage","@id":"https:\/\/huongque.com.vn\/en\/edg-02\/","url":"https:\/\/huongque.com.vn\/en\/edg-02\/","name":"EDG-02 - H\u01b0\u01a1ng Qu\u1ebf","isPartOf":{"@id":"https:\/\/huongque.com.vn\/en\/#website"},"primaryImageOfPage":{"@id":"https:\/\/huongque.com.vn\/en\/edg-02\/#primaryimage"},"image":{"@id":"https:\/\/huongque.com.vn\/en\/edg-02\/#primaryimage"},"thumbnailUrl":"https:\/\/huongque.com.vn\/wp-content\/uploads\/2019\/03\/l-043453-dep-go2-1.jpg","datePublished":"2019-03-12T10:18:39+00:00","dateModified":"2019-06-25T04:17:23+00:00","breadcrumb":{"@id":"https:\/\/huongque.com.vn\/en\/edg-02\/#breadcrumb"},"inLanguage":"en-US","potentialAction":[{"@type":"ReadAction","target":["https:\/\/huongque.com.vn\/en\/edg-02\/"]}]},{"@type":"ImageObject","inLanguage":"en-US","@id":"https:\/\/huongque.com.vn\/en\/edg-02\/#primaryimage","url":"https:\/\/huongque.com.vn\/wp-content\/uploads\/2019\/03\/l-043453-dep-go2-1.jpg","contentUrl":"https:\/\/huongque.com.vn\/wp-content\/uploads\/2019\/03\/l-043453-dep-go2-1.jpg","width":427,"height":447},{"@type":"BreadcrumbList","@id":"https:\/\/huongque.com.vn\/en\/edg-02\/#breadcrumb","itemListElement":[{"@type":"ListItem","position":1,"name":"Trang ch\u1ee7","item":"https:\/\/huongque.com.vn\/en\/"},{"@type":"ListItem","position":2,"name":"Shop","item":"https:\/\/huongque.com.vn\/shop\/"},{"@type":"ListItem","position":3,"name":"EDG-02"}]},{"@type":"WebSite","@id":"https:\/\/huongque.com.vn\/en\/#website","url":"https:\/\/huongque.com.vn\/en\/","name":"H\u01b0\u01a1ng Qu\u1ebf","description":"l\u00f3t gi\u00e0y qu\u1ebf, l\u00f3t gi\u00e0y h\u01b0\u01a1ng qu\u1ebf, d\u00e9p chi\u1ebfu, d\u00e9p tre, d\u00e9p c\u00f3i, b\u1ed9t qu\u1ebf, n\u1ecbt cao c\u1ea5p h\u01b0\u01a1ng qu\u1ebf, t\u00fai th\u01a1m h\u01b0\u01a1ng qu\u1ebf, th\u1ea3m cao c\u1ea5p h\u01b0\u01a1ng qu\u1ebf","publisher":{"@id":"https:\/\/huongque.com.vn\/en\/#organization"},"potentialAction":[{"@type":"SearchAction","target":{"@type":"EntryPoint","urlTemplate":"https:\/\/huongque.com.vn\/en\/?s={search_term_string}"},"query-input":{"@type":"PropertyValueSpecification","valueRequired":true,"valueName":"search_term_string"}}],"inLanguage":"en-US"},{"@type":"Organization","@id":"https:\/\/huongque.com.vn\/en\/#organization","name":"C\u00f4ng ty TNHH SX CB KD XNK H\u01b0\u01a1ng Qu\u1ebf","url":"https:\/\/huongque.com.vn\/en\/","logo":{"@type":"ImageObject","inLanguage":"en-US","@id":"https:\/\/huongque.com.vn\/en\/#\/schema\/logo\/image\/","url":"https:\/\/huongque.com.vn\/wp-content\/uploads\/2019\/03\/logosf.png","contentUrl":"https:\/\/huongque.com.vn\/wp-content\/uploads\/2019\/03\/logosf.png","width":501,"height":160,"caption":"C\u00f4ng ty TNHH SX CB KD XNK H\u01b0\u01a1ng Qu\u1ebf"},"image":{"@id":"https:\/\/huongque.com.vn\/en\/#\/schema\/logo\/image\/"},"sameAs":["https:\/\/www.facebook.com\/HuongQueDanang"]}]},"og_availability":"out of stock","product_availability":"out of stock","product_retailer_item_id":"EDG-02","product_condition":"new"},"_links":{"self":[{"href":"https:\/\/huongque.com.vn\/en\/wp-json\/wp\/v2\/product\/1878","targetHints":{"allow":["GET"]}}],"collection":[{"href":"https:\/\/huongque.com.vn\/en\/wp-json\/wp\/v2\/product"}],"about":[{"href":"https:\/\/huongque.com.vn\/en\/wp-json\/wp\/v2\/types\/product"}],"replies":[{"embeddable":true,"href":"https:\/\/huongque.com.vn\/en\/wp-json\/wp\/v2\/comments?post=1878"}],"version-history":[{"count":0,"href":"https:\/\/huongque.com.vn\/en\/wp-json\/wp\/v2\/product\/1878\/revisions"}],"wp:featuredmedia":[{"embeddable":true,"href":"https:\/\/huongque.com.vn\/en\/wp-json\/wp\/v2\/media\/3233"}],"wp:attachment":[{"href":"https:\/\/huongque.com.vn\/en\/wp-json\/wp\/v2\/media?parent=1878"}],"wp:term":[{"taxonomy":"product_brand","embeddable":true,"href":"https:\/\/huongque.com.vn\/en\/wp-json\/wp\/v2\/product_brand?post=1878"},{"taxonomy":"product_cat","embeddable":true,"href":"https:\/\/huongque.com.vn\/en\/wp-json\/wp\/v2\/product_cat?post=1878"},{"taxonomy":"product_tag","embeddable":true,"href":"https:\/\/huongque.com.vn\/en\/wp-json\/wp\/v2\/product_tag?post=1878"}],"curies":[{"name":"wp","href":"https:\/\/api.w.org\/{rel}","templated":true}]}}