{"id":25569,"date":"2020-03-29T21:51:09","date_gmt":"2020-03-29T14:51:09","guid":{"rendered":"https:\/\/huongque.com.vn\/product\/khau-trang-khang-khuan-huong-que-goi-10-chiec\/"},"modified":"2020-04-29T22:34:10","modified_gmt":"2020-04-29T15:34:10","slug":"antibacterial-face-mask-10-pcs","status":"publish","type":"product","link":"https:\/\/huongque.com.vn\/en\/antibacterial-face-mask-10-pcs\/","title":{"rendered":"Antibacterial Face Mask"},"content":{"rendered":"<h2><strong>Antibacterial Face Mask<\/strong><\/h2>\n<p><img fetchpriority=\"high\" decoding=\"async\" class=\"size-full wp-image-25485 aligncenter\" src=\"https:\/\/huongque.com.vn\/wp-content\/uploads\/2020\/03\/khau-trang-1-1.jpg\" alt=\"kh\u1ea9u trang kh\u00e1ng khu\u1ea9n H\u01b0\u01a1ng Qu\u1ebf - 5\" width=\"750\" height=\"500\" srcset=\"https:\/\/huongque.com.vn\/wp-content\/uploads\/2020\/03\/khau-trang-1-1.jpg 750w, https:\/\/huongque.com.vn\/wp-content\/uploads\/2020\/03\/khau-trang-1-1-450x300.jpg 450w\" sizes=\"(max-width: 750px) 100vw, 750px\" \/><\/p>\n<p>&nbsp;<\/p>\n<h2>Uses:<\/h2>\n<ul>\n<li>Antibacterial effect.<\/li>\n<li>Preventing from smoke and dust, polluted air.<\/li>\n<\/ul>\n<p>&nbsp;<\/p>\n<p><img decoding=\"async\" class=\"aligncenter wp-image-25468 size-full\" src=\"https:\/\/huongque.com.vn\/wp-content\/uploads\/2020\/03\/khau-trang-4-1-scaled.jpg\" alt=\"kh\u1ea9u trang kh\u00e1ng khu\u1ea9n - 4\" width=\"2560\" height=\"1707\" srcset=\"https:\/\/huongque.com.vn\/wp-content\/uploads\/2020\/03\/khau-trang-4-1-scaled.jpg 2560w, https:\/\/huongque.com.vn\/wp-content\/uploads\/2020\/03\/khau-trang-4-1-450x300.jpg 450w, https:\/\/huongque.com.vn\/wp-content\/uploads\/2020\/03\/khau-trang-4-1-768x512.jpg 768w, https:\/\/huongque.com.vn\/wp-content\/uploads\/2020\/03\/khau-trang-4-1-1024x683.jpg 1024w\" sizes=\"(max-width: 2560px) 100vw, 2560px\" \/><\/p>\n<h2>Structure:<\/h2>\n<p>3 plies with the antibacterial Japanese non-woven fabric (VKDKK)<\/p>\n<p><img decoding=\"async\" class=\"size-full wp-image-25560 aligncenter\" src=\"https:\/\/huongque.com.vn\/wp-content\/uploads\/2020\/03\/Structure.jpg\" alt=\"\" width=\"615\" height=\"238\" srcset=\"https:\/\/huongque.com.vn\/wp-content\/uploads\/2020\/03\/Structure.jpg 615w, https:\/\/huongque.com.vn\/wp-content\/uploads\/2020\/03\/Structure-450x174.jpg 450w\" sizes=\"(max-width: 615px) 100vw, 615px\" \/><\/p>\n<h2>Uses:<\/h2>\n<p>Can wash face mask 3 to 5 times.<\/p>\n<p>Expired date: 3 years from the manufacturing date.<\/p>\n<p>&nbsp;<\/p>\n<h2>Pack:<\/h2>\n<p>50 pcs<\/p>\n<p><img loading=\"lazy\" decoding=\"async\" class=\"size-full wp-image-25570 aligncenter\" src=\"https:\/\/huongque.com.vn\/wp-content\/uploads\/2020\/03\/bao-bi-thong-tin-10-en-1.jpg\" alt=\"\" width=\"330\" height=\"500\" srcset=\"https:\/\/huongque.com.vn\/wp-content\/uploads\/2020\/03\/bao-bi-thong-tin-10-en-1.jpg 330w, https:\/\/huongque.com.vn\/wp-content\/uploads\/2020\/03\/bao-bi-thong-tin-10-en-1-297x450.jpg 297w\" sizes=\"(max-width: 330px) 100vw, 330px\" \/><\/p>\n<p>&nbsp;<\/p>\n<p>View more\u00a0<a href=\"https:\/\/huongque.com.vn\/en\/product-category\/antibacterial-face-mask\/\">Antibacterial Face Mask\u00a0<\/a><\/p>\n","protected":false},"excerpt":{"rendered":"<p>Antibacterial effect. Preventing from smoke and dust, polluted air. Can wash face mask 3 to 5 times.<\/p>\n","protected":false},"featured_media":25492,"comment_status":"open","ping_status":"closed","template":"","meta":{"_acf_changed":false},"product_brand":[],"product_cat":[266],"product_tag":[],"class_list":{"0":"post-25569","1":"product","2":"type-product","3":"status-publish","4":"has-post-thumbnail","6":"cong_dung-for-men","7":"cong_dung-for-women","8":"product_cat-antibacterial-face-mask","10":"first","11":"outofstock","12":"shipping-taxable","13":"purchasable","14":"product-type-simple"},"acf":[],"yoast_head":"<!-- This site is optimized with the Yoast SEO Premium plugin v27.2 (Yoast SEO v27.2) - https:\/\/yoast.com\/product\/yoast-seo-premium-wordpress\/ -->\n<title>Antibacterial Face Mask - H\u01b0\u01a1ng Qu\u1ebf<\/title>\n<meta name=\"description\" content=\"Cty H\u01b0\u01a1ng Qu\u1ebf chuy\u00ean s\u1ea3n xu\u1ea5t, cung c\u1ea5p s\u1ec9 l\u1ebd kh\u1ea9u trang kh\u00e1ng khu\u1ea9n y t\u1ebf, ph\u00f2ng d\u1ecbch Covid-19 - li\u00ean h\u1ec7 0903 521 898 - 0905 761 878\" \/>\n<meta name=\"robots\" content=\"index, follow, max-snippet:-1, max-image-preview:large, max-video-preview:-1\" \/>\n<link rel=\"canonical\" href=\"https:\/\/huongque.com.vn\/en\/antibacterial-face-mask-10-pcs\/\" \/>\n<meta property=\"og:locale\" content=\"en_US\" \/>\n<meta property=\"og:type\" content=\"article\" \/>\n<meta property=\"og:title\" content=\"Antibacterial Face Mask\" \/>\n<meta property=\"og:description\" content=\"Cty H\u01b0\u01a1ng Qu\u1ebf chuy\u00ean s\u1ea3n xu\u1ea5t, cung c\u1ea5p s\u1ec9 l\u1ebd kh\u1ea9u trang kh\u00e1ng khu\u1ea9n y t\u1ebf, ph\u00f2ng d\u1ecbch Covid-19 - li\u00ean h\u1ec7 0903 521 898 - 0905 761 878\" \/>\n<meta property=\"og:url\" content=\"https:\/\/huongque.com.vn\/en\/antibacterial-face-mask-10-pcs\/\" \/>\n<meta property=\"og:site_name\" content=\"H\u01b0\u01a1ng Qu\u1ebf\" \/>\n<meta property=\"article:publisher\" content=\"https:\/\/www.facebook.com\/HuongQueDanang\" \/>\n<meta property=\"article:modified_time\" content=\"2020-04-29T15:34:10+00:00\" \/>\n<meta property=\"og:image\" content=\"https:\/\/huongque.com.vn\/wp-content\/uploads\/2020\/03\/bao-bi-5-1-1.jpg\" \/>\n\t<meta property=\"og:image:width\" content=\"691\" \/>\n\t<meta property=\"og:image:height\" content=\"500\" \/>\n\t<meta property=\"og:image:type\" content=\"image\/jpeg\" \/>\n<meta name=\"twitter:card\" content=\"summary_large_image\" \/>\n<meta name=\"twitter:label1\" content=\"Price\" \/>\n\t<meta name=\"twitter:data1\" content=\"60,000 vnd\" \/>\n\t<meta name=\"twitter:label2\" content=\"Availability\" \/>\n\t<meta name=\"twitter:data2\" content=\"Out of stock\" \/>\n<script type=\"application\/ld+json\" class=\"yoast-schema-graph\">{\"@context\":\"https:\/\/schema.org\",\"@graph\":[{\"@type\":\"WebPage\",\"@id\":\"https:\/\/huongque.com.vn\/en\/antibacterial-face-mask-10-pcs\/\",\"url\":\"https:\/\/huongque.com.vn\/en\/antibacterial-face-mask-10-pcs\/\",\"name\":\"Antibacterial Face Mask - H\u01b0\u01a1ng Qu\u1ebf\",\"isPartOf\":{\"@id\":\"https:\/\/huongque.com.vn\/en\/#website\"},\"primaryImageOfPage\":{\"@id\":\"https:\/\/huongque.com.vn\/en\/antibacterial-face-mask-10-pcs\/#primaryimage\"},\"image\":{\"@id\":\"https:\/\/huongque.com.vn\/en\/antibacterial-face-mask-10-pcs\/#primaryimage\"},\"thumbnailUrl\":\"https:\/\/huongque.com.vn\/wp-content\/uploads\/2020\/03\/bao-bi-5-1-1.jpg\",\"datePublished\":\"2020-03-29T14:51:09+00:00\",\"dateModified\":\"2020-04-29T15:34:10+00:00\",\"description\":\"Cty H\u01b0\u01a1ng Qu\u1ebf chuy\u00ean s\u1ea3n xu\u1ea5t, cung c\u1ea5p s\u1ec9 l\u1ebd kh\u1ea9u trang kh\u00e1ng khu\u1ea9n y t\u1ebf, ph\u00f2ng d\u1ecbch Covid-19 - li\u00ean h\u1ec7 0903 521 898 - 0905 761 878\",\"breadcrumb\":{\"@id\":\"https:\/\/huongque.com.vn\/en\/antibacterial-face-mask-10-pcs\/#breadcrumb\"},\"inLanguage\":\"en-US\",\"potentialAction\":[{\"@type\":\"ReadAction\",\"target\":[\"https:\/\/huongque.com.vn\/en\/antibacterial-face-mask-10-pcs\/\"]}]},{\"@type\":\"ImageObject\",\"inLanguage\":\"en-US\",\"@id\":\"https:\/\/huongque.com.vn\/en\/antibacterial-face-mask-10-pcs\/#primaryimage\",\"url\":\"https:\/\/huongque.com.vn\/wp-content\/uploads\/2020\/03\/bao-bi-5-1-1.jpg\",\"contentUrl\":\"https:\/\/huongque.com.vn\/wp-content\/uploads\/2020\/03\/bao-bi-5-1-1.jpg\",\"width\":691,\"height\":500,\"caption\":\"khau trang khang khuan\"},{\"@type\":\"BreadcrumbList\",\"@id\":\"https:\/\/huongque.com.vn\/en\/antibacterial-face-mask-10-pcs\/#breadcrumb\",\"itemListElement\":[{\"@type\":\"ListItem\",\"position\":1,\"name\":\"Trang ch\u1ee7\",\"item\":\"https:\/\/huongque.com.vn\/en\/\"},{\"@type\":\"ListItem\",\"position\":2,\"name\":\"Shop\",\"item\":\"https:\/\/huongque.com.vn\/shop\/\"},{\"@type\":\"ListItem\",\"position\":3,\"name\":\"Antibacterial Face Mask\"}]},{\"@type\":\"WebSite\",\"@id\":\"https:\/\/huongque.com.vn\/en\/#website\",\"url\":\"https:\/\/huongque.com.vn\/en\/\",\"name\":\"H\u01b0\u01a1ng Qu\u1ebf\",\"description\":\"l\u00f3t gi\u00e0y qu\u1ebf, l\u00f3t gi\u00e0y h\u01b0\u01a1ng qu\u1ebf, d\u00e9p chi\u1ebfu, d\u00e9p tre, d\u00e9p c\u00f3i, b\u1ed9t qu\u1ebf, n\u1ecbt cao c\u1ea5p h\u01b0\u01a1ng qu\u1ebf, t\u00fai th\u01a1m h\u01b0\u01a1ng qu\u1ebf, th\u1ea3m cao c\u1ea5p h\u01b0\u01a1ng qu\u1ebf\",\"publisher\":{\"@id\":\"https:\/\/huongque.com.vn\/en\/#organization\"},\"potentialAction\":[{\"@type\":\"SearchAction\",\"target\":{\"@type\":\"EntryPoint\",\"urlTemplate\":\"https:\/\/huongque.com.vn\/en\/?s={search_term_string}\"},\"query-input\":{\"@type\":\"PropertyValueSpecification\",\"valueRequired\":true,\"valueName\":\"search_term_string\"}}],\"inLanguage\":\"en-US\"},{\"@type\":\"Organization\",\"@id\":\"https:\/\/huongque.com.vn\/en\/#organization\",\"name\":\"C\u00f4ng ty TNHH SX CB KD XNK H\u01b0\u01a1ng Qu\u1ebf\",\"url\":\"https:\/\/huongque.com.vn\/en\/\",\"logo\":{\"@type\":\"ImageObject\",\"inLanguage\":\"en-US\",\"@id\":\"https:\/\/huongque.com.vn\/en\/#\/schema\/logo\/image\/\",\"url\":\"https:\/\/huongque.com.vn\/wp-content\/uploads\/2019\/03\/logosf.png\",\"contentUrl\":\"https:\/\/huongque.com.vn\/wp-content\/uploads\/2019\/03\/logosf.png\",\"width\":501,\"height\":160,\"caption\":\"C\u00f4ng ty TNHH SX CB KD XNK H\u01b0\u01a1ng Qu\u1ebf\"},\"image\":{\"@id\":\"https:\/\/huongque.com.vn\/en\/#\/schema\/logo\/image\/\"},\"sameAs\":[\"https:\/\/www.facebook.com\/HuongQueDanang\"]}]}<\/script>\n<meta property=\"product:price:amount\" content=\"60000\" \/>\n<meta property=\"product:price:currency\" content=\"VND\" \/>\n<meta property=\"og:availability\" content=\"out of stock\" \/>\n<meta property=\"product:availability\" content=\"out of stock\" \/>\n<meta property=\"product:retailer_item_id\" content=\"KTKKEN-01\" \/>\n<meta property=\"product:condition\" content=\"new\" \/>\n<!-- \/ Yoast SEO Premium plugin. -->","yoast_head_json":{"title":"Antibacterial Face Mask - H\u01b0\u01a1ng Qu\u1ebf","description":"Cty H\u01b0\u01a1ng Qu\u1ebf chuy\u00ean s\u1ea3n xu\u1ea5t, cung c\u1ea5p s\u1ec9 l\u1ebd kh\u1ea9u trang kh\u00e1ng khu\u1ea9n y t\u1ebf, ph\u00f2ng d\u1ecbch Covid-19 - li\u00ean h\u1ec7 0903 521 898 - 0905 761 878","robots":{"index":"index","follow":"follow","max-snippet":"max-snippet:-1","max-image-preview":"max-image-preview:large","max-video-preview":"max-video-preview:-1"},"canonical":"https:\/\/huongque.com.vn\/en\/antibacterial-face-mask-10-pcs\/","og_locale":"en_US","og_type":"article","og_title":"Antibacterial Face Mask","og_description":"Cty H\u01b0\u01a1ng Qu\u1ebf chuy\u00ean s\u1ea3n xu\u1ea5t, cung c\u1ea5p s\u1ec9 l\u1ebd kh\u1ea9u trang kh\u00e1ng khu\u1ea9n y t\u1ebf, ph\u00f2ng d\u1ecbch Covid-19 - li\u00ean h\u1ec7 0903 521 898 - 0905 761 878","og_url":"https:\/\/huongque.com.vn\/en\/antibacterial-face-mask-10-pcs\/","og_site_name":"H\u01b0\u01a1ng Qu\u1ebf","article_publisher":"https:\/\/www.facebook.com\/HuongQueDanang","article_modified_time":"2020-04-29T15:34:10+00:00","og_image":[{"width":691,"height":500,"url":"https:\/\/huongque.com.vn\/wp-content\/uploads\/2020\/03\/bao-bi-5-1-1.jpg","type":"image\/jpeg"}],"twitter_card":"summary_large_image","twitter_misc":{"Price":"60,000 vnd","Availability":"Out of stock"},"schema":{"@context":"https:\/\/schema.org","@graph":[{"@type":"WebPage","@id":"https:\/\/huongque.com.vn\/en\/antibacterial-face-mask-10-pcs\/","url":"https:\/\/huongque.com.vn\/en\/antibacterial-face-mask-10-pcs\/","name":"Antibacterial Face Mask - H\u01b0\u01a1ng Qu\u1ebf","isPartOf":{"@id":"https:\/\/huongque.com.vn\/en\/#website"},"primaryImageOfPage":{"@id":"https:\/\/huongque.com.vn\/en\/antibacterial-face-mask-10-pcs\/#primaryimage"},"image":{"@id":"https:\/\/huongque.com.vn\/en\/antibacterial-face-mask-10-pcs\/#primaryimage"},"thumbnailUrl":"https:\/\/huongque.com.vn\/wp-content\/uploads\/2020\/03\/bao-bi-5-1-1.jpg","datePublished":"2020-03-29T14:51:09+00:00","dateModified":"2020-04-29T15:34:10+00:00","description":"Cty H\u01b0\u01a1ng Qu\u1ebf chuy\u00ean s\u1ea3n xu\u1ea5t, cung c\u1ea5p s\u1ec9 l\u1ebd kh\u1ea9u trang kh\u00e1ng khu\u1ea9n y t\u1ebf, ph\u00f2ng d\u1ecbch Covid-19 - li\u00ean h\u1ec7 0903 521 898 - 0905 761 878","breadcrumb":{"@id":"https:\/\/huongque.com.vn\/en\/antibacterial-face-mask-10-pcs\/#breadcrumb"},"inLanguage":"en-US","potentialAction":[{"@type":"ReadAction","target":["https:\/\/huongque.com.vn\/en\/antibacterial-face-mask-10-pcs\/"]}]},{"@type":"ImageObject","inLanguage":"en-US","@id":"https:\/\/huongque.com.vn\/en\/antibacterial-face-mask-10-pcs\/#primaryimage","url":"https:\/\/huongque.com.vn\/wp-content\/uploads\/2020\/03\/bao-bi-5-1-1.jpg","contentUrl":"https:\/\/huongque.com.vn\/wp-content\/uploads\/2020\/03\/bao-bi-5-1-1.jpg","width":691,"height":500,"caption":"khau trang khang khuan"},{"@type":"BreadcrumbList","@id":"https:\/\/huongque.com.vn\/en\/antibacterial-face-mask-10-pcs\/#breadcrumb","itemListElement":[{"@type":"ListItem","position":1,"name":"Trang ch\u1ee7","item":"https:\/\/huongque.com.vn\/en\/"},{"@type":"ListItem","position":2,"name":"Shop","item":"https:\/\/huongque.com.vn\/shop\/"},{"@type":"ListItem","position":3,"name":"Antibacterial Face Mask"}]},{"@type":"WebSite","@id":"https:\/\/huongque.com.vn\/en\/#website","url":"https:\/\/huongque.com.vn\/en\/","name":"H\u01b0\u01a1ng Qu\u1ebf","description":"l\u00f3t gi\u00e0y qu\u1ebf, l\u00f3t gi\u00e0y h\u01b0\u01a1ng qu\u1ebf, d\u00e9p chi\u1ebfu, d\u00e9p tre, d\u00e9p c\u00f3i, b\u1ed9t qu\u1ebf, n\u1ecbt cao c\u1ea5p h\u01b0\u01a1ng qu\u1ebf, t\u00fai th\u01a1m h\u01b0\u01a1ng qu\u1ebf, th\u1ea3m cao c\u1ea5p h\u01b0\u01a1ng qu\u1ebf","publisher":{"@id":"https:\/\/huongque.com.vn\/en\/#organization"},"potentialAction":[{"@type":"SearchAction","target":{"@type":"EntryPoint","urlTemplate":"https:\/\/huongque.com.vn\/en\/?s={search_term_string}"},"query-input":{"@type":"PropertyValueSpecification","valueRequired":true,"valueName":"search_term_string"}}],"inLanguage":"en-US"},{"@type":"Organization","@id":"https:\/\/huongque.com.vn\/en\/#organization","name":"C\u00f4ng ty TNHH SX CB KD XNK H\u01b0\u01a1ng Qu\u1ebf","url":"https:\/\/huongque.com.vn\/en\/","logo":{"@type":"ImageObject","inLanguage":"en-US","@id":"https:\/\/huongque.com.vn\/en\/#\/schema\/logo\/image\/","url":"https:\/\/huongque.com.vn\/wp-content\/uploads\/2019\/03\/logosf.png","contentUrl":"https:\/\/huongque.com.vn\/wp-content\/uploads\/2019\/03\/logosf.png","width":501,"height":160,"caption":"C\u00f4ng ty TNHH SX CB KD XNK H\u01b0\u01a1ng Qu\u1ebf"},"image":{"@id":"https:\/\/huongque.com.vn\/en\/#\/schema\/logo\/image\/"},"sameAs":["https:\/\/www.facebook.com\/HuongQueDanang"]}]},"product_price_amount":"60000","product_price_currency":"VND","og_availability":"out of stock","product_availability":"out of stock","product_retailer_item_id":"KTKKEN-01","product_condition":"new"},"_links":{"self":[{"href":"https:\/\/huongque.com.vn\/en\/wp-json\/wp\/v2\/product\/25569","targetHints":{"allow":["GET"]}}],"collection":[{"href":"https:\/\/huongque.com.vn\/en\/wp-json\/wp\/v2\/product"}],"about":[{"href":"https:\/\/huongque.com.vn\/en\/wp-json\/wp\/v2\/types\/product"}],"replies":[{"embeddable":true,"href":"https:\/\/huongque.com.vn\/en\/wp-json\/wp\/v2\/comments?post=25569"}],"version-history":[{"count":1,"href":"https:\/\/huongque.com.vn\/en\/wp-json\/wp\/v2\/product\/25569\/revisions"}],"predecessor-version":[{"id":25573,"href":"https:\/\/huongque.com.vn\/en\/wp-json\/wp\/v2\/product\/25569\/revisions\/25573"}],"wp:featuredmedia":[{"embeddable":true,"href":"https:\/\/huongque.com.vn\/en\/wp-json\/wp\/v2\/media\/25492"}],"wp:attachment":[{"href":"https:\/\/huongque.com.vn\/en\/wp-json\/wp\/v2\/media?parent=25569"}],"wp:term":[{"taxonomy":"product_brand","embeddable":true,"href":"https:\/\/huongque.com.vn\/en\/wp-json\/wp\/v2\/product_brand?post=25569"},{"taxonomy":"product_cat","embeddable":true,"href":"https:\/\/huongque.com.vn\/en\/wp-json\/wp\/v2\/product_cat?post=25569"},{"taxonomy":"product_tag","embeddable":true,"href":"https:\/\/huongque.com.vn\/en\/wp-json\/wp\/v2\/product_tag?post=25569"}],"curies":[{"name":"wp","href":"https:\/\/api.w.org\/{rel}","templated":true}]}}