{"id":6922,"date":"2019-08-10T08:30:30","date_gmt":"2019-08-10T01:30:30","guid":{"rendered":"https:\/\/huongque.com.vn\/product\/ci-13\/"},"modified":"2020-12-11T11:07:35","modified_gmt":"2020-12-11T04:07:35","slug":"eci-13","status":"publish","type":"product","link":"https:\/\/huongque.com.vn\/en\/eci-13\/","title":{"rendered":"ECI-13"},"content":{"rendered":"<h2><strong>Uses :<\/strong><\/h2>\n<p><img fetchpriority=\"high\" decoding=\"async\" class=\"aligncenter wp-image-6792 size-full\" src=\"https:\/\/huongque.com.vn\/wp-content\/uploads\/2019\/08\/lot-giay-vai-cotton-vien-den-4.jpg\" alt=\"Lot giay vai cotton vien den 4\" width=\"675\" height=\"450\" srcset=\"https:\/\/huongque.com.vn\/wp-content\/uploads\/2019\/08\/lot-giay-vai-cotton-vien-den-4.jpg 675w, https:\/\/huongque.com.vn\/wp-content\/uploads\/2019\/08\/lot-giay-vai-cotton-vien-den-4-300x200.jpg 300w\" sizes=\"(max-width: 675px) 100vw, 675px\" \/><\/p>\n<p>&#8211; Absorbing moisture in shoes and socks, removing foot odor.<\/p>\n<p>&#8211; Killing fungi, bacteria in shoes<\/p>\n<p>&#8211; Massaging the soles of the feet, keeping them dry, warm and fragrant. Preventing flu, colds, and rheumatism. Alternating, warming acupuncture points of the feet.<\/p>\n<p>&#8211; People with diarrhea should use it regularly.<\/p>\n<p>(This is a popular type of insoles, which is the majority of the company&#8217;s annual production output).<\/p>\n<p><img decoding=\"async\" class=\"aligncenter wp-image-2059 size-full\" src=\"https:\/\/huongque.com.vn\/wp-content\/uploads\/2019\/03\/1.png\" alt=\"Lot giay vai cotton vien den 1\" width=\"499\" height=\"389\" srcset=\"https:\/\/huongque.com.vn\/wp-content\/uploads\/2019\/03\/1.png 499w, https:\/\/huongque.com.vn\/wp-content\/uploads\/2019\/03\/1-300x234.png 300w\" sizes=\"(max-width: 499px) 100vw, 499px\" \/><\/p>\n<h2><strong>Material:<\/strong><\/h2>\n<p>&#8211; 100% cotton fabric<\/p>\n<p>&#8211; 100% pure natural cinnamon powder<\/p>\n<p>&#8211; Moisture absorbing paper<\/p>\n<p>&#8211; Black non-woven fabric<\/p>\n<p>&#8211; Hemmed with yellow\/black\/brown\/brocade cotton cloth, etc. depending on the order<\/p>\n<p><img decoding=\"async\" class=\" wp-image-30489 aligncenter\" src=\"https:\/\/huongque.com.vn\/wp-content\/uploads\/2019\/08\/lot-giay-que-ci-13-1.jpg\" alt=\"lot-giay-que-ci-13\" width=\"647\" height=\"647\" srcset=\"https:\/\/huongque.com.vn\/wp-content\/uploads\/2019\/08\/lot-giay-que-ci-13-1.jpg 730w, https:\/\/huongque.com.vn\/wp-content\/uploads\/2019\/08\/lot-giay-que-ci-13-1-450x450.jpg 450w, https:\/\/huongque.com.vn\/wp-content\/uploads\/2019\/08\/lot-giay-que-ci-13-1-150x150.jpg 150w, https:\/\/huongque.com.vn\/wp-content\/uploads\/2019\/08\/lot-giay-que-ci-13-1-75x75.jpg 75w, https:\/\/huongque.com.vn\/wp-content\/uploads\/2019\/08\/lot-giay-que-ci-13-1-300x300.jpg 300w, https:\/\/huongque.com.vn\/wp-content\/uploads\/2019\/08\/lot-giay-que-ci-13-1-600x600.jpg 600w, https:\/\/huongque.com.vn\/wp-content\/uploads\/2019\/08\/lot-giay-que-ci-13-1-100x100.jpg 100w\" sizes=\"(max-width: 647px) 100vw, 647px\" \/><\/p>\n<h2><strong>How to use:<\/strong><\/h2>\n<p>&#8211; Put all pairs of insoles into shoes.<\/p>\n<p>&#8211; Insoles size is the same with shoe size<\/p>\n<p>&#8211; After every 5-7 days of using, dry under the sun or with a dryer.<\/p>\n<p>&#8211; Use within 2 months.<\/p>\n<p>Size: full sizes from size 34 &#8211; 46.<\/p>\n<p>Color: chocolate brown, black, white.<\/p>\n<p><img loading=\"lazy\" decoding=\"async\" class=\"aligncenter wp-image-2036 size-full\" src=\"https:\/\/huongque.com.vn\/wp-content\/uploads\/2019\/06\/3.jpg\" alt=\"Lot giay vai cotton vien den 2\" width=\"600\" height=\"633\" srcset=\"https:\/\/huongque.com.vn\/wp-content\/uploads\/2019\/06\/3.jpg 600w, https:\/\/huongque.com.vn\/wp-content\/uploads\/2019\/06\/3-284x300.jpg 284w\" sizes=\"(max-width: 600px) 100vw, 600px\" \/><\/p>\n<h3><strong>Packaging:<\/strong><\/h3>\n<p>&#8211; Packed in white PP bag, paper label with full information of Huong Que insoles.<\/p>\n<p>&#8211; Product bar code number 8936018450037<\/p>\n<p>&#8211; The manufacturer\u2019s packaging is customized to the order<\/p>\n<p>+ Cardboard box size: 34 x35 60 cm (or according to orders)<\/p>\n<p>+ Number of pairs of insoles\/box: 200-240 pairs\/box (depending on size or type of insoles)<\/p>\n<p>+ Weight: 10-12 pairs\/1kg (including labels and cardboard box)<\/p>\n<p>+ Full container: 375 cardboard boxes<\/p>\n<p>+ Retail packing: 1 block = 12 cardboard boxes about 2,400 &#8211; 2,880 pairs of insoles<\/p>\n<p>+ HS code number: 64069000<\/p>\n<p>+ Required documents before export: plant quarantine (phytosanitary certificate)<\/p>\n<p>&nbsp;<\/p>\n<p><img loading=\"lazy\" decoding=\"async\" class=\"alignnone wp-image-6823 size-full\" src=\"https:\/\/huongque.com.vn\/wp-content\/uploads\/2019\/08\/lot-giay-vai-cotton-vien-den-5-1.jpg\" alt=\"Lot giay vai cotton vien den 5\" width=\"332\" height=\"500\" \/> <img loading=\"lazy\" decoding=\"async\" class=\"alignnone wp-image-6825 size-full\" src=\"https:\/\/huongque.com.vn\/wp-content\/uploads\/2019\/08\/lot-giay-vai-cotton-vien-den-6-1.jpg\" alt=\"Lot giay vai cotton vien den 6\" width=\"335\" height=\"500\" \/><\/p>\n","protected":false},"excerpt":{"rendered":"<p>Massage the feet, keeping them dry, warm and fragrant. Preventing flu, colds, and rheumatism. Alternating, warming acupuncture points of the feet.<\/p>\n","protected":false},"featured_media":32340,"comment_status":"open","ping_status":"closed","template":"","meta":{"_acf_changed":false},"product_brand":[],"product_cat":[91,92,225,226],"product_tag":[],"class_list":{"0":"post-6922","1":"product","2":"type-product","3":"status-publish","4":"has-post-thumbnail","6":"cong_dung-for-men","7":"product_cat-insoles-classic","8":"product_cat-huong-que-insoles","9":"product_cat-promotion-en","10":"product_cat-promotion-2-en","12":"first","13":"instock","14":"shipping-taxable","15":"purchasable","16":"product-type-variable"},"acf":[],"yoast_head":"<!-- This site is optimized with the Yoast SEO Premium plugin v27.2 (Yoast SEO v27.2) - https:\/\/yoast.com\/product\/yoast-seo-premium-wordpress\/ -->\n<title>ECI-13 - H\u01b0\u01a1ng Qu\u1ebf<\/title>\n<meta name=\"robots\" content=\"index, follow, max-snippet:-1, max-image-preview:large, max-video-preview:-1\" \/>\n<link rel=\"canonical\" href=\"https:\/\/huongque.com.vn\/en\/eci-13\/\" \/>\n<meta property=\"og:locale\" content=\"en_US\" \/>\n<meta property=\"og:type\" content=\"article\" \/>\n<meta property=\"og:title\" content=\"ECI-13\" \/>\n<meta property=\"og:description\" content=\"Massage the feet, keeping them dry, warm and fragrant. Preventing flu, colds, and rheumatism. Alternating, warming acupuncture points of the feet.\" \/>\n<meta property=\"og:url\" content=\"https:\/\/huongque.com.vn\/en\/eci-13\/\" \/>\n<meta property=\"og:site_name\" content=\"H\u01b0\u01a1ng Qu\u1ebf\" \/>\n<meta property=\"article:publisher\" content=\"https:\/\/www.facebook.com\/HuongQueDanang\" \/>\n<meta property=\"article:modified_time\" content=\"2020-12-11T04:07:35+00:00\" \/>\n<meta property=\"og:image\" content=\"https:\/\/huongque.com.vn\/wp-content\/uploads\/2019\/08\/lot-giay-que-9.jpeg\" \/>\n\t<meta property=\"og:image:width\" content=\"600\" \/>\n\t<meta property=\"og:image:height\" content=\"600\" \/>\n\t<meta property=\"og:image:type\" content=\"image\/jpeg\" \/>\n<meta name=\"twitter:card\" content=\"summary_large_image\" \/>\n<meta name=\"twitter:label1\" content=\"Availability\" \/>\n\t<meta name=\"twitter:data1\" content=\"In stock\" \/>\n<script type=\"application\/ld+json\" class=\"yoast-schema-graph\">{\"@context\":\"https:\/\/schema.org\",\"@graph\":[{\"@type\":\"WebPage\",\"@id\":\"https:\/\/huongque.com.vn\/en\/eci-13\/\",\"url\":\"https:\/\/huongque.com.vn\/en\/eci-13\/\",\"name\":\"ECI-13 - H\u01b0\u01a1ng Qu\u1ebf\",\"isPartOf\":{\"@id\":\"https:\/\/huongque.com.vn\/en\/#website\"},\"primaryImageOfPage\":{\"@id\":\"https:\/\/huongque.com.vn\/en\/eci-13\/#primaryimage\"},\"image\":{\"@id\":\"https:\/\/huongque.com.vn\/en\/eci-13\/#primaryimage\"},\"thumbnailUrl\":\"https:\/\/huongque.com.vn\/wp-content\/uploads\/2019\/08\/lot-giay-vai-cotton-vien-den-13-26-kc.jpeg\",\"datePublished\":\"2019-08-10T01:30:30+00:00\",\"dateModified\":\"2020-12-11T04:07:35+00:00\",\"breadcrumb\":{\"@id\":\"https:\/\/huongque.com.vn\/en\/eci-13\/#breadcrumb\"},\"inLanguage\":\"en-US\",\"potentialAction\":[{\"@type\":\"ReadAction\",\"target\":[\"https:\/\/huongque.com.vn\/en\/eci-13\/\"]}]},{\"@type\":\"ImageObject\",\"inLanguage\":\"en-US\",\"@id\":\"https:\/\/huongque.com.vn\/en\/eci-13\/#primaryimage\",\"url\":\"https:\/\/huongque.com.vn\/wp-content\/uploads\/2019\/08\/lot-giay-vai-cotton-vien-den-13-26-kc.jpeg\",\"contentUrl\":\"https:\/\/huongque.com.vn\/wp-content\/uploads\/2019\/08\/lot-giay-vai-cotton-vien-den-13-26-kc.jpeg\",\"width\":1000,\"height\":1000,\"caption\":\"lot-giay-vai-cotton-vien-den-13-26-kc\"},{\"@type\":\"BreadcrumbList\",\"@id\":\"https:\/\/huongque.com.vn\/en\/eci-13\/#breadcrumb\",\"itemListElement\":[{\"@type\":\"ListItem\",\"position\":1,\"name\":\"Trang ch\u1ee7\",\"item\":\"https:\/\/huongque.com.vn\/en\/\"},{\"@type\":\"ListItem\",\"position\":2,\"name\":\"Shop\",\"item\":\"https:\/\/huongque.com.vn\/shop\/\"},{\"@type\":\"ListItem\",\"position\":3,\"name\":\"ECI-13\"}]},{\"@type\":\"WebSite\",\"@id\":\"https:\/\/huongque.com.vn\/en\/#website\",\"url\":\"https:\/\/huongque.com.vn\/en\/\",\"name\":\"H\u01b0\u01a1ng Qu\u1ebf\",\"description\":\"l\u00f3t gi\u00e0y qu\u1ebf, l\u00f3t gi\u00e0y h\u01b0\u01a1ng qu\u1ebf, d\u00e9p chi\u1ebfu, d\u00e9p tre, d\u00e9p c\u00f3i, b\u1ed9t qu\u1ebf, n\u1ecbt cao c\u1ea5p h\u01b0\u01a1ng qu\u1ebf, t\u00fai th\u01a1m h\u01b0\u01a1ng qu\u1ebf, th\u1ea3m cao c\u1ea5p h\u01b0\u01a1ng qu\u1ebf\",\"publisher\":{\"@id\":\"https:\/\/huongque.com.vn\/en\/#organization\"},\"potentialAction\":[{\"@type\":\"SearchAction\",\"target\":{\"@type\":\"EntryPoint\",\"urlTemplate\":\"https:\/\/huongque.com.vn\/en\/?s={search_term_string}\"},\"query-input\":{\"@type\":\"PropertyValueSpecification\",\"valueRequired\":true,\"valueName\":\"search_term_string\"}}],\"inLanguage\":\"en-US\"},{\"@type\":\"Organization\",\"@id\":\"https:\/\/huongque.com.vn\/en\/#organization\",\"name\":\"C\u00f4ng ty TNHH SX CB KD XNK H\u01b0\u01a1ng Qu\u1ebf\",\"url\":\"https:\/\/huongque.com.vn\/en\/\",\"logo\":{\"@type\":\"ImageObject\",\"inLanguage\":\"en-US\",\"@id\":\"https:\/\/huongque.com.vn\/en\/#\/schema\/logo\/image\/\",\"url\":\"https:\/\/huongque.com.vn\/wp-content\/uploads\/2019\/03\/logosf.png\",\"contentUrl\":\"https:\/\/huongque.com.vn\/wp-content\/uploads\/2019\/03\/logosf.png\",\"width\":501,\"height\":160,\"caption\":\"C\u00f4ng ty TNHH SX CB KD XNK H\u01b0\u01a1ng Qu\u1ebf\"},\"image\":{\"@id\":\"https:\/\/huongque.com.vn\/en\/#\/schema\/logo\/image\/\"},\"sameAs\":[\"https:\/\/www.facebook.com\/HuongQueDanang\"]}]}<\/script>\n<meta property=\"og:availability\" content=\"instock\" \/>\n<meta property=\"product:availability\" content=\"instock\" \/>\n<meta property=\"product:retailer_item_id\" content=\"ECI-13\" \/>\n<meta property=\"product:condition\" content=\"new\" \/>\n<!-- \/ Yoast SEO Premium plugin. -->","yoast_head_json":{"title":"ECI-13 - H\u01b0\u01a1ng Qu\u1ebf","robots":{"index":"index","follow":"follow","max-snippet":"max-snippet:-1","max-image-preview":"max-image-preview:large","max-video-preview":"max-video-preview:-1"},"canonical":"https:\/\/huongque.com.vn\/en\/eci-13\/","og_locale":"en_US","og_type":"article","og_title":"ECI-13","og_description":"Massage the feet, keeping them dry, warm and fragrant. Preventing flu, colds, and rheumatism. Alternating, warming acupuncture points of the feet.","og_url":"https:\/\/huongque.com.vn\/en\/eci-13\/","og_site_name":"H\u01b0\u01a1ng Qu\u1ebf","article_publisher":"https:\/\/www.facebook.com\/HuongQueDanang","article_modified_time":"2020-12-11T04:07:35+00:00","og_image":[{"width":600,"height":600,"url":"https:\/\/huongque.com.vn\/wp-content\/uploads\/2019\/08\/lot-giay-que-9.jpeg","type":"image\/jpeg"}],"twitter_card":"summary_large_image","twitter_misc":{"Availability":"In stock"},"schema":{"@context":"https:\/\/schema.org","@graph":[{"@type":"WebPage","@id":"https:\/\/huongque.com.vn\/en\/eci-13\/","url":"https:\/\/huongque.com.vn\/en\/eci-13\/","name":"ECI-13 - H\u01b0\u01a1ng Qu\u1ebf","isPartOf":{"@id":"https:\/\/huongque.com.vn\/en\/#website"},"primaryImageOfPage":{"@id":"https:\/\/huongque.com.vn\/en\/eci-13\/#primaryimage"},"image":{"@id":"https:\/\/huongque.com.vn\/en\/eci-13\/#primaryimage"},"thumbnailUrl":"https:\/\/huongque.com.vn\/wp-content\/uploads\/2019\/08\/lot-giay-vai-cotton-vien-den-13-26-kc.jpeg","datePublished":"2019-08-10T01:30:30+00:00","dateModified":"2020-12-11T04:07:35+00:00","breadcrumb":{"@id":"https:\/\/huongque.com.vn\/en\/eci-13\/#breadcrumb"},"inLanguage":"en-US","potentialAction":[{"@type":"ReadAction","target":["https:\/\/huongque.com.vn\/en\/eci-13\/"]}]},{"@type":"ImageObject","inLanguage":"en-US","@id":"https:\/\/huongque.com.vn\/en\/eci-13\/#primaryimage","url":"https:\/\/huongque.com.vn\/wp-content\/uploads\/2019\/08\/lot-giay-vai-cotton-vien-den-13-26-kc.jpeg","contentUrl":"https:\/\/huongque.com.vn\/wp-content\/uploads\/2019\/08\/lot-giay-vai-cotton-vien-den-13-26-kc.jpeg","width":1000,"height":1000,"caption":"lot-giay-vai-cotton-vien-den-13-26-kc"},{"@type":"BreadcrumbList","@id":"https:\/\/huongque.com.vn\/en\/eci-13\/#breadcrumb","itemListElement":[{"@type":"ListItem","position":1,"name":"Trang ch\u1ee7","item":"https:\/\/huongque.com.vn\/en\/"},{"@type":"ListItem","position":2,"name":"Shop","item":"https:\/\/huongque.com.vn\/shop\/"},{"@type":"ListItem","position":3,"name":"ECI-13"}]},{"@type":"WebSite","@id":"https:\/\/huongque.com.vn\/en\/#website","url":"https:\/\/huongque.com.vn\/en\/","name":"H\u01b0\u01a1ng Qu\u1ebf","description":"l\u00f3t gi\u00e0y qu\u1ebf, l\u00f3t gi\u00e0y h\u01b0\u01a1ng qu\u1ebf, d\u00e9p chi\u1ebfu, d\u00e9p tre, d\u00e9p c\u00f3i, b\u1ed9t qu\u1ebf, n\u1ecbt cao c\u1ea5p h\u01b0\u01a1ng qu\u1ebf, t\u00fai th\u01a1m h\u01b0\u01a1ng qu\u1ebf, th\u1ea3m cao c\u1ea5p h\u01b0\u01a1ng qu\u1ebf","publisher":{"@id":"https:\/\/huongque.com.vn\/en\/#organization"},"potentialAction":[{"@type":"SearchAction","target":{"@type":"EntryPoint","urlTemplate":"https:\/\/huongque.com.vn\/en\/?s={search_term_string}"},"query-input":{"@type":"PropertyValueSpecification","valueRequired":true,"valueName":"search_term_string"}}],"inLanguage":"en-US"},{"@type":"Organization","@id":"https:\/\/huongque.com.vn\/en\/#organization","name":"C\u00f4ng ty TNHH SX CB KD XNK H\u01b0\u01a1ng Qu\u1ebf","url":"https:\/\/huongque.com.vn\/en\/","logo":{"@type":"ImageObject","inLanguage":"en-US","@id":"https:\/\/huongque.com.vn\/en\/#\/schema\/logo\/image\/","url":"https:\/\/huongque.com.vn\/wp-content\/uploads\/2019\/03\/logosf.png","contentUrl":"https:\/\/huongque.com.vn\/wp-content\/uploads\/2019\/03\/logosf.png","width":501,"height":160,"caption":"C\u00f4ng ty TNHH SX CB KD XNK H\u01b0\u01a1ng Qu\u1ebf"},"image":{"@id":"https:\/\/huongque.com.vn\/en\/#\/schema\/logo\/image\/"},"sameAs":["https:\/\/www.facebook.com\/HuongQueDanang"]}]},"og_availability":"instock","product_availability":"instock","product_retailer_item_id":"ECI-13","product_condition":"new"},"_links":{"self":[{"href":"https:\/\/huongque.com.vn\/en\/wp-json\/wp\/v2\/product\/6922","targetHints":{"allow":["GET"]}}],"collection":[{"href":"https:\/\/huongque.com.vn\/en\/wp-json\/wp\/v2\/product"}],"about":[{"href":"https:\/\/huongque.com.vn\/en\/wp-json\/wp\/v2\/types\/product"}],"replies":[{"embeddable":true,"href":"https:\/\/huongque.com.vn\/en\/wp-json\/wp\/v2\/comments?post=6922"}],"version-history":[{"count":0,"href":"https:\/\/huongque.com.vn\/en\/wp-json\/wp\/v2\/product\/6922\/revisions"}],"wp:featuredmedia":[{"embeddable":true,"href":"https:\/\/huongque.com.vn\/en\/wp-json\/wp\/v2\/media\/32340"}],"wp:attachment":[{"href":"https:\/\/huongque.com.vn\/en\/wp-json\/wp\/v2\/media?parent=6922"}],"wp:term":[{"taxonomy":"product_brand","embeddable":true,"href":"https:\/\/huongque.com.vn\/en\/wp-json\/wp\/v2\/product_brand?post=6922"},{"taxonomy":"product_cat","embeddable":true,"href":"https:\/\/huongque.com.vn\/en\/wp-json\/wp\/v2\/product_cat?post=6922"},{"taxonomy":"product_tag","embeddable":true,"href":"https:\/\/huongque.com.vn\/en\/wp-json\/wp\/v2\/product_tag?post=6922"}],"curies":[{"name":"wp","href":"https:\/\/api.w.org\/{rel}","templated":true}]}}